{"id":126477,"date":"2026-05-06T20:27:01","date_gmt":"2026-05-06T23:27:01","guid":{"rendered":"https:\/\/www.hediyepazar.com\/?product=kamp-ve-festival-icin-sisirilebilir-yatak-cift-kisilik-saglam-yapi"},"modified":"2026-05-06T20:27:01","modified_gmt":"2026-05-06T23:27:01","slug":"kamp-ve-festival-icin-sisirilebilir-yatak-cift-kisilik-saglam-yapi","status":"publish","type":"product","link":"https:\/\/www.hediyepazar.com\/?product=kamp-ve-festival-icin-sisirilebilir-yatak-cift-kisilik-saglam-yapi","title":{"rendered":"Kamp ve Festival \u0130\u00e7in \u015ei\u015firilebilir Yatak \u00c7ift Ki\u015filik Sa\u011flam Yap\u0131"},"content":{"rendered":"<p>Bu \u015fi\u015firilebilir \u00e7ift ki\u015filik yatak, a\u00e7\u0131k hava aktivitelerinde ve ev i\u00e7i ge\u00e7ici uyku \u00e7\u00f6z\u00fcmlerinde konforu \u00f6n planda tutan kullan\u0131c\u0131lar i\u00e7in tasarlanm\u0131\u015ft\u0131r. Dayan\u0131kl\u0131 vinil malzeme, uzun s\u00fcreli kullan\u0131m i\u00e7in sa\u011flaml\u0131k sunarken, zeminle temas etti\u011finde formunu koruyarak dengeli bir yat\u0131\u015f sa\u011flar.Flokeli \u00fcst y\u00fczeyi, yumu\u015fak dokusu sayesinde cilt dostudur ve uyku s\u0131ras\u0131nda rahatl\u0131k sa\u011flar. \u0130\u00e7 yap\u0131s\u0131ndaki sarmal kiri\u015f sistemi, yata\u011f\u0131n \u00e7\u00f6kmesini engelleyerek v\u00fccut a\u011f\u0131rl\u0131\u011f\u0131n\u0131 e\u015fit \u015fekilde da\u011f\u0131t\u0131r. Bu sayede iki ki\u015fi ayn\u0131 anda yatarken bile stabil bir kullan\u0131m sunar.Vidal\u0131 vana sistemi, yata\u011f\u0131n h\u0131zl\u0131 bir \u015fekilde \u015fi\u015firilip bo\u015falt\u0131lmas\u0131na olanak tan\u0131r. Kamp alanlar\u0131nda, festivallerde veya evde misafir a\u011f\u0131rlarken k\u0131sa s\u00fcrede haz\u0131r hale getirilebilir. Kullan\u0131m sonras\u0131nda kolayca s\u00f6nd\u00fcr\u00fclerek saklanabilir.\u00c7ok y\u00f6nl\u00fc kullan\u0131m\u0131 sayesinde hem d\u0131\u015f mek\u00e2n hem de i\u00e7 mek\u00e2n ihtiya\u00e7lar\u0131n\u0131 kar\u015f\u0131layan bu \u015fi\u015fme yatak, ta\u015f\u0131nabilir yap\u0131s\u0131 ve konforlu y\u00fczeyi ile pratik bir uyku \u00e7\u00f6z\u00fcm\u00fc sunar.<\/p>\n","protected":false},"excerpt":{"rendered":"<p>Bu \u015fi\u015firilebilir \u00e7ift ki\u015filik yatak, a\u00e7\u0131k hava aktivitelerinde ve ev i\u00e7i ge\u00e7ici uyku \u00e7\u00f6z\u00fcmlerinde konforu \u00f6n planda tutan kullan\u0131c\u0131lar i\u00e7in tasarlanm\u0131\u015ft\u0131r. Dayan\u0131kl\u0131 vinil malzeme, uzun s\u00fcreli kullan\u0131m i\u00e7in sa\u011flaml\u0131k sunarken, zeminle temas etti\u011finde formunu koruyarak dengeli bir yat\u0131\u015f sa\u011flar.Flokeli \u00fcst y\u00fczeyi, yumu\u015fak dokusu sayesinde cilt dostudur ve uyku s\u0131ras\u0131nda rahatl\u0131k sa\u011flar. \u0130\u00e7 yap\u0131s\u0131ndaki sarmal kiri\u015f&#8230;<\/p>\n","protected":false},"featured_media":126476,"comment_status":"open","ping_status":"closed","template":"","meta":{"_kad_post_transparent":"","_kad_post_title":"","_kad_post_layout":"","_kad_post_sidebar_id":"","_kad_post_content_style":"","_kad_post_vertical_padding":"","_kad_post_feature":"","_kad_post_feature_position":"","_kad_post_header":false,"_kad_post_footer":false,"_kad_post_classname":""},"product_brand":[],"product_cat":[15076],"product_tag":[],"class_list":{"0":"post-126477","1":"product","2":"type-product","3":"status-publish","4":"has-post-thumbnail","6":"product_cat-kamp-seti-kamp-seti","8":"first","9":"instock","10":"purchasable","11":"product-type-simple","12":"entry","13":"content-bg","14":"loop-entry"},"_links":{"self":[{"href":"https:\/\/www.hediyepazar.com\/index.php?rest_route=\/wp\/v2\/product\/126477","targetHints":{"allow":["GET"]}}],"collection":[{"href":"https:\/\/www.hediyepazar.com\/index.php?rest_route=\/wp\/v2\/product"}],"about":[{"href":"https:\/\/www.hediyepazar.com\/index.php?rest_route=\/wp\/v2\/types\/product"}],"replies":[{"embeddable":true,"href":"https:\/\/www.hediyepazar.com\/index.php?rest_route=%2Fwp%2Fv2%2Fcomments&post=126477"}],"wp:featuredmedia":[{"embeddable":true,"href":"https:\/\/www.hediyepazar.com\/index.php?rest_route=\/wp\/v2\/media\/126476"}],"wp:attachment":[{"href":"https:\/\/www.hediyepazar.com\/index.php?rest_route=%2Fwp%2Fv2%2Fmedia&parent=126477"}],"wp:term":[{"taxonomy":"product_brand","embeddable":true,"href":"https:\/\/www.hediyepazar.com\/index.php?rest_route=%2Fwp%2Fv2%2Fproduct_brand&post=126477"},{"taxonomy":"product_cat","embeddable":true,"href":"https:\/\/www.hediyepazar.com\/index.php?rest_route=%2Fwp%2Fv2%2Fproduct_cat&post=126477"},{"taxonomy":"product_tag","embeddable":true,"href":"https:\/\/www.hediyepazar.com\/index.php?rest_route=%2Fwp%2Fv2%2Fproduct_tag&post=126477"}],"curies":[{"name":"wp","href":"https:\/\/api.w.org\/{rel}","templated":true}]}}