{"id":126489,"date":"2026-05-06T20:28:06","date_gmt":"2026-05-06T23:28:06","guid":{"rendered":"https:\/\/www.hediyepazar.com\/?product=logitech-980-000912-kablosuz-akis-icin-bluetooth-audio-ses-alicisi1923"},"modified":"2026-05-06T20:28:06","modified_gmt":"2026-05-06T23:28:06","slug":"logitech-980-000912-kablosuz-akis-icin-bluetooth-audio-ses-alicisi1923","status":"publish","type":"product","link":"https:\/\/www.hediyepazar.com\/?product=logitech-980-000912-kablosuz-akis-icin-bluetooth-audio-ses-alicisi1923","title":{"rendered":"LOGITECH 980-000912 Kablosuz Ak\u0131\u015f i\u00e7in Bluetooth Audio Ses Al\u0131c\u0131s\u0131(1923)"},"content":{"rendered":"<p>Logitech Bluetooth Audio Adapt\u00f6r Genel \u00d6zellikleriBluetooth teknolojisiyle hoparl\u00f6rlerinize m\u00fczik aktar\u0131n\u00c7oklu ba\u011flant\u0131 \u00f6zelli\u011fine sahip Bluetooth\u00ae kablosuz teknolojisiyle ak\u0131ll\u0131\u00a0telefonunuzu ve\u00a0tablet\u00a0bilgisayar\u0131n\u0131z\u0131 ayn\u0131 anda e\u015fle\u015ftirin. Diledi\u011finiz cihazdan hoparl\u00f6rlerinize ses aktar\u0131n.\u00a0\u00a0Kolay e\u015fle\u015ftirmeE\u015fle\u015ftirme tu\u015funa tek bas\u0131\u015fla cihaz\u0131n\u0131 e\u015fle\u015ftirin. Sorunsuz deneyim i\u00e7in otomatik yeniden e\u015fle\u015ftirme..\u00a0\u00a0Sizin hoparl\u00f6rleriniz, sizin se\u00e7iminiz\u00c7al\u0131\u015f\u0131r durumdaki hoparl\u00f6rlerinizi RCA veya 3,5 mm giri\u015fleriyle ba\u011flay\u0131n.\u00a0Bilgisayar\u00a0hoparl\u00f6rlerinizi, ev sinema sisteminizi veya A\/V al\u0131c\u0131n\u0131z\u0131 kullanabilirsiniz..\u00a0\u00a0Bluetooth teknolojisiAk\u0131ll\u0131\u00a0telefon\u00a0veya\u00a0tabletinizdeki en sevdi\u011finiz m\u00fczikleri hoparl\u00f6rlerinize aktar\u0131n..\u00a0\u00a0Otomatik yeniden e\u015fle\u015ftirmeBa\u011flant\u0131 konusunda endi\u015felenerek vaktinizi bo\u015fa harcamay\u0131n. Otomatik yeniden e\u015fle\u015ftirmenin rahatl\u0131\u011f\u0131n\u0131n tad\u0131n\u0131 \u00e7\u0131kar\u0131n..\u00a0\u00a0\u00dcst\u00fcn kaliteli akustikSes kalitesinden \u00f6d\u00fcn vermeyin. Bluetooth\u00ae Audio Adapter, y\u00fcksek kaliteli akustik sa\u011flamak i\u00e7in Logitech laboratuvarlar\u0131nda \u00fcretilmi\u015ftir..\u00a0\u00a0Basit kurulumAk\u0131ll\u0131\u00a0telefonunuz ve\u00a0tabletiniz aras\u0131nda ba\u011flant\u0131 kurmak olduk\u00e7a kolayd\u0131r. E\u015fle\u015ftirme tu\u015funa bast\u0131\u011f\u0131n\u0131zda dinlemeye haz\u0131rs\u0131n\u0131z..\u00a0\u00a0\u00c7o\u011fu hoparl\u00f6rle \u00e7al\u0131\u015f\u0131rBluetooth\u00ae Audio Adapter cihaz\u0131n\u0131z, 3,5 mm ve RCA ba\u011flant\u0131s\u0131na sahip herhangi bir hoparl\u00f6re ba\u011flanabilir..\u00a0\u00a0Y\u00fcksek kablosuz ba\u011flant\u0131 kapsam\u0131M\u00fczi\u011finizi g\u00fcvenilir, 15 metre (50 fit) (g\u00f6r\u00fc\u015f hatt\u0131) uzakl\u0131\u011fa kadar sorunsuz ba\u011flant\u0131yla aktar\u0131n ve kontrol edin..\u00a0<\/p>\n","protected":false},"excerpt":{"rendered":"<p>Logitech Bluetooth Audio Adapt\u00f6r Genel \u00d6zellikleriBluetooth teknolojisiyle hoparl\u00f6rlerinize m\u00fczik aktar\u0131n\u00c7oklu ba\u011flant\u0131 \u00f6zelli\u011fine sahip Bluetooth\u00ae kablosuz teknolojisiyle ak\u0131ll\u0131\u00a0telefonunuzu ve\u00a0tablet\u00a0bilgisayar\u0131n\u0131z\u0131 ayn\u0131 anda e\u015fle\u015ftirin. Diledi\u011finiz cihazdan hoparl\u00f6rlerinize ses aktar\u0131n.\u00a0\u00a0Kolay e\u015fle\u015ftirmeE\u015fle\u015ftirme tu\u015funa tek bas\u0131\u015fla cihaz\u0131n\u0131 e\u015fle\u015ftirin. Sorunsuz deneyim i\u00e7in otomatik yeniden e\u015fle\u015ftirme..\u00a0\u00a0Sizin hoparl\u00f6rleriniz, sizin se\u00e7iminiz\u00c7al\u0131\u015f\u0131r durumdaki hoparl\u00f6rlerinizi RCA veya 3,5 mm giri\u015fleriyle ba\u011flay\u0131n.\u00a0Bilgisayar\u00a0hoparl\u00f6rlerinizi, ev sinema sisteminizi veya A\/V al\u0131c\u0131n\u0131z\u0131&#8230;<\/p>\n","protected":false},"featured_media":126488,"comment_status":"open","ping_status":"closed","template":"","meta":{"_kad_post_transparent":"","_kad_post_title":"","_kad_post_layout":"","_kad_post_sidebar_id":"","_kad_post_content_style":"","_kad_post_vertical_padding":"","_kad_post_feature":"","_kad_post_feature_position":"","_kad_post_header":false,"_kad_post_footer":false,"_kad_post_classname":""},"product_brand":[],"product_cat":[14655],"product_tag":[],"class_list":{"0":"post-126489","1":"product","2":"type-product","3":"status-publish","4":"has-post-thumbnail","6":"product_cat-hoparlor-bilgisayar-tablet-elektronik-hoparlor-bilgisayar-tablet-elektronik","8":"first","9":"instock","10":"purchasable","11":"product-type-simple","12":"entry","13":"content-bg","14":"loop-entry"},"_links":{"self":[{"href":"https:\/\/www.hediyepazar.com\/index.php?rest_route=\/wp\/v2\/product\/126489","targetHints":{"allow":["GET"]}}],"collection":[{"href":"https:\/\/www.hediyepazar.com\/index.php?rest_route=\/wp\/v2\/product"}],"about":[{"href":"https:\/\/www.hediyepazar.com\/index.php?rest_route=\/wp\/v2\/types\/product"}],"replies":[{"embeddable":true,"href":"https:\/\/www.hediyepazar.com\/index.php?rest_route=%2Fwp%2Fv2%2Fcomments&post=126489"}],"wp:featuredmedia":[{"embeddable":true,"href":"https:\/\/www.hediyepazar.com\/index.php?rest_route=\/wp\/v2\/media\/126488"}],"wp:attachment":[{"href":"https:\/\/www.hediyepazar.com\/index.php?rest_route=%2Fwp%2Fv2%2Fmedia&parent=126489"}],"wp:term":[{"taxonomy":"product_brand","embeddable":true,"href":"https:\/\/www.hediyepazar.com\/index.php?rest_route=%2Fwp%2Fv2%2Fproduct_brand&post=126489"},{"taxonomy":"product_cat","embeddable":true,"href":"https:\/\/www.hediyepazar.com\/index.php?rest_route=%2Fwp%2Fv2%2Fproduct_cat&post=126489"},{"taxonomy":"product_tag","embeddable":true,"href":"https:\/\/www.hediyepazar.com\/index.php?rest_route=%2Fwp%2Fv2%2Fproduct_tag&post=126489"}],"curies":[{"name":"wp","href":"https:\/\/api.w.org\/{rel}","templated":true}]}}