{"id":126499,"date":"2026-05-06T20:30:40","date_gmt":"2026-05-06T23:30:40","guid":{"rendered":"https:\/\/www.hediyepazar.com\/?product=logitech-910-004862-spotlight-wireless-presenter-sunum-cihazi-gold1923"},"modified":"2026-05-06T20:30:40","modified_gmt":"2026-05-06T23:30:40","slug":"logitech-910-004862-spotlight-wireless-presenter-sunum-cihazi-gold1923","status":"publish","type":"product","link":"https:\/\/www.hediyepazar.com\/?product=logitech-910-004862-spotlight-wireless-presenter-sunum-cihazi-gold1923","title":{"rendered":"LOGITECH 910-004862 Spotlight Wireless Presenter Sunum Cihaz\u0131 (Gold)(1923)"},"content":{"rendered":"<p>Logitech Spotlight Presenter Gold 910-004862Spotlight&#8217; la Tan\u0131\u015f\u0131nSunum denetiminde yepyeni bir standart. 30 metreye kadar slaytlar aras\u0131nda g\u00fcvenle ge\u00e7i\u015f yap\u0131n ve Vurgulamak, B\u00fcy\u00fctmek veya Dijital Lazerle odak noktalar\u0131n\u0131 g\u00f6stermek i\u00e7in geli\u015fmi\u015f i\u015faret\u00e7iyi kullan\u0131n.G\u00f6sterin\u00dc\u00e7 geli\u015fmi\u015f i\u015faretleme modundan birini se\u00e7in Vurgula, ekranda spot \u0131\u015f\u0131\u011f\u0131 efekti yarat\u0131r, B\u00fcy\u00fct, ayr\u0131nt\u0131lar\u0131 yak\u0131nla\u015ft\u0131r\u0131r ve Dijital Lazer bilgilerin yerini hassasiyetle g\u00f6sterir.Oynat\u0131nVideolar\u0131 oynat\u0131p duraklatmak, ba\u011flant\u0131lar\u0131 a\u00e7mak ve \u00e7e\u015fitli zengin i\u00e7erik etkile\u015fimlerinin keyfini \u00e7\u0131karmak i\u00e7in ekran imlecini kullan\u0131n. Spotlight&#8217;\u0131n hareket sens\u00f6r\u00fc,\u00a0mouse&#8217;unuza veya diz\u00fcst\u00fc\u00a0bilgisayar\u0131n\u0131za gitmek i\u00e7in ak\u0131\u015f\u0131n\u0131za ara verme ihtiyac\u0131n\u0131z\u0131 ortadan kald\u0131r\u0131r.G\u00fcveninBluetooth\u00ae&#8217;la an\u0131nda ba\u011flant\u0131 kurar. \u00c7o\u011fu platformda tak ve kullan \u00f6zelliklidir ve t\u00fcm pop\u00fcler sunum uygulamalar\u0131 ile uyumludur. Ayr\u0131ca, tamamen \u015farj edilebilir ve 30 m kablosuz kullanma alan\u0131na sahiptir.Zamanlay\u0131n\u0130lk slayttan sonuncuya kadar zaman\u0131n\u0131z\u0131 m\u00fckemmel bir \u015fekilde y\u00f6netin. Uygulama i\u00e7inde zamanlanm\u0131\u015f kilometre ta\u015flar\u0131 ayarlay\u0131n ve do\u011frudan elinize titre\u015fimli uyar\u0131lar al\u0131n.Logitech Spotlight Presenter Gold 910-004862 \u00d6zellikleriGenel \u00d6zelliklerPerde T\u00fcr\u00fcUzaktan KumandaCihaz Uyumlulu\u011fuUniversal (B\u00fct\u00fcn Projeksiyon Cihazlar\u0131na Uyumlu)Garanti24 Ay GarantiTasar\u0131m \u00d6zellikleriPerde Ebad\u013130 Metre Menzil<\/p>\n","protected":false},"excerpt":{"rendered":"<p>Logitech Spotlight Presenter Gold 910-004862Spotlight&#8217; la Tan\u0131\u015f\u0131nSunum denetiminde yepyeni bir standart. 30 metreye kadar slaytlar aras\u0131nda g\u00fcvenle ge\u00e7i\u015f yap\u0131n ve Vurgulamak, B\u00fcy\u00fctmek veya Dijital Lazerle odak noktalar\u0131n\u0131 g\u00f6stermek i\u00e7in geli\u015fmi\u015f i\u015faret\u00e7iyi kullan\u0131n.G\u00f6sterin\u00dc\u00e7 geli\u015fmi\u015f i\u015faretleme modundan birini se\u00e7in Vurgula, ekranda spot \u0131\u015f\u0131\u011f\u0131 efekti yarat\u0131r, B\u00fcy\u00fct, ayr\u0131nt\u0131lar\u0131 yak\u0131nla\u015ft\u0131r\u0131r ve Dijital Lazer bilgilerin yerini hassasiyetle g\u00f6sterir.Oynat\u0131nVideolar\u0131 oynat\u0131p duraklatmak,&#8230;<\/p>\n","protected":false},"featured_media":126498,"comment_status":"open","ping_status":"closed","template":"","meta":{"_kad_post_transparent":"","_kad_post_title":"","_kad_post_layout":"","_kad_post_sidebar_id":"","_kad_post_content_style":"","_kad_post_vertical_padding":"","_kad_post_feature":"","_kad_post_feature_position":"","_kad_post_header":false,"_kad_post_footer":false,"_kad_post_classname":""},"product_brand":[],"product_cat":[14905],"product_tag":[],"class_list":{"0":"post-126499","1":"product","2":"type-product","3":"status-publish","4":"has-post-thumbnail","6":"product_cat-projeksiyon-projeksiyon","8":"first","9":"instock","10":"purchasable","11":"product-type-simple","12":"entry","13":"content-bg","14":"loop-entry"},"_links":{"self":[{"href":"https:\/\/www.hediyepazar.com\/index.php?rest_route=\/wp\/v2\/product\/126499","targetHints":{"allow":["GET"]}}],"collection":[{"href":"https:\/\/www.hediyepazar.com\/index.php?rest_route=\/wp\/v2\/product"}],"about":[{"href":"https:\/\/www.hediyepazar.com\/index.php?rest_route=\/wp\/v2\/types\/product"}],"replies":[{"embeddable":true,"href":"https:\/\/www.hediyepazar.com\/index.php?rest_route=%2Fwp%2Fv2%2Fcomments&post=126499"}],"wp:featuredmedia":[{"embeddable":true,"href":"https:\/\/www.hediyepazar.com\/index.php?rest_route=\/wp\/v2\/media\/126498"}],"wp:attachment":[{"href":"https:\/\/www.hediyepazar.com\/index.php?rest_route=%2Fwp%2Fv2%2Fmedia&parent=126499"}],"wp:term":[{"taxonomy":"product_brand","embeddable":true,"href":"https:\/\/www.hediyepazar.com\/index.php?rest_route=%2Fwp%2Fv2%2Fproduct_brand&post=126499"},{"taxonomy":"product_cat","embeddable":true,"href":"https:\/\/www.hediyepazar.com\/index.php?rest_route=%2Fwp%2Fv2%2Fproduct_cat&post=126499"},{"taxonomy":"product_tag","embeddable":true,"href":"https:\/\/www.hediyepazar.com\/index.php?rest_route=%2Fwp%2Fv2%2Fproduct_tag&post=126499"}],"curies":[{"name":"wp","href":"https:\/\/api.w.org\/{rel}","templated":true}]}}