{"id":126509,"date":"2026-05-06T20:31:11","date_gmt":"2026-05-06T23:31:11","guid":{"rendered":"https:\/\/www.hediyepazar.com\/?product=modern-tasarimli-sarj-edilebilir-led-gece-lambasi"},"modified":"2026-05-06T20:31:11","modified_gmt":"2026-05-06T23:31:11","slug":"modern-tasarimli-sarj-edilebilir-led-gece-lambasi","status":"publish","type":"product","link":"https:\/\/www.hediyepazar.com\/?product=modern-tasarimli-sarj-edilebilir-led-gece-lambasi","title":{"rendered":"Modern Tasar\u0131ml\u0131 \u015earj Edilebilir LED Gece Lambas\u0131"},"content":{"rendered":"<p>Bu kablosuz LED masa lambas\u0131, \u015farj edilebilir yap\u0131s\u0131 sayesinde g\u00fcnl\u00fck hayatta b\u00fcy\u00fck kolayl\u0131k sa\u011flar. Priz ba\u011f\u0131ml\u0131l\u0131\u011f\u0131 olmadan \u00e7al\u0131\u015fmas\u0131, \u00fcr\u00fcn\u00fc her ortamda kullan\u0131ma uygun hale getirir. Ta\u015f\u0131nabilir yap\u0131s\u0131 ile farkl\u0131 alanlarda rahatl\u0131kla konumland\u0131r\u0131labilir.8 LED \u0131\u015f\u0131\u011f\u0131, geni\u015f alan\u0131 ayd\u0131nlat\u0131rken yumu\u015fak \u0131\u015f\u0131k sunar. Gece lambas\u0131 olarak kullan\u0131ld\u0131\u011f\u0131nda g\u00f6z yormayan bir ayd\u0131nlatma sa\u011flar. Enerji tasarruflu LED teknolojisi, uzun s\u00fcreli kullan\u0131mda d\u00fc\u015f\u00fck enerji t\u00fcketimi sunar.Esnek boyun tasar\u0131m\u0131, \u0131\u015f\u0131\u011f\u0131n y\u00f6n\u00fcn\u00fc ihtiyaca g\u00f6re ayarlamay\u0131 m\u00fcmk\u00fcn k\u0131lar. Modern ve sade g\u00f6r\u00fcn\u00fcm\u00fc sayesinde her dekorasyona uyum sa\u011flar. Dekoratif ve fonksiyonel yap\u0131s\u0131 ile \u00f6ne \u00e7\u0131kar.Ev, ofis veya \u00e7ocuk odas\u0131 gibi farkl\u0131 alanlarda g\u00fcvenle kullan\u0131labilir. \u015e\u0131k tasar\u0131m\u0131 ve pratik kullan\u0131m\u0131 ile ideal bir ayd\u0131nlatma \u00e7\u00f6z\u00fcm\u00fcd\u00fcr.<\/p>\n","protected":false},"excerpt":{"rendered":"<p>Bu kablosuz LED masa lambas\u0131, \u015farj edilebilir yap\u0131s\u0131 sayesinde g\u00fcnl\u00fck hayatta b\u00fcy\u00fck kolayl\u0131k sa\u011flar. Priz ba\u011f\u0131ml\u0131l\u0131\u011f\u0131 olmadan \u00e7al\u0131\u015fmas\u0131, \u00fcr\u00fcn\u00fc her ortamda kullan\u0131ma uygun hale getirir. Ta\u015f\u0131nabilir yap\u0131s\u0131 ile farkl\u0131 alanlarda rahatl\u0131kla konumland\u0131r\u0131labilir.8 LED \u0131\u015f\u0131\u011f\u0131, geni\u015f alan\u0131 ayd\u0131nlat\u0131rken yumu\u015fak \u0131\u015f\u0131k sunar. Gece lambas\u0131 olarak kullan\u0131ld\u0131\u011f\u0131nda g\u00f6z yormayan bir ayd\u0131nlatma sa\u011flar. Enerji tasarruflu LED teknolojisi, uzun s\u00fcreli&#8230;<\/p>\n","protected":false},"featured_media":126508,"comment_status":"open","ping_status":"closed","template":"","meta":{"_kad_post_transparent":"","_kad_post_title":"","_kad_post_layout":"","_kad_post_sidebar_id":"","_kad_post_content_style":"","_kad_post_vertical_padding":"","_kad_post_feature":"","_kad_post_feature_position":"","_kad_post_header":false,"_kad_post_footer":false,"_kad_post_classname":""},"product_brand":[],"product_cat":[14967],"product_tag":[],"class_list":{"0":"post-126509","1":"product","2":"type-product","3":"status-publish","4":"has-post-thumbnail","6":"product_cat-gece-lambasi-gece-lambasi","8":"first","9":"instock","10":"purchasable","11":"product-type-simple","12":"entry","13":"content-bg","14":"loop-entry"},"_links":{"self":[{"href":"https:\/\/www.hediyepazar.com\/index.php?rest_route=\/wp\/v2\/product\/126509","targetHints":{"allow":["GET"]}}],"collection":[{"href":"https:\/\/www.hediyepazar.com\/index.php?rest_route=\/wp\/v2\/product"}],"about":[{"href":"https:\/\/www.hediyepazar.com\/index.php?rest_route=\/wp\/v2\/types\/product"}],"replies":[{"embeddable":true,"href":"https:\/\/www.hediyepazar.com\/index.php?rest_route=%2Fwp%2Fv2%2Fcomments&post=126509"}],"wp:featuredmedia":[{"embeddable":true,"href":"https:\/\/www.hediyepazar.com\/index.php?rest_route=\/wp\/v2\/media\/126508"}],"wp:attachment":[{"href":"https:\/\/www.hediyepazar.com\/index.php?rest_route=%2Fwp%2Fv2%2Fmedia&parent=126509"}],"wp:term":[{"taxonomy":"product_brand","embeddable":true,"href":"https:\/\/www.hediyepazar.com\/index.php?rest_route=%2Fwp%2Fv2%2Fproduct_brand&post=126509"},{"taxonomy":"product_cat","embeddable":true,"href":"https:\/\/www.hediyepazar.com\/index.php?rest_route=%2Fwp%2Fv2%2Fproduct_cat&post=126509"},{"taxonomy":"product_tag","embeddable":true,"href":"https:\/\/www.hediyepazar.com\/index.php?rest_route=%2Fwp%2Fv2%2Fproduct_tag&post=126509"}],"curies":[{"name":"wp","href":"https:\/\/api.w.org\/{rel}","templated":true}]}}