{"id":126511,"date":"2026-05-06T20:31:17","date_gmt":"2026-05-06T23:31:17","guid":{"rendered":"https:\/\/www.hediyepazar.com\/?product=esnek-govdeli-led-masa-lambasi-tasinabilir-gece-aydinlatmasi"},"modified":"2026-05-06T20:31:17","modified_gmt":"2026-05-06T23:31:17","slug":"esnek-govdeli-led-masa-lambasi-tasinabilir-gece-aydinlatmasi","status":"publish","type":"product","link":"https:\/\/www.hediyepazar.com\/?product=esnek-govdeli-led-masa-lambasi-tasinabilir-gece-aydinlatmasi","title":{"rendered":"Esnek G\u00f6vdeli LED Masa Lambas\u0131 Ta\u015f\u0131nabilir Gece Ayd\u0131nlatmas\u0131"},"content":{"rendered":"<p>\u015earjl\u0131 LED masa lambas\u0131, kablosuz kullan\u0131m\u0131 sayesinde \u00f6zg\u00fcr ve pratik bir ayd\u0131nlatma deneyimi sunar. Elektrik prizine ihtiya\u00e7 duymadan \u00e7al\u0131\u015fmas\u0131, \u00fcr\u00fcn\u00fc evin her alan\u0131nda rahatl\u0131kla kullan\u0131labilir hale getirir. Masa, komodin veya sehpa \u00fczerinde \u015f\u0131k bir g\u00f6r\u00fcn\u00fcm sunar.8 LED \u0131\u015f\u0131k kayna\u011f\u0131, yeterli parlakl\u0131k sa\u011flarken yumu\u015fak ve dengeli bir \u0131\u015f\u0131k yayar. Gece lambas\u0131 olarak kullan\u0131ld\u0131\u011f\u0131nda huzurlu bir ortam olu\u015fturur. LED teknolojisi sayesinde uzun \u00f6m\u00fcrl\u00fc ve enerji tasarrufludur.Esnek ve ayarlanabilir g\u00f6vdesi sayesinde \u0131\u015f\u0131k y\u00f6n\u00fc kolayca de\u011fi\u015ftirilebilir. Modern ve minimal tasar\u0131m\u0131, dekoratif bir dokunu\u015f sa\u011flar. Hafif ve ta\u015f\u0131nabilir yap\u0131s\u0131 sayesinde seyahatlerde de rahatl\u0131kla kullan\u0131labilir.Dayan\u0131kl\u0131 malzeme yap\u0131s\u0131, uzun s\u00fcreli kullan\u0131m i\u00e7in uygundur. Hem i\u015flevsel hem estetik bir ayd\u0131nlatma \u00fcr\u00fcn\u00fc arayanlar i\u00e7in ideal bir tercihtir.<\/p>\n","protected":false},"excerpt":{"rendered":"<p>\u015earjl\u0131 LED masa lambas\u0131, kablosuz kullan\u0131m\u0131 sayesinde \u00f6zg\u00fcr ve pratik bir ayd\u0131nlatma deneyimi sunar. Elektrik prizine ihtiya\u00e7 duymadan \u00e7al\u0131\u015fmas\u0131, \u00fcr\u00fcn\u00fc evin her alan\u0131nda rahatl\u0131kla kullan\u0131labilir hale getirir. Masa, komodin veya sehpa \u00fczerinde \u015f\u0131k bir g\u00f6r\u00fcn\u00fcm sunar.8 LED \u0131\u015f\u0131k kayna\u011f\u0131, yeterli parlakl\u0131k sa\u011flarken yumu\u015fak ve dengeli bir \u0131\u015f\u0131k yayar. Gece lambas\u0131 olarak kullan\u0131ld\u0131\u011f\u0131nda huzurlu bir ortam&#8230;<\/p>\n","protected":false},"featured_media":126510,"comment_status":"open","ping_status":"closed","template":"","meta":{"_kad_post_transparent":"","_kad_post_title":"","_kad_post_layout":"","_kad_post_sidebar_id":"","_kad_post_content_style":"","_kad_post_vertical_padding":"","_kad_post_feature":"","_kad_post_feature_position":"","_kad_post_header":false,"_kad_post_footer":false,"_kad_post_classname":""},"product_brand":[],"product_cat":[14967],"product_tag":[],"class_list":{"0":"post-126511","1":"product","2":"type-product","3":"status-publish","4":"has-post-thumbnail","6":"product_cat-gece-lambasi-gece-lambasi","8":"first","9":"instock","10":"purchasable","11":"product-type-simple","12":"entry","13":"content-bg","14":"loop-entry"},"_links":{"self":[{"href":"https:\/\/www.hediyepazar.com\/index.php?rest_route=\/wp\/v2\/product\/126511","targetHints":{"allow":["GET"]}}],"collection":[{"href":"https:\/\/www.hediyepazar.com\/index.php?rest_route=\/wp\/v2\/product"}],"about":[{"href":"https:\/\/www.hediyepazar.com\/index.php?rest_route=\/wp\/v2\/types\/product"}],"replies":[{"embeddable":true,"href":"https:\/\/www.hediyepazar.com\/index.php?rest_route=%2Fwp%2Fv2%2Fcomments&post=126511"}],"wp:featuredmedia":[{"embeddable":true,"href":"https:\/\/www.hediyepazar.com\/index.php?rest_route=\/wp\/v2\/media\/126510"}],"wp:attachment":[{"href":"https:\/\/www.hediyepazar.com\/index.php?rest_route=%2Fwp%2Fv2%2Fmedia&parent=126511"}],"wp:term":[{"taxonomy":"product_brand","embeddable":true,"href":"https:\/\/www.hediyepazar.com\/index.php?rest_route=%2Fwp%2Fv2%2Fproduct_brand&post=126511"},{"taxonomy":"product_cat","embeddable":true,"href":"https:\/\/www.hediyepazar.com\/index.php?rest_route=%2Fwp%2Fv2%2Fproduct_cat&post=126511"},{"taxonomy":"product_tag","embeddable":true,"href":"https:\/\/www.hediyepazar.com\/index.php?rest_route=%2Fwp%2Fv2%2Fproduct_tag&post=126511"}],"curies":[{"name":"wp","href":"https:\/\/api.w.org\/{rel}","templated":true}]}}