{"id":126529,"date":"2026-05-06T20:33:14","date_gmt":"2026-05-06T23:33:14","guid":{"rendered":"https:\/\/www.hediyepazar.com\/?product=tasinabilir-oyun-cihazi-coklu-oyun-formati-ve-guclu-donanim"},"modified":"2026-05-06T20:33:14","modified_gmt":"2026-05-06T23:33:14","slug":"tasinabilir-oyun-cihazi-coklu-oyun-formati-ve-guclu-donanim","status":"publish","type":"product","link":"https:\/\/www.hediyepazar.com\/?product=tasinabilir-oyun-cihazi-coklu-oyun-formati-ve-guclu-donanim","title":{"rendered":"Ta\u015f\u0131nabilir Oyun Cihaz\u0131 \u00c7oklu Oyun Format\u0131 ve G\u00fc\u00e7l\u00fc Donan\u0131m"},"content":{"rendered":"<p>Ta\u015f\u0131nabilir klasik oyun konsolu, ge\u00e7mi\u015fin unutulmaz oyunlar\u0131n\u0131 g\u00fcn\u00fcm\u00fcz \u015fartlar\u0131na uygun bir \u015fekilde sunan fonksiyonel ve g\u00fc\u00e7l\u00fc bir oyun cihaz\u0131d\u0131r. Kompakt tasar\u0131m\u0131 sayesinde her ortamda rahatl\u0131kla kullan\u0131labilir. 3.5 in\u00e7 HD ekran\u0131, oyunlar\u0131 net ve canl\u0131 renklerle g\u00f6r\u00fcnt\u00fclemenizi sa\u011flar. 640&#215;480 \u00e7\u00f6z\u00fcn\u00fcrl\u00fck, klasik oyun grafiklerine sad\u0131k bir deneyim sunar.Cihaz\u0131n 64 bit d\u00f6rt \u00e7ekirdekli i\u015flemcisi, y\u00fcksek performans ve stabilite sa\u011flar. \u00c7oklu em\u00fclat\u00f6r deste\u011fi sayesinde farkl\u0131 oyun platformlar\u0131na ait oyunlar\u0131 tek bir cihaz \u00fczerinden oynama imk\u00e2n\u0131 sunar. Bu \u00f6zellik, retro oyun tutkunlar\u0131 i\u00e7in b\u00fcy\u00fck bir kolayl\u0131k sa\u011flar. Oyun ge\u00e7i\u015fleri h\u0131zl\u0131d\u0131r ve donma gibi sorunlar ya\u015fanmaz.\u00c7ift TF kart yuvas\u0131, depolama alan\u0131n\u0131 diledi\u011finiz gibi y\u00f6netmenize olanak tan\u0131r. Sistem kart\u0131 ve oyun kart\u0131n\u0131n ayr\u0131 olmas\u0131, kullan\u0131m s\u0131ras\u0131nda d\u00fczenli ve pratik bir yap\u0131 olu\u015fturur. Y\u00fcksek kapasiteli haf\u0131za kartlar\u0131n\u0131 desteklemesi sayesinde geni\u015f oyun ar\u015fivleri rahatl\u0131kla ta\u015f\u0131nabilir.Type-C \u015farj giri\u015fi ile modern cihazlarla uyumlu bir kullan\u0131m sunar. 5V 2A h\u0131zl\u0131 \u015farj \u00f6zelli\u011fi sayesinde k\u0131sa s\u00fcrede dolarak uzun s\u00fcreli oyun keyfi sa\u011flar. Ergonomik tasar\u0131m\u0131, elde rahat tutu\u015f sa\u011flar ve uzun s\u00fcreli kullan\u0131mlarda konfor sunar. Tetik tu\u015flar\u0131, oyunlarda daha hassas kontrol imk\u00e2n\u0131 tan\u0131r.Bu retro oyun konsolu; nostalji ya\u015famak, bo\u015f zamanlar\u0131n\u0131 keyifli de\u011ferlendirmek ve klasik oyunlar\u0131 her an yan\u0131nda ta\u015f\u0131mak isteyenler i\u00e7in ideal bir \u00fcr\u00fcnd\u00fcr. Dayan\u0131kl\u0131 yap\u0131s\u0131 ve g\u00fc\u00e7l\u00fc donan\u0131m\u0131 ile uzun s\u00fcreli kullan\u0131m sunar.<\/p>\n","protected":false},"excerpt":{"rendered":"<p>Ta\u015f\u0131nabilir klasik oyun konsolu, ge\u00e7mi\u015fin unutulmaz oyunlar\u0131n\u0131 g\u00fcn\u00fcm\u00fcz \u015fartlar\u0131na uygun bir \u015fekilde sunan fonksiyonel ve g\u00fc\u00e7l\u00fc bir oyun cihaz\u0131d\u0131r. Kompakt tasar\u0131m\u0131 sayesinde her ortamda rahatl\u0131kla kullan\u0131labilir. 3.5 in\u00e7 HD ekran\u0131, oyunlar\u0131 net ve canl\u0131 renklerle g\u00f6r\u00fcnt\u00fclemenizi sa\u011flar. 640&#215;480 \u00e7\u00f6z\u00fcn\u00fcrl\u00fck, klasik oyun grafiklerine sad\u0131k bir deneyim sunar.Cihaz\u0131n 64 bit d\u00f6rt \u00e7ekirdekli i\u015flemcisi, y\u00fcksek performans ve stabilite&#8230;<\/p>\n","protected":false},"featured_media":126528,"comment_status":"open","ping_status":"closed","template":"","meta":{"_kad_post_transparent":"","_kad_post_title":"","_kad_post_layout":"","_kad_post_sidebar_id":"","_kad_post_content_style":"","_kad_post_vertical_padding":"","_kad_post_feature":"","_kad_post_feature_position":"","_kad_post_header":false,"_kad_post_footer":false,"_kad_post_classname":""},"product_brand":[],"product_cat":[14961],"product_tag":[],"class_list":{"0":"post-126529","1":"product","2":"type-product","3":"status-publish","4":"has-post-thumbnail","6":"product_cat-oyun-konsolu-oyun-konsolu","8":"first","9":"instock","10":"purchasable","11":"product-type-simple","12":"entry","13":"content-bg","14":"loop-entry"},"_links":{"self":[{"href":"https:\/\/www.hediyepazar.com\/index.php?rest_route=\/wp\/v2\/product\/126529","targetHints":{"allow":["GET"]}}],"collection":[{"href":"https:\/\/www.hediyepazar.com\/index.php?rest_route=\/wp\/v2\/product"}],"about":[{"href":"https:\/\/www.hediyepazar.com\/index.php?rest_route=\/wp\/v2\/types\/product"}],"replies":[{"embeddable":true,"href":"https:\/\/www.hediyepazar.com\/index.php?rest_route=%2Fwp%2Fv2%2Fcomments&post=126529"}],"wp:featuredmedia":[{"embeddable":true,"href":"https:\/\/www.hediyepazar.com\/index.php?rest_route=\/wp\/v2\/media\/126528"}],"wp:attachment":[{"href":"https:\/\/www.hediyepazar.com\/index.php?rest_route=%2Fwp%2Fv2%2Fmedia&parent=126529"}],"wp:term":[{"taxonomy":"product_brand","embeddable":true,"href":"https:\/\/www.hediyepazar.com\/index.php?rest_route=%2Fwp%2Fv2%2Fproduct_brand&post=126529"},{"taxonomy":"product_cat","embeddable":true,"href":"https:\/\/www.hediyepazar.com\/index.php?rest_route=%2Fwp%2Fv2%2Fproduct_cat&post=126529"},{"taxonomy":"product_tag","embeddable":true,"href":"https:\/\/www.hediyepazar.com\/index.php?rest_route=%2Fwp%2Fv2%2Fproduct_tag&post=126529"}],"curies":[{"name":"wp","href":"https:\/\/api.w.org\/{rel}","templated":true}]}}