{"id":126553,"date":"2026-05-06T20:36:56","date_gmt":"2026-05-06T23:36:56","guid":{"rendered":"https:\/\/www.hediyepazar.com\/?product=enerji-tasarruflu-bebek-izleme-kamerasi-gece-goruslu"},"modified":"2026-05-06T20:36:56","modified_gmt":"2026-05-06T23:36:56","slug":"enerji-tasarruflu-bebek-izleme-kamerasi-gece-goruslu","status":"publish","type":"product","link":"https:\/\/www.hediyepazar.com\/?product=enerji-tasarruflu-bebek-izleme-kamerasi-gece-goruslu","title":{"rendered":"Enerji Tasarruflu Bebek \u0130zleme Kameras\u0131 Gece G\u00f6r\u00fc\u015fl\u00fc"},"content":{"rendered":"<p>Bu bebek monit\u00f6r\u00fc, b\u00fcy\u00fck ekranl\u0131 yap\u0131s\u0131 sayesinde uzun s\u00fcreli izlemelerde g\u00f6z yorgunlu\u011funu azalt\u0131r. Canl\u0131 izleme \u00f6zelli\u011fi ile bebe\u011finizin hareketlerini anl\u0131k olarak g\u00f6rebilir, ortam dinleme fonksiyonu sayesinde \u00e7evresel sesleri takip edebilirsiniz. Gece g\u00f6r\u00fc\u015f \u00f6zelli\u011fi, \u0131\u015f\u0131k olmayan ortamlarda bile bebe\u011finizi net \u015fekilde izlemenizi sa\u011flar. Ev i\u00e7i kullan\u0131m i\u00e7in pratik bir \u00e7\u00f6z\u00fcmd\u00fcr.<\/p>\n","protected":false},"excerpt":{"rendered":"<p>Bu bebek monit\u00f6r\u00fc, b\u00fcy\u00fck ekranl\u0131 yap\u0131s\u0131 sayesinde uzun s\u00fcreli izlemelerde g\u00f6z yorgunlu\u011funu azalt\u0131r. Canl\u0131 izleme \u00f6zelli\u011fi ile bebe\u011finizin hareketlerini anl\u0131k olarak g\u00f6rebilir, ortam dinleme fonksiyonu sayesinde \u00e7evresel sesleri takip edebilirsiniz. Gece g\u00f6r\u00fc\u015f \u00f6zelli\u011fi, \u0131\u015f\u0131k olmayan ortamlarda bile bebe\u011finizi net \u015fekilde izlemenizi sa\u011flar. Ev i\u00e7i kullan\u0131m i\u00e7in pratik bir \u00e7\u00f6z\u00fcmd\u00fcr.<\/p>\n","protected":false},"featured_media":126552,"comment_status":"open","ping_status":"closed","template":"","meta":{"_kad_post_transparent":"","_kad_post_title":"","_kad_post_layout":"","_kad_post_sidebar_id":"","_kad_post_content_style":"","_kad_post_vertical_padding":"","_kad_post_feature":"","_kad_post_feature_position":"","_kad_post_header":false,"_kad_post_footer":false,"_kad_post_classname":""},"product_brand":[],"product_cat":[14927],"product_tag":[],"class_list":{"0":"post-126553","1":"product","2":"type-product","3":"status-publish","4":"has-post-thumbnail","6":"product_cat-akilli-kamera-akilli-kamera","8":"first","9":"instock","10":"purchasable","11":"product-type-simple","12":"entry","13":"content-bg","14":"loop-entry"},"_links":{"self":[{"href":"https:\/\/www.hediyepazar.com\/index.php?rest_route=\/wp\/v2\/product\/126553","targetHints":{"allow":["GET"]}}],"collection":[{"href":"https:\/\/www.hediyepazar.com\/index.php?rest_route=\/wp\/v2\/product"}],"about":[{"href":"https:\/\/www.hediyepazar.com\/index.php?rest_route=\/wp\/v2\/types\/product"}],"replies":[{"embeddable":true,"href":"https:\/\/www.hediyepazar.com\/index.php?rest_route=%2Fwp%2Fv2%2Fcomments&post=126553"}],"wp:featuredmedia":[{"embeddable":true,"href":"https:\/\/www.hediyepazar.com\/index.php?rest_route=\/wp\/v2\/media\/126552"}],"wp:attachment":[{"href":"https:\/\/www.hediyepazar.com\/index.php?rest_route=%2Fwp%2Fv2%2Fmedia&parent=126553"}],"wp:term":[{"taxonomy":"product_brand","embeddable":true,"href":"https:\/\/www.hediyepazar.com\/index.php?rest_route=%2Fwp%2Fv2%2Fproduct_brand&post=126553"},{"taxonomy":"product_cat","embeddable":true,"href":"https:\/\/www.hediyepazar.com\/index.php?rest_route=%2Fwp%2Fv2%2Fproduct_cat&post=126553"},{"taxonomy":"product_tag","embeddable":true,"href":"https:\/\/www.hediyepazar.com\/index.php?rest_route=%2Fwp%2Fv2%2Fproduct_tag&post=126553"}],"curies":[{"name":"wp","href":"https:\/\/api.w.org\/{rel}","templated":true}]}}