{"id":126557,"date":"2026-05-06T20:37:07","date_gmt":"2026-05-06T23:37:07","guid":{"rendered":"https:\/\/www.hediyepazar.com\/?product=gece-goruslu-hareket-takipli-bebek-kamera-sistemi"},"modified":"2026-05-06T20:37:07","modified_gmt":"2026-05-06T23:37:07","slug":"gece-goruslu-hareket-takipli-bebek-kamera-sistemi","status":"publish","type":"product","link":"https:\/\/www.hediyepazar.com\/?product=gece-goruslu-hareket-takipli-bebek-kamera-sistemi","title":{"rendered":"Gece G\u00f6r\u00fc\u015fl\u00fc Hareket Takipli Bebek Kamera Sistemi"},"content":{"rendered":"<p>Enerji tasarruflu yap\u0131s\u0131yla dikkat \u00e7eken bu bebek kamera sistemi, s\u00fcrekli pil de\u011fi\u015fimi gerektirmeden uzun s\u00fcreli kullan\u0131m sunar. 4.5 in\u00e7 monit\u00f6r ekran\u0131, bebe\u011finizin hareketlerini detayl\u0131 \u015fekilde izlemenize yard\u0131mc\u0131 olur. Canl\u0131 izleme ve ortam dinleme \u00f6zellikleri sayesinde bebe\u011finizin g\u00fcvenli\u011fini anl\u0131k olarak kontrol edebilirsiniz. Gece g\u00f6r\u00fc\u015f fonksiyonu, gece saatlerinde de net g\u00f6r\u00fcnt\u00fc sa\u011flar.<\/p>\n","protected":false},"excerpt":{"rendered":"<p>Enerji tasarruflu yap\u0131s\u0131yla dikkat \u00e7eken bu bebek kamera sistemi, s\u00fcrekli pil de\u011fi\u015fimi gerektirmeden uzun s\u00fcreli kullan\u0131m sunar. 4.5 in\u00e7 monit\u00f6r ekran\u0131, bebe\u011finizin hareketlerini detayl\u0131 \u015fekilde izlemenize yard\u0131mc\u0131 olur. Canl\u0131 izleme ve ortam dinleme \u00f6zellikleri sayesinde bebe\u011finizin g\u00fcvenli\u011fini anl\u0131k olarak kontrol edebilirsiniz. Gece g\u00f6r\u00fc\u015f fonksiyonu, gece saatlerinde de net g\u00f6r\u00fcnt\u00fc sa\u011flar.<\/p>\n","protected":false},"featured_media":126556,"comment_status":"open","ping_status":"closed","template":"","meta":{"_kad_post_transparent":"","_kad_post_title":"","_kad_post_layout":"","_kad_post_sidebar_id":"","_kad_post_content_style":"","_kad_post_vertical_padding":"","_kad_post_feature":"","_kad_post_feature_position":"","_kad_post_header":false,"_kad_post_footer":false,"_kad_post_classname":""},"product_brand":[],"product_cat":[14927],"product_tag":[],"class_list":{"0":"post-126557","1":"product","2":"type-product","3":"status-publish","4":"has-post-thumbnail","6":"product_cat-akilli-kamera-akilli-kamera","8":"first","9":"instock","10":"purchasable","11":"product-type-simple","12":"entry","13":"content-bg","14":"loop-entry"},"_links":{"self":[{"href":"https:\/\/www.hediyepazar.com\/index.php?rest_route=\/wp\/v2\/product\/126557","targetHints":{"allow":["GET"]}}],"collection":[{"href":"https:\/\/www.hediyepazar.com\/index.php?rest_route=\/wp\/v2\/product"}],"about":[{"href":"https:\/\/www.hediyepazar.com\/index.php?rest_route=\/wp\/v2\/types\/product"}],"replies":[{"embeddable":true,"href":"https:\/\/www.hediyepazar.com\/index.php?rest_route=%2Fwp%2Fv2%2Fcomments&post=126557"}],"wp:featuredmedia":[{"embeddable":true,"href":"https:\/\/www.hediyepazar.com\/index.php?rest_route=\/wp\/v2\/media\/126556"}],"wp:attachment":[{"href":"https:\/\/www.hediyepazar.com\/index.php?rest_route=%2Fwp%2Fv2%2Fmedia&parent=126557"}],"wp:term":[{"taxonomy":"product_brand","embeddable":true,"href":"https:\/\/www.hediyepazar.com\/index.php?rest_route=%2Fwp%2Fv2%2Fproduct_brand&post=126557"},{"taxonomy":"product_cat","embeddable":true,"href":"https:\/\/www.hediyepazar.com\/index.php?rest_route=%2Fwp%2Fv2%2Fproduct_cat&post=126557"},{"taxonomy":"product_tag","embeddable":true,"href":"https:\/\/www.hediyepazar.com\/index.php?rest_route=%2Fwp%2Fv2%2Fproduct_tag&post=126557"}],"curies":[{"name":"wp","href":"https:\/\/api.w.org\/{rel}","templated":true}]}}