{"id":126559,"date":"2026-05-06T20:37:12","date_gmt":"2026-05-06T23:37:12","guid":{"rendered":"https:\/\/www.hediyepazar.com\/?product=canli-izleme-ozellikli-ortam-dinlemeli-bebek-monitoru"},"modified":"2026-05-06T20:37:12","modified_gmt":"2026-05-06T23:37:12","slug":"canli-izleme-ozellikli-ortam-dinlemeli-bebek-monitoru","status":"publish","type":"product","link":"https:\/\/www.hediyepazar.com\/?product=canli-izleme-ozellikli-ortam-dinlemeli-bebek-monitoru","title":{"rendered":"Canl\u0131 \u0130zleme \u00d6zellikli Ortam Dinlemeli Bebek Monit\u00f6r\u00fc"},"content":{"rendered":"<p>Bu bebek monit\u00f6r\u00fc, renkli ve net g\u00f6r\u00fcnt\u00fc sunan 4.5 in\u00e7 ekran\u0131 ile ebeveynlere kullan\u0131m kolayl\u0131\u011f\u0131 sa\u011flar. Canl\u0131 izleme \u00f6zelli\u011fi sayesinde bebe\u011finizin her an yan\u0131n\u0131zdaym\u0131\u015f gibi hissetmenize yard\u0131mc\u0131 olur. Ortam dinleme fonksiyonu ile bebe\u011finizin seslerini duyabilir, huzurlu olup olmad\u0131\u011f\u0131n\u0131 kolayca anlayabilirsiniz. Gece g\u00f6r\u00fc\u015f\u00fc \u00f6zelli\u011fi karanl\u0131k ortamlarda bile net g\u00f6r\u00fcnt\u00fc elde edilmesini sa\u011flar. G\u00fcnl\u00fck kullan\u0131m i\u00e7in idealdir.<\/p>\n","protected":false},"excerpt":{"rendered":"<p>Bu bebek monit\u00f6r\u00fc, renkli ve net g\u00f6r\u00fcnt\u00fc sunan 4.5 in\u00e7 ekran\u0131 ile ebeveynlere kullan\u0131m kolayl\u0131\u011f\u0131 sa\u011flar. Canl\u0131 izleme \u00f6zelli\u011fi sayesinde bebe\u011finizin her an yan\u0131n\u0131zdaym\u0131\u015f gibi hissetmenize yard\u0131mc\u0131 olur. Ortam dinleme fonksiyonu ile bebe\u011finizin seslerini duyabilir, huzurlu olup olmad\u0131\u011f\u0131n\u0131 kolayca anlayabilirsiniz. Gece g\u00f6r\u00fc\u015f\u00fc \u00f6zelli\u011fi karanl\u0131k ortamlarda bile net g\u00f6r\u00fcnt\u00fc elde edilmesini sa\u011flar. G\u00fcnl\u00fck kullan\u0131m i\u00e7in idealdir.<\/p>\n","protected":false},"featured_media":126558,"comment_status":"open","ping_status":"closed","template":"","meta":{"_kad_post_transparent":"","_kad_post_title":"","_kad_post_layout":"","_kad_post_sidebar_id":"","_kad_post_content_style":"","_kad_post_vertical_padding":"","_kad_post_feature":"","_kad_post_feature_position":"","_kad_post_header":false,"_kad_post_footer":false,"_kad_post_classname":""},"product_brand":[],"product_cat":[14927],"product_tag":[],"class_list":{"0":"post-126559","1":"product","2":"type-product","3":"status-publish","4":"has-post-thumbnail","6":"product_cat-akilli-kamera-akilli-kamera","8":"first","9":"instock","10":"purchasable","11":"product-type-simple","12":"entry","13":"content-bg","14":"loop-entry"},"_links":{"self":[{"href":"https:\/\/www.hediyepazar.com\/index.php?rest_route=\/wp\/v2\/product\/126559","targetHints":{"allow":["GET"]}}],"collection":[{"href":"https:\/\/www.hediyepazar.com\/index.php?rest_route=\/wp\/v2\/product"}],"about":[{"href":"https:\/\/www.hediyepazar.com\/index.php?rest_route=\/wp\/v2\/types\/product"}],"replies":[{"embeddable":true,"href":"https:\/\/www.hediyepazar.com\/index.php?rest_route=%2Fwp%2Fv2%2Fcomments&post=126559"}],"wp:featuredmedia":[{"embeddable":true,"href":"https:\/\/www.hediyepazar.com\/index.php?rest_route=\/wp\/v2\/media\/126558"}],"wp:attachment":[{"href":"https:\/\/www.hediyepazar.com\/index.php?rest_route=%2Fwp%2Fv2%2Fmedia&parent=126559"}],"wp:term":[{"taxonomy":"product_brand","embeddable":true,"href":"https:\/\/www.hediyepazar.com\/index.php?rest_route=%2Fwp%2Fv2%2Fproduct_brand&post=126559"},{"taxonomy":"product_cat","embeddable":true,"href":"https:\/\/www.hediyepazar.com\/index.php?rest_route=%2Fwp%2Fv2%2Fproduct_cat&post=126559"},{"taxonomy":"product_tag","embeddable":true,"href":"https:\/\/www.hediyepazar.com\/index.php?rest_route=%2Fwp%2Fv2%2Fproduct_tag&post=126559"}],"curies":[{"name":"wp","href":"https:\/\/api.w.org\/{rel}","templated":true}]}}