{"id":126561,"date":"2026-05-06T20:37:16","date_gmt":"2026-05-06T23:37:16","guid":{"rendered":"https:\/\/www.hediyepazar.com\/?product=4-5-inc-ekranli-gece-goruslu-bebek-kamerasi-ve-monitoru"},"modified":"2026-05-06T20:37:16","modified_gmt":"2026-05-06T23:37:16","slug":"4-5-inc-ekranli-gece-goruslu-bebek-kamerasi-ve-monitoru","status":"publish","type":"product","link":"https:\/\/www.hediyepazar.com\/?product=4-5-inc-ekranli-gece-goruslu-bebek-kamerasi-ve-monitoru","title":{"rendered":"4.5 \u0130n\u00e7 Ekranl\u0131 Gece G\u00f6r\u00fc\u015fl\u00fc Bebek Kameras\u0131 ve Monit\u00f6r\u00fc"},"content":{"rendered":"<p>4.5 in\u00e7 geni\u015f monit\u00f6r ekran\u0131na sahip bu bebek kameras\u0131, bebe\u011finizi g\u00fcn\u00fcn her an\u0131nda net ve rahat \u015fekilde takip etmenizi sa\u011flar. Canl\u0131 izleme \u00f6zelli\u011fi sayesinde bebe\u011finizin hareketlerini an\u0131nda g\u00f6rebilir, bulundu\u011fu ortam\u0131 s\u00fcrekli kontrol alt\u0131nda tutabilirsiniz. Ortam dinleme fonksiyonu, bebe\u011finizin \u00e7evresindeki sesleri duyman\u0131za olanak tan\u0131r. Gece g\u00f6r\u00fc\u015f\u00fc \u00f6zelli\u011fi sayesinde \u0131\u015f\u0131klar kapal\u0131yken bile kesintisiz g\u00f6r\u00fcnt\u00fc sunar. Bebek g\u00fcvenli\u011fi i\u00e7in pratik ve g\u00fcvenilir bir \u00e7\u00f6z\u00fcmd\u00fcr.<\/p>\n","protected":false},"excerpt":{"rendered":"<p>4.5 in\u00e7 geni\u015f monit\u00f6r ekran\u0131na sahip bu bebek kameras\u0131, bebe\u011finizi g\u00fcn\u00fcn her an\u0131nda net ve rahat \u015fekilde takip etmenizi sa\u011flar. Canl\u0131 izleme \u00f6zelli\u011fi sayesinde bebe\u011finizin hareketlerini an\u0131nda g\u00f6rebilir, bulundu\u011fu ortam\u0131 s\u00fcrekli kontrol alt\u0131nda tutabilirsiniz. Ortam dinleme fonksiyonu, bebe\u011finizin \u00e7evresindeki sesleri duyman\u0131za olanak tan\u0131r. Gece g\u00f6r\u00fc\u015f\u00fc \u00f6zelli\u011fi sayesinde \u0131\u015f\u0131klar kapal\u0131yken bile kesintisiz g\u00f6r\u00fcnt\u00fc sunar. Bebek g\u00fcvenli\u011fi&#8230;<\/p>\n","protected":false},"featured_media":126560,"comment_status":"open","ping_status":"closed","template":"","meta":{"_kad_post_transparent":"","_kad_post_title":"","_kad_post_layout":"","_kad_post_sidebar_id":"","_kad_post_content_style":"","_kad_post_vertical_padding":"","_kad_post_feature":"","_kad_post_feature_position":"","_kad_post_header":false,"_kad_post_footer":false,"_kad_post_classname":""},"product_brand":[],"product_cat":[14927],"product_tag":[],"class_list":{"0":"post-126561","1":"product","2":"type-product","3":"status-publish","4":"has-post-thumbnail","6":"product_cat-akilli-kamera-akilli-kamera","8":"first","9":"instock","10":"purchasable","11":"product-type-simple","12":"entry","13":"content-bg","14":"loop-entry"},"_links":{"self":[{"href":"https:\/\/www.hediyepazar.com\/index.php?rest_route=\/wp\/v2\/product\/126561","targetHints":{"allow":["GET"]}}],"collection":[{"href":"https:\/\/www.hediyepazar.com\/index.php?rest_route=\/wp\/v2\/product"}],"about":[{"href":"https:\/\/www.hediyepazar.com\/index.php?rest_route=\/wp\/v2\/types\/product"}],"replies":[{"embeddable":true,"href":"https:\/\/www.hediyepazar.com\/index.php?rest_route=%2Fwp%2Fv2%2Fcomments&post=126561"}],"wp:featuredmedia":[{"embeddable":true,"href":"https:\/\/www.hediyepazar.com\/index.php?rest_route=\/wp\/v2\/media\/126560"}],"wp:attachment":[{"href":"https:\/\/www.hediyepazar.com\/index.php?rest_route=%2Fwp%2Fv2%2Fmedia&parent=126561"}],"wp:term":[{"taxonomy":"product_brand","embeddable":true,"href":"https:\/\/www.hediyepazar.com\/index.php?rest_route=%2Fwp%2Fv2%2Fproduct_brand&post=126561"},{"taxonomy":"product_cat","embeddable":true,"href":"https:\/\/www.hediyepazar.com\/index.php?rest_route=%2Fwp%2Fv2%2Fproduct_cat&post=126561"},{"taxonomy":"product_tag","embeddable":true,"href":"https:\/\/www.hediyepazar.com\/index.php?rest_route=%2Fwp%2Fv2%2Fproduct_tag&post=126561"}],"curies":[{"name":"wp","href":"https:\/\/api.w.org\/{rel}","templated":true}]}}