{"id":126563,"date":"2026-05-06T20:37:22","date_gmt":"2026-05-06T23:37:22","guid":{"rendered":"https:\/\/www.hediyepazar.com\/?product=dual-mikrofonlu-acik-kulak-kablosuz-kulaklik-net-gorusme"},"modified":"2026-05-06T20:37:22","modified_gmt":"2026-05-06T23:37:22","slug":"dual-mikrofonlu-acik-kulak-kablosuz-kulaklik-net-gorusme","status":"publish","type":"product","link":"https:\/\/www.hediyepazar.com\/?product=dual-mikrofonlu-acik-kulak-kablosuz-kulaklik-net-gorusme","title":{"rendered":"Dual Mikrofonlu A\u00e7\u0131k Kulak Kablosuz Kulakl\u0131k Net G\u00f6r\u00fc\u015fme"},"content":{"rendered":"<p>Kulak i\u00e7i bask\u0131 hissi olmadan m\u00fczik dinlemek isteyenler i\u00e7in tasarlanan bu kablosuz kulakl\u0131k, a\u00e7\u0131k kulak yap\u0131s\u0131yla g\u00fcvenli ve konforlu kullan\u0131m sa\u011flar. Spor s\u0131ras\u0131nda \u00e7evre fark\u0131ndal\u0131\u011f\u0131n\u0131 koruman\u0131za yard\u0131mc\u0131 olur. Dual mikrofon sistemi, sesli aramalarda daha net ileti\u015fim sunar. \u015e\u0131k ve kompakt \u015farj kutusu, ta\u015f\u0131ma kolayl\u0131\u011f\u0131 sa\u011flar. Hem spor hem de g\u00fcnl\u00fck kullan\u0131m i\u00e7in uygundur.<\/p>\n","protected":false},"excerpt":{"rendered":"<p>Kulak i\u00e7i bask\u0131 hissi olmadan m\u00fczik dinlemek isteyenler i\u00e7in tasarlanan bu kablosuz kulakl\u0131k, a\u00e7\u0131k kulak yap\u0131s\u0131yla g\u00fcvenli ve konforlu kullan\u0131m sa\u011flar. Spor s\u0131ras\u0131nda \u00e7evre fark\u0131ndal\u0131\u011f\u0131n\u0131 koruman\u0131za yard\u0131mc\u0131 olur. Dual mikrofon sistemi, sesli aramalarda daha net ileti\u015fim sunar. \u015e\u0131k ve kompakt \u015farj kutusu, ta\u015f\u0131ma kolayl\u0131\u011f\u0131 sa\u011flar. Hem spor hem de g\u00fcnl\u00fck kullan\u0131m i\u00e7in uygundur.<\/p>\n","protected":false},"featured_media":126562,"comment_status":"open","ping_status":"closed","template":"","meta":{"_kad_post_transparent":"","_kad_post_title":"","_kad_post_layout":"","_kad_post_sidebar_id":"","_kad_post_content_style":"","_kad_post_vertical_padding":"","_kad_post_feature":"","_kad_post_feature_position":"","_kad_post_header":false,"_kad_post_footer":false,"_kad_post_classname":""},"product_brand":[],"product_cat":[14957],"product_tag":[],"class_list":{"0":"post-126563","1":"product","2":"type-product","3":"status-publish","4":"has-post-thumbnail","6":"product_cat-kablosuz-kulaklik-kablosuz-kulaklik","8":"first","9":"instock","10":"purchasable","11":"product-type-simple","12":"entry","13":"content-bg","14":"loop-entry"},"_links":{"self":[{"href":"https:\/\/www.hediyepazar.com\/index.php?rest_route=\/wp\/v2\/product\/126563","targetHints":{"allow":["GET"]}}],"collection":[{"href":"https:\/\/www.hediyepazar.com\/index.php?rest_route=\/wp\/v2\/product"}],"about":[{"href":"https:\/\/www.hediyepazar.com\/index.php?rest_route=\/wp\/v2\/types\/product"}],"replies":[{"embeddable":true,"href":"https:\/\/www.hediyepazar.com\/index.php?rest_route=%2Fwp%2Fv2%2Fcomments&post=126563"}],"wp:featuredmedia":[{"embeddable":true,"href":"https:\/\/www.hediyepazar.com\/index.php?rest_route=\/wp\/v2\/media\/126562"}],"wp:attachment":[{"href":"https:\/\/www.hediyepazar.com\/index.php?rest_route=%2Fwp%2Fv2%2Fmedia&parent=126563"}],"wp:term":[{"taxonomy":"product_brand","embeddable":true,"href":"https:\/\/www.hediyepazar.com\/index.php?rest_route=%2Fwp%2Fv2%2Fproduct_brand&post=126563"},{"taxonomy":"product_cat","embeddable":true,"href":"https:\/\/www.hediyepazar.com\/index.php?rest_route=%2Fwp%2Fv2%2Fproduct_cat&post=126563"},{"taxonomy":"product_tag","embeddable":true,"href":"https:\/\/www.hediyepazar.com\/index.php?rest_route=%2Fwp%2Fv2%2Fproduct_tag&post=126563"}],"curies":[{"name":"wp","href":"https:\/\/api.w.org\/{rel}","templated":true}]}}