{"id":126569,"date":"2026-05-06T20:37:38","date_gmt":"2026-05-06T23:37:38","guid":{"rendered":"https:\/\/www.hediyepazar.com\/?product=ows-acik-kulak-kablosuz-kulaklik-spor-ve-gunluk-kullanim"},"modified":"2026-05-06T20:37:38","modified_gmt":"2026-05-06T23:37:38","slug":"ows-acik-kulak-kablosuz-kulaklik-spor-ve-gunluk-kullanim","status":"publish","type":"product","link":"https:\/\/www.hediyepazar.com\/?product=ows-acik-kulak-kablosuz-kulaklik-spor-ve-gunluk-kullanim","title":{"rendered":"OWS A\u00e7\u0131k Kulak Kablosuz Kulakl\u0131k Spor ve G\u00fcnl\u00fck Kullan\u0131m"},"content":{"rendered":"<p>OWS a\u00e7\u0131k kulak formuna sahip bu kablosuz kulakl\u0131k, uzun s\u00fcreli kullan\u0131mda konforu \u00f6n planda tutar. Kulak i\u00e7ine girmeyen ergonomik tasar\u0131m\u0131 sayesinde kulakta bask\u0131 olu\u015fturmaz. Bluetooth kablosuz ba\u011flant\u0131 ile telefon, tablet ve di\u011fer uyumlu cihazlara kolayca ba\u011flan\u0131r. Dual mikrofon sistemi, g\u00f6r\u00fc\u015fmeler s\u0131ras\u0131nda \u00e7evresel g\u00fcr\u00fclt\u00fcy\u00fc azaltmaya yard\u0131mc\u0131 olur. Spor, y\u00fcr\u00fcy\u00fc\u015f ve g\u00fcnl\u00fck kullan\u0131m i\u00e7in uygundur.<\/p>\n","protected":false},"excerpt":{"rendered":"<p>OWS a\u00e7\u0131k kulak formuna sahip bu kablosuz kulakl\u0131k, uzun s\u00fcreli kullan\u0131mda konforu \u00f6n planda tutar. Kulak i\u00e7ine girmeyen ergonomik tasar\u0131m\u0131 sayesinde kulakta bask\u0131 olu\u015fturmaz. Bluetooth kablosuz ba\u011flant\u0131 ile telefon, tablet ve di\u011fer uyumlu cihazlara kolayca ba\u011flan\u0131r. Dual mikrofon sistemi, g\u00f6r\u00fc\u015fmeler s\u0131ras\u0131nda \u00e7evresel g\u00fcr\u00fclt\u00fcy\u00fc azaltmaya yard\u0131mc\u0131 olur. Spor, y\u00fcr\u00fcy\u00fc\u015f ve g\u00fcnl\u00fck kullan\u0131m i\u00e7in uygundur.<\/p>\n","protected":false},"featured_media":126568,"comment_status":"open","ping_status":"closed","template":"","meta":{"_kad_post_transparent":"","_kad_post_title":"","_kad_post_layout":"","_kad_post_sidebar_id":"","_kad_post_content_style":"","_kad_post_vertical_padding":"","_kad_post_feature":"","_kad_post_feature_position":"","_kad_post_header":false,"_kad_post_footer":false,"_kad_post_classname":""},"product_brand":[],"product_cat":[14957],"product_tag":[],"class_list":{"0":"post-126569","1":"product","2":"type-product","3":"status-publish","4":"has-post-thumbnail","6":"product_cat-kablosuz-kulaklik-kablosuz-kulaklik","8":"first","9":"instock","10":"purchasable","11":"product-type-simple","12":"entry","13":"content-bg","14":"loop-entry"},"_links":{"self":[{"href":"https:\/\/www.hediyepazar.com\/index.php?rest_route=\/wp\/v2\/product\/126569","targetHints":{"allow":["GET"]}}],"collection":[{"href":"https:\/\/www.hediyepazar.com\/index.php?rest_route=\/wp\/v2\/product"}],"about":[{"href":"https:\/\/www.hediyepazar.com\/index.php?rest_route=\/wp\/v2\/types\/product"}],"replies":[{"embeddable":true,"href":"https:\/\/www.hediyepazar.com\/index.php?rest_route=%2Fwp%2Fv2%2Fcomments&post=126569"}],"wp:featuredmedia":[{"embeddable":true,"href":"https:\/\/www.hediyepazar.com\/index.php?rest_route=\/wp\/v2\/media\/126568"}],"wp:attachment":[{"href":"https:\/\/www.hediyepazar.com\/index.php?rest_route=%2Fwp%2Fv2%2Fmedia&parent=126569"}],"wp:term":[{"taxonomy":"product_brand","embeddable":true,"href":"https:\/\/www.hediyepazar.com\/index.php?rest_route=%2Fwp%2Fv2%2Fproduct_brand&post=126569"},{"taxonomy":"product_cat","embeddable":true,"href":"https:\/\/www.hediyepazar.com\/index.php?rest_route=%2Fwp%2Fv2%2Fproduct_cat&post=126569"},{"taxonomy":"product_tag","embeddable":true,"href":"https:\/\/www.hediyepazar.com\/index.php?rest_route=%2Fwp%2Fv2%2Fproduct_tag&post=126569"}],"curies":[{"name":"wp","href":"https:\/\/api.w.org\/{rel}","templated":true}]}}