{"id":126573,"date":"2026-05-06T20:37:59","date_gmt":"2026-05-06T23:37:59","guid":{"rendered":"https:\/\/www.hediyepazar.com\/?product=sarjli-kablosuz-mini-rgb-klavye-uzun-pil-omurlu"},"modified":"2026-05-06T20:37:59","modified_gmt":"2026-05-06T23:37:59","slug":"sarjli-kablosuz-mini-rgb-klavye-uzun-pil-omurlu","status":"publish","type":"product","link":"https:\/\/www.hediyepazar.com\/?product=sarjli-kablosuz-mini-rgb-klavye-uzun-pil-omurlu","title":{"rendered":"\u015earjl\u0131 Kablosuz Mini RGB Klavye Uzun Pil \u00d6m\u00fcrl\u00fc"},"content":{"rendered":"<p>Ultra ince 10 mm g\u00f6vdesiyle \u00f6ne \u00e7\u0131kan bu mini klavye, minimalist masa d\u00fczeni isteyen kullan\u0131c\u0131lar i\u00e7in tasarlanm\u0131\u015ft\u0131r. RGB \u0131\u015f\u0131kl\u0131 tu\u015f yap\u0131s\u0131, oyun, yaz\u0131 yazma ve multimedya kullan\u0131m\u0131nda g\u00f6rsel bir avantaj sa\u011flar. Uzun pil \u00f6mr\u00fc sayesinde s\u0131k \u015farj etme ihtiyac\u0131n\u0131 ortadan kald\u0131r\u0131r. Hem profesyonel hem g\u00fcnl\u00fck kullan\u0131m i\u00e7in ideal bir \u00e7\u00f6z\u00fcmd\u00fcr.<\/p>\n","protected":false},"excerpt":{"rendered":"<p>Ultra ince 10 mm g\u00f6vdesiyle \u00f6ne \u00e7\u0131kan bu mini klavye, minimalist masa d\u00fczeni isteyen kullan\u0131c\u0131lar i\u00e7in tasarlanm\u0131\u015ft\u0131r. RGB \u0131\u015f\u0131kl\u0131 tu\u015f yap\u0131s\u0131, oyun, yaz\u0131 yazma ve multimedya kullan\u0131m\u0131nda g\u00f6rsel bir avantaj sa\u011flar. Uzun pil \u00f6mr\u00fc sayesinde s\u0131k \u015farj etme ihtiyac\u0131n\u0131 ortadan kald\u0131r\u0131r. Hem profesyonel hem g\u00fcnl\u00fck kullan\u0131m i\u00e7in ideal bir \u00e7\u00f6z\u00fcmd\u00fcr.<\/p>\n","protected":false},"featured_media":126572,"comment_status":"open","ping_status":"closed","template":"","meta":{"_kad_post_transparent":"","_kad_post_title":"","_kad_post_layout":"","_kad_post_sidebar_id":"","_kad_post_content_style":"","_kad_post_vertical_padding":"","_kad_post_feature":"","_kad_post_feature_position":"","_kad_post_header":false,"_kad_post_footer":false,"_kad_post_classname":""},"product_brand":[],"product_cat":[14913],"product_tag":[],"class_list":{"0":"post-126573","1":"product","2":"type-product","3":"status-publish","4":"has-post-thumbnail","6":"product_cat-klavye-klavye-2","8":"first","9":"instock","10":"purchasable","11":"product-type-simple","12":"entry","13":"content-bg","14":"loop-entry"},"_links":{"self":[{"href":"https:\/\/www.hediyepazar.com\/index.php?rest_route=\/wp\/v2\/product\/126573","targetHints":{"allow":["GET"]}}],"collection":[{"href":"https:\/\/www.hediyepazar.com\/index.php?rest_route=\/wp\/v2\/product"}],"about":[{"href":"https:\/\/www.hediyepazar.com\/index.php?rest_route=\/wp\/v2\/types\/product"}],"replies":[{"embeddable":true,"href":"https:\/\/www.hediyepazar.com\/index.php?rest_route=%2Fwp%2Fv2%2Fcomments&post=126573"}],"wp:featuredmedia":[{"embeddable":true,"href":"https:\/\/www.hediyepazar.com\/index.php?rest_route=\/wp\/v2\/media\/126572"}],"wp:attachment":[{"href":"https:\/\/www.hediyepazar.com\/index.php?rest_route=%2Fwp%2Fv2%2Fmedia&parent=126573"}],"wp:term":[{"taxonomy":"product_brand","embeddable":true,"href":"https:\/\/www.hediyepazar.com\/index.php?rest_route=%2Fwp%2Fv2%2Fproduct_brand&post=126573"},{"taxonomy":"product_cat","embeddable":true,"href":"https:\/\/www.hediyepazar.com\/index.php?rest_route=%2Fwp%2Fv2%2Fproduct_cat&post=126573"},{"taxonomy":"product_tag","embeddable":true,"href":"https:\/\/www.hediyepazar.com\/index.php?rest_route=%2Fwp%2Fv2%2Fproduct_tag&post=126573"}],"curies":[{"name":"wp","href":"https:\/\/api.w.org\/{rel}","templated":true}]}}