{"id":126575,"date":"2026-05-06T20:38:06","date_gmt":"2026-05-06T23:38:06","guid":{"rendered":"https:\/\/www.hediyepazar.com\/?product=rgb-isikli-kablosuz-mini-klavye-10-mm-ince-govde"},"modified":"2026-05-06T20:38:06","modified_gmt":"2026-05-06T23:38:06","slug":"rgb-isikli-kablosuz-mini-klavye-10-mm-ince-govde","status":"publish","type":"product","link":"https:\/\/www.hediyepazar.com\/?product=rgb-isikli-kablosuz-mini-klavye-10-mm-ince-govde","title":{"rendered":"RGB I\u015f\u0131kl\u0131 Kablosuz Mini Klavye 10 mm \u0130nce G\u00f6vde"},"content":{"rendered":"<p>Bu kablosuz mini klavye, RGB ayd\u0131nlatma ile modern tasar\u0131m\u0131 bir araya getirir. I\u015f\u0131kland\u0131rmal\u0131 tu\u015f yap\u0131s\u0131 gece kullan\u0131m\u0131nda g\u00f6r\u00fc\u015f kolayl\u0131\u011f\u0131 sa\u011flarken, sade siyah rengi her ortamla uyum g\u00f6sterir. 10 metreye kadar kablosuz kullan\u0131m mesafesi sayesinde koltukta, yatakta veya masa ba\u015f\u0131nda \u00f6zg\u00fcrce kullan\u0131labilir. Bluetooth 5.2 teknolojisi ba\u011flant\u0131 kopmalar\u0131n\u0131 minimuma indirir ve daha stabil bir deneyim sunar.<\/p>\n","protected":false},"excerpt":{"rendered":"<p>Bu kablosuz mini klavye, RGB ayd\u0131nlatma ile modern tasar\u0131m\u0131 bir araya getirir. I\u015f\u0131kland\u0131rmal\u0131 tu\u015f yap\u0131s\u0131 gece kullan\u0131m\u0131nda g\u00f6r\u00fc\u015f kolayl\u0131\u011f\u0131 sa\u011flarken, sade siyah rengi her ortamla uyum g\u00f6sterir. 10 metreye kadar kablosuz kullan\u0131m mesafesi sayesinde koltukta, yatakta veya masa ba\u015f\u0131nda \u00f6zg\u00fcrce kullan\u0131labilir. Bluetooth 5.2 teknolojisi ba\u011flant\u0131 kopmalar\u0131n\u0131 minimuma indirir ve daha stabil bir deneyim sunar.<\/p>\n","protected":false},"featured_media":126574,"comment_status":"open","ping_status":"closed","template":"","meta":{"_kad_post_transparent":"","_kad_post_title":"","_kad_post_layout":"","_kad_post_sidebar_id":"","_kad_post_content_style":"","_kad_post_vertical_padding":"","_kad_post_feature":"","_kad_post_feature_position":"","_kad_post_header":false,"_kad_post_footer":false,"_kad_post_classname":""},"product_brand":[],"product_cat":[14913],"product_tag":[],"class_list":{"0":"post-126575","1":"product","2":"type-product","3":"status-publish","4":"has-post-thumbnail","6":"product_cat-klavye-klavye-2","8":"first","9":"instock","10":"purchasable","11":"product-type-simple","12":"entry","13":"content-bg","14":"loop-entry"},"_links":{"self":[{"href":"https:\/\/www.hediyepazar.com\/index.php?rest_route=\/wp\/v2\/product\/126575","targetHints":{"allow":["GET"]}}],"collection":[{"href":"https:\/\/www.hediyepazar.com\/index.php?rest_route=\/wp\/v2\/product"}],"about":[{"href":"https:\/\/www.hediyepazar.com\/index.php?rest_route=\/wp\/v2\/types\/product"}],"replies":[{"embeddable":true,"href":"https:\/\/www.hediyepazar.com\/index.php?rest_route=%2Fwp%2Fv2%2Fcomments&post=126575"}],"wp:featuredmedia":[{"embeddable":true,"href":"https:\/\/www.hediyepazar.com\/index.php?rest_route=\/wp\/v2\/media\/126574"}],"wp:attachment":[{"href":"https:\/\/www.hediyepazar.com\/index.php?rest_route=%2Fwp%2Fv2%2Fmedia&parent=126575"}],"wp:term":[{"taxonomy":"product_brand","embeddable":true,"href":"https:\/\/www.hediyepazar.com\/index.php?rest_route=%2Fwp%2Fv2%2Fproduct_brand&post=126575"},{"taxonomy":"product_cat","embeddable":true,"href":"https:\/\/www.hediyepazar.com\/index.php?rest_route=%2Fwp%2Fv2%2Fproduct_cat&post=126575"},{"taxonomy":"product_tag","embeddable":true,"href":"https:\/\/www.hediyepazar.com\/index.php?rest_route=%2Fwp%2Fv2%2Fproduct_tag&post=126575"}],"curies":[{"name":"wp","href":"https:\/\/api.w.org\/{rel}","templated":true}]}}