{"id":126579,"date":"2026-05-06T20:38:15","date_gmt":"2026-05-06T23:38:15","guid":{"rendered":"https:\/\/www.hediyepazar.com\/?product=bluetooth-5-2-destekli-kablosuz-mini-rgb-klavye-ultra-ince"},"modified":"2026-05-06T20:38:15","modified_gmt":"2026-05-06T23:38:15","slug":"bluetooth-5-2-destekli-kablosuz-mini-rgb-klavye-ultra-ince","status":"publish","type":"product","link":"https:\/\/www.hediyepazar.com\/?product=bluetooth-5-2-destekli-kablosuz-mini-rgb-klavye-ultra-ince","title":{"rendered":"Bluetooth 5.2 Destekli Kablosuz Mini RGB Klavye Ultra \u0130nce"},"content":{"rendered":"<p>Bluetooth 5.2 destekli bu kablosuz mini klavye, d\u00fc\u015f\u00fck g\u00fc\u00e7 t\u00fcketimi ve uzun pil \u00f6mr\u00fc ile \u00f6ne \u00e7\u0131kar. Tek \u015farjla 100 saate kadar kesintisiz kullan\u0131m sunarken, bekleme modunda 90 g\u00fcne kadar pil dayan\u0131m\u0131 sa\u011flar. 4\u20135 saatlik \u015farj s\u00fcresiyle k\u0131sa s\u00fcrede yeniden kullan\u0131ma haz\u0131r hale gelir. GSK mod\u00fclasyon sistemi sayesinde veri aktar\u0131m\u0131 daha kararl\u0131 ve ak\u0131c\u0131d\u0131r. Ev, ofis ve mobil kullan\u0131m i\u00e7in ideal olan bu klavye, kablo karma\u015fas\u0131n\u0131 tamamen ortadan kald\u0131r\u0131r.<\/p>\n","protected":false},"excerpt":{"rendered":"<p>Bluetooth 5.2 destekli bu kablosuz mini klavye, d\u00fc\u015f\u00fck g\u00fc\u00e7 t\u00fcketimi ve uzun pil \u00f6mr\u00fc ile \u00f6ne \u00e7\u0131kar. Tek \u015farjla 100 saate kadar kesintisiz kullan\u0131m sunarken, bekleme modunda 90 g\u00fcne kadar pil dayan\u0131m\u0131 sa\u011flar. 4\u20135 saatlik \u015farj s\u00fcresiyle k\u0131sa s\u00fcrede yeniden kullan\u0131ma haz\u0131r hale gelir. GSK mod\u00fclasyon sistemi sayesinde veri aktar\u0131m\u0131 daha kararl\u0131 ve ak\u0131c\u0131d\u0131r. Ev,&#8230;<\/p>\n","protected":false},"featured_media":126578,"comment_status":"open","ping_status":"closed","template":"","meta":{"_kad_post_transparent":"","_kad_post_title":"","_kad_post_layout":"","_kad_post_sidebar_id":"","_kad_post_content_style":"","_kad_post_vertical_padding":"","_kad_post_feature":"","_kad_post_feature_position":"","_kad_post_header":false,"_kad_post_footer":false,"_kad_post_classname":""},"product_brand":[],"product_cat":[14913],"product_tag":[],"class_list":{"0":"post-126579","1":"product","2":"type-product","3":"status-publish","4":"has-post-thumbnail","6":"product_cat-klavye-klavye-2","8":"first","9":"instock","10":"purchasable","11":"product-type-simple","12":"entry","13":"content-bg","14":"loop-entry"},"_links":{"self":[{"href":"https:\/\/www.hediyepazar.com\/index.php?rest_route=\/wp\/v2\/product\/126579","targetHints":{"allow":["GET"]}}],"collection":[{"href":"https:\/\/www.hediyepazar.com\/index.php?rest_route=\/wp\/v2\/product"}],"about":[{"href":"https:\/\/www.hediyepazar.com\/index.php?rest_route=\/wp\/v2\/types\/product"}],"replies":[{"embeddable":true,"href":"https:\/\/www.hediyepazar.com\/index.php?rest_route=%2Fwp%2Fv2%2Fcomments&post=126579"}],"wp:featuredmedia":[{"embeddable":true,"href":"https:\/\/www.hediyepazar.com\/index.php?rest_route=\/wp\/v2\/media\/126578"}],"wp:attachment":[{"href":"https:\/\/www.hediyepazar.com\/index.php?rest_route=%2Fwp%2Fv2%2Fmedia&parent=126579"}],"wp:term":[{"taxonomy":"product_brand","embeddable":true,"href":"https:\/\/www.hediyepazar.com\/index.php?rest_route=%2Fwp%2Fv2%2Fproduct_brand&post=126579"},{"taxonomy":"product_cat","embeddable":true,"href":"https:\/\/www.hediyepazar.com\/index.php?rest_route=%2Fwp%2Fv2%2Fproduct_cat&post=126579"},{"taxonomy":"product_tag","embeddable":true,"href":"https:\/\/www.hediyepazar.com\/index.php?rest_route=%2Fwp%2Fv2%2Fproduct_tag&post=126579"}],"curies":[{"name":"wp","href":"https:\/\/api.w.org\/{rel}","templated":true}]}}