{"id":126587,"date":"2026-05-06T20:39:11","date_gmt":"2026-05-06T23:39:11","guid":{"rendered":"https:\/\/www.hediyepazar.com\/?product=gece-goruslu-guvenli-bebek-monitoru-720p-hd-goruntu"},"modified":"2026-05-06T20:39:11","modified_gmt":"2026-05-06T23:39:11","slug":"gece-goruslu-guvenli-bebek-monitoru-720p-hd-goruntu","status":"publish","type":"product","link":"https:\/\/www.hediyepazar.com\/?product=gece-goruslu-guvenli-bebek-monitoru-720p-hd-goruntu","title":{"rendered":"Gece G\u00f6r\u00fc\u015fl\u00fc G\u00fcvenli Bebek Monit\u00f6r\u00fc 720P HD G\u00f6r\u00fcnt\u00fc"},"content":{"rendered":"<p>Kablosuz kullan\u0131m sunan bu HD bebek kameras\u0131, ebeveynlerin bebeklerini her an kontrol edebilmesi i\u00e7in geli\u015ftirilmi\u015ftir. 720P \u00e7\u00f6z\u00fcn\u00fcrl\u00fck, net ve detayl\u0131 g\u00f6r\u00fcnt\u00fc sa\u011flar. Geni\u015f ekranl\u0131 monit\u00f6r, konforlu izleme sunar.Gece g\u00f6r\u00fc\u015f modu, \u0131\u015f\u0131k kapal\u0131yken bile kesintisiz g\u00f6r\u00fcnt\u00fc sa\u011flar. A\u011flama alg\u0131lama \u00f6zelli\u011fi, bebe\u011finizin durumundan an\u0131nda haberdar olman\u0131za yard\u0131mc\u0131 olur.\u0130ki y\u00f6nl\u00fc ses ve ninni fonksiyonu, bebe\u011finizi uzaktan sakinle\u015ftirmenizi sa\u011flar. S\u0131cakl\u0131k \u00f6l\u00e7\u00fcm \u00f6zelli\u011fi, ortam ko\u015fullar\u0131n\u0131 kontrol alt\u0131nda tutar. Zoom fonksiyonu ile daha detayl\u0131 izleme yap\u0131labilir.Ev i\u00e7inde g\u00fcvenli ve pratik kullan\u0131m sunan ideal bir bebek izleme \u00e7\u00f6z\u00fcm\u00fcd\u00fcr.<\/p>\n","protected":false},"excerpt":{"rendered":"<p>Kablosuz kullan\u0131m sunan bu HD bebek kameras\u0131, ebeveynlerin bebeklerini her an kontrol edebilmesi i\u00e7in geli\u015ftirilmi\u015ftir. 720P \u00e7\u00f6z\u00fcn\u00fcrl\u00fck, net ve detayl\u0131 g\u00f6r\u00fcnt\u00fc sa\u011flar. Geni\u015f ekranl\u0131 monit\u00f6r, konforlu izleme sunar.Gece g\u00f6r\u00fc\u015f modu, \u0131\u015f\u0131k kapal\u0131yken bile kesintisiz g\u00f6r\u00fcnt\u00fc sa\u011flar. A\u011flama alg\u0131lama \u00f6zelli\u011fi, bebe\u011finizin durumundan an\u0131nda haberdar olman\u0131za yard\u0131mc\u0131 olur.\u0130ki y\u00f6nl\u00fc ses ve ninni fonksiyonu, bebe\u011finizi uzaktan sakinle\u015ftirmenizi sa\u011flar&#8230;.<\/p>\n","protected":false},"featured_media":126586,"comment_status":"open","ping_status":"closed","template":"","meta":{"_kad_post_transparent":"","_kad_post_title":"","_kad_post_layout":"","_kad_post_sidebar_id":"","_kad_post_content_style":"","_kad_post_vertical_padding":"","_kad_post_feature":"","_kad_post_feature_position":"","_kad_post_header":false,"_kad_post_footer":false,"_kad_post_classname":""},"product_brand":[],"product_cat":[14927],"product_tag":[],"class_list":{"0":"post-126587","1":"product","2":"type-product","3":"status-publish","4":"has-post-thumbnail","6":"product_cat-akilli-kamera-akilli-kamera","8":"first","9":"instock","10":"purchasable","11":"product-type-simple","12":"entry","13":"content-bg","14":"loop-entry"},"_links":{"self":[{"href":"https:\/\/www.hediyepazar.com\/index.php?rest_route=\/wp\/v2\/product\/126587","targetHints":{"allow":["GET"]}}],"collection":[{"href":"https:\/\/www.hediyepazar.com\/index.php?rest_route=\/wp\/v2\/product"}],"about":[{"href":"https:\/\/www.hediyepazar.com\/index.php?rest_route=\/wp\/v2\/types\/product"}],"replies":[{"embeddable":true,"href":"https:\/\/www.hediyepazar.com\/index.php?rest_route=%2Fwp%2Fv2%2Fcomments&post=126587"}],"wp:featuredmedia":[{"embeddable":true,"href":"https:\/\/www.hediyepazar.com\/index.php?rest_route=\/wp\/v2\/media\/126586"}],"wp:attachment":[{"href":"https:\/\/www.hediyepazar.com\/index.php?rest_route=%2Fwp%2Fv2%2Fmedia&parent=126587"}],"wp:term":[{"taxonomy":"product_brand","embeddable":true,"href":"https:\/\/www.hediyepazar.com\/index.php?rest_route=%2Fwp%2Fv2%2Fproduct_brand&post=126587"},{"taxonomy":"product_cat","embeddable":true,"href":"https:\/\/www.hediyepazar.com\/index.php?rest_route=%2Fwp%2Fv2%2Fproduct_cat&post=126587"},{"taxonomy":"product_tag","embeddable":true,"href":"https:\/\/www.hediyepazar.com\/index.php?rest_route=%2Fwp%2Fv2%2Fproduct_tag&post=126587"}],"curies":[{"name":"wp","href":"https:\/\/api.w.org\/{rel}","templated":true}]}}