{"id":126589,"date":"2026-05-06T20:39:15","date_gmt":"2026-05-06T23:39:15","guid":{"rendered":"https:\/\/www.hediyepazar.com\/?product=kablosuz-bebek-kamera-sistemi-ninni-ve-alarm-ozellikli"},"modified":"2026-05-06T20:39:15","modified_gmt":"2026-05-06T23:39:15","slug":"kablosuz-bebek-kamera-sistemi-ninni-ve-alarm-ozellikli","status":"publish","type":"product","link":"https:\/\/www.hediyepazar.com\/?product=kablosuz-bebek-kamera-sistemi-ninni-ve-alarm-ozellikli","title":{"rendered":"Kablosuz Bebek Kamera Sistemi Ninni ve Alarm \u00d6zellikli"},"content":{"rendered":"<p>Bu bebek kameras\u0131, 720P HD g\u00f6r\u00fcnt\u00fc kalitesi ile net ve ak\u0131c\u0131 bir izleme deneyimi sunar. Geni\u015f ekranl\u0131 monit\u00f6r\u00fc sayesinde bebe\u011finizi rahat\u00e7a takip edebilirsiniz. Uzaktan kamera kontrol\u00fc, odan\u0131n tamam\u0131n\u0131 g\u00f6r\u00fcnt\u00fclemenizi sa\u011flar.Gece g\u00f6r\u00fc\u015f \u00f6zelli\u011fi, karanl\u0131k ortamlarda bile net g\u00f6r\u00fcnt\u00fc sunarak gece boyunca g\u00fcvenli izleme sa\u011flar. A\u011flama alg\u0131lama fonksiyonu, bebe\u011finiz a\u011flad\u0131\u011f\u0131nda sizi an\u0131nda bilgilendirir.\u0130ki y\u00f6nl\u00fc ses sistemi sayesinde bebe\u011finize uzaktan seslenebilir veya ninni \u00e7alabilirsiniz. S\u0131cakl\u0131k sens\u00f6r\u00fc, ortam \u0131s\u0131s\u0131n\u0131 s\u00fcrekli kontrol ederek ideal ko\u015fullar\u0131n korunmas\u0131na yard\u0131mc\u0131 olur.Zoom \u00f6zelli\u011fi ile detaylar\u0131 yak\u0131ndan g\u00f6rebilirsiniz. Ev i\u00e7i kullan\u0131m i\u00e7in pratik ve g\u00fcvenilir bir bebek monit\u00f6r\u00fcd\u00fcr.<\/p>\n","protected":false},"excerpt":{"rendered":"<p>Bu bebek kameras\u0131, 720P HD g\u00f6r\u00fcnt\u00fc kalitesi ile net ve ak\u0131c\u0131 bir izleme deneyimi sunar. Geni\u015f ekranl\u0131 monit\u00f6r\u00fc sayesinde bebe\u011finizi rahat\u00e7a takip edebilirsiniz. Uzaktan kamera kontrol\u00fc, odan\u0131n tamam\u0131n\u0131 g\u00f6r\u00fcnt\u00fclemenizi sa\u011flar.Gece g\u00f6r\u00fc\u015f \u00f6zelli\u011fi, karanl\u0131k ortamlarda bile net g\u00f6r\u00fcnt\u00fc sunarak gece boyunca g\u00fcvenli izleme sa\u011flar. A\u011flama alg\u0131lama fonksiyonu, bebe\u011finiz a\u011flad\u0131\u011f\u0131nda sizi an\u0131nda bilgilendirir.\u0130ki y\u00f6nl\u00fc ses sistemi sayesinde&#8230;<\/p>\n","protected":false},"featured_media":126588,"comment_status":"open","ping_status":"closed","template":"","meta":{"_kad_post_transparent":"","_kad_post_title":"","_kad_post_layout":"","_kad_post_sidebar_id":"","_kad_post_content_style":"","_kad_post_vertical_padding":"","_kad_post_feature":"","_kad_post_feature_position":"","_kad_post_header":false,"_kad_post_footer":false,"_kad_post_classname":""},"product_brand":[],"product_cat":[14927],"product_tag":[],"class_list":{"0":"post-126589","1":"product","2":"type-product","3":"status-publish","4":"has-post-thumbnail","6":"product_cat-akilli-kamera-akilli-kamera","8":"first","9":"instock","10":"purchasable","11":"product-type-simple","12":"entry","13":"content-bg","14":"loop-entry"},"_links":{"self":[{"href":"https:\/\/www.hediyepazar.com\/index.php?rest_route=\/wp\/v2\/product\/126589","targetHints":{"allow":["GET"]}}],"collection":[{"href":"https:\/\/www.hediyepazar.com\/index.php?rest_route=\/wp\/v2\/product"}],"about":[{"href":"https:\/\/www.hediyepazar.com\/index.php?rest_route=\/wp\/v2\/types\/product"}],"replies":[{"embeddable":true,"href":"https:\/\/www.hediyepazar.com\/index.php?rest_route=%2Fwp%2Fv2%2Fcomments&post=126589"}],"wp:featuredmedia":[{"embeddable":true,"href":"https:\/\/www.hediyepazar.com\/index.php?rest_route=\/wp\/v2\/media\/126588"}],"wp:attachment":[{"href":"https:\/\/www.hediyepazar.com\/index.php?rest_route=%2Fwp%2Fv2%2Fmedia&parent=126589"}],"wp:term":[{"taxonomy":"product_brand","embeddable":true,"href":"https:\/\/www.hediyepazar.com\/index.php?rest_route=%2Fwp%2Fv2%2Fproduct_brand&post=126589"},{"taxonomy":"product_cat","embeddable":true,"href":"https:\/\/www.hediyepazar.com\/index.php?rest_route=%2Fwp%2Fv2%2Fproduct_cat&post=126589"},{"taxonomy":"product_tag","embeddable":true,"href":"https:\/\/www.hediyepazar.com\/index.php?rest_route=%2Fwp%2Fv2%2Fproduct_tag&post=126589"}],"curies":[{"name":"wp","href":"https:\/\/api.w.org\/{rel}","templated":true}]}}