{"id":126591,"date":"2026-05-06T20:39:20","date_gmt":"2026-05-06T23:39:20","guid":{"rendered":"https:\/\/www.hediyepazar.com\/?product=uzaktan-kontrollu-hd-bebek-kamerasi-zoom-ve-sicaklik-sensorlu"},"modified":"2026-05-06T20:39:20","modified_gmt":"2026-05-06T23:39:20","slug":"uzaktan-kontrollu-hd-bebek-kamerasi-zoom-ve-sicaklik-sensorlu","status":"publish","type":"product","link":"https:\/\/www.hediyepazar.com\/?product=uzaktan-kontrollu-hd-bebek-kamerasi-zoom-ve-sicaklik-sensorlu","title":{"rendered":"Uzaktan Kontroll\u00fc HD Bebek Kameras\u0131 Zoom ve S\u0131cakl\u0131k Sens\u00f6rl\u00fc"},"content":{"rendered":"<p>HD g\u00f6r\u00fcnt\u00fc kalitesi sunan bu bebek monit\u00f6r\u00fc, ebeveynlerin i\u00e7ini rahatlatan \u00f6zelliklerle donat\u0131lm\u0131\u015ft\u0131r. 720P \u00e7\u00f6z\u00fcn\u00fcrl\u00fck sayesinde g\u00f6r\u00fcnt\u00fcler net ve detayl\u0131d\u0131r. Geni\u015f ekranl\u0131 monit\u00f6r, kolay kullan\u0131m sa\u011flar.Uzaktan kontroll\u00fc kamera yap\u0131s\u0131, bebe\u011fin bulundu\u011fu alan\u0131 farkl\u0131 a\u00e7\u0131lardan g\u00f6rmenize imk\u00e2n tan\u0131r. Gece g\u00f6r\u00fc\u015f teknolojisi, \u0131\u015f\u0131k kapal\u0131yken bile kesintisiz izleme sunar. A\u011flama alg\u0131lama sistemi, bebe\u011finizin ihtiya\u00e7lar\u0131n\u0131 an\u0131nda fark etmenizi sa\u011flar.\u0130ki y\u00f6nl\u00fc ses \u00f6zelli\u011fi ile bebe\u011finizle konu\u015fabilir, onu uzaktan sakinle\u015ftirebilirsiniz. Dahili ninni ve alarm fonksiyonlar\u0131, g\u00fcnl\u00fck bak\u0131m rutinlerini kolayla\u015ft\u0131r\u0131r. S\u0131cakl\u0131k \u00f6l\u00e7\u00fcm \u00f6zelli\u011fi, bebe\u011finiz i\u00e7in ideal ortam ko\u015fullar\u0131n\u0131 koruman\u0131za yard\u0131mc\u0131 olur.Zoom deste\u011fi ile detayl\u0131 g\u00f6r\u00fcnt\u00fcleme yap\u0131labilir. Kablosuz yap\u0131s\u0131 sayesinde ev i\u00e7inde rahat ve g\u00fcvenli kullan\u0131m sunar.<\/p>\n","protected":false},"excerpt":{"rendered":"<p>HD g\u00f6r\u00fcnt\u00fc kalitesi sunan bu bebek monit\u00f6r\u00fc, ebeveynlerin i\u00e7ini rahatlatan \u00f6zelliklerle donat\u0131lm\u0131\u015ft\u0131r. 720P \u00e7\u00f6z\u00fcn\u00fcrl\u00fck sayesinde g\u00f6r\u00fcnt\u00fcler net ve detayl\u0131d\u0131r. Geni\u015f ekranl\u0131 monit\u00f6r, kolay kullan\u0131m sa\u011flar.Uzaktan kontroll\u00fc kamera yap\u0131s\u0131, bebe\u011fin bulundu\u011fu alan\u0131 farkl\u0131 a\u00e7\u0131lardan g\u00f6rmenize imk\u00e2n tan\u0131r. Gece g\u00f6r\u00fc\u015f teknolojisi, \u0131\u015f\u0131k kapal\u0131yken bile kesintisiz izleme sunar. A\u011flama alg\u0131lama sistemi, bebe\u011finizin ihtiya\u00e7lar\u0131n\u0131 an\u0131nda fark etmenizi sa\u011flar.\u0130ki y\u00f6nl\u00fc&#8230;<\/p>\n","protected":false},"featured_media":126590,"comment_status":"open","ping_status":"closed","template":"","meta":{"_kad_post_transparent":"","_kad_post_title":"","_kad_post_layout":"","_kad_post_sidebar_id":"","_kad_post_content_style":"","_kad_post_vertical_padding":"","_kad_post_feature":"","_kad_post_feature_position":"","_kad_post_header":false,"_kad_post_footer":false,"_kad_post_classname":""},"product_brand":[],"product_cat":[14927],"product_tag":[],"class_list":{"0":"post-126591","1":"product","2":"type-product","3":"status-publish","4":"has-post-thumbnail","6":"product_cat-akilli-kamera-akilli-kamera","8":"first","9":"instock","10":"purchasable","11":"product-type-simple","12":"entry","13":"content-bg","14":"loop-entry"},"_links":{"self":[{"href":"https:\/\/www.hediyepazar.com\/index.php?rest_route=\/wp\/v2\/product\/126591","targetHints":{"allow":["GET"]}}],"collection":[{"href":"https:\/\/www.hediyepazar.com\/index.php?rest_route=\/wp\/v2\/product"}],"about":[{"href":"https:\/\/www.hediyepazar.com\/index.php?rest_route=\/wp\/v2\/types\/product"}],"replies":[{"embeddable":true,"href":"https:\/\/www.hediyepazar.com\/index.php?rest_route=%2Fwp%2Fv2%2Fcomments&post=126591"}],"wp:featuredmedia":[{"embeddable":true,"href":"https:\/\/www.hediyepazar.com\/index.php?rest_route=\/wp\/v2\/media\/126590"}],"wp:attachment":[{"href":"https:\/\/www.hediyepazar.com\/index.php?rest_route=%2Fwp%2Fv2%2Fmedia&parent=126591"}],"wp:term":[{"taxonomy":"product_brand","embeddable":true,"href":"https:\/\/www.hediyepazar.com\/index.php?rest_route=%2Fwp%2Fv2%2Fproduct_brand&post=126591"},{"taxonomy":"product_cat","embeddable":true,"href":"https:\/\/www.hediyepazar.com\/index.php?rest_route=%2Fwp%2Fv2%2Fproduct_cat&post=126591"},{"taxonomy":"product_tag","embeddable":true,"href":"https:\/\/www.hediyepazar.com\/index.php?rest_route=%2Fwp%2Fv2%2Fproduct_tag&post=126591"}],"curies":[{"name":"wp","href":"https:\/\/api.w.org\/{rel}","templated":true}]}}