{"id":126599,"date":"2026-05-06T20:40:20","date_gmt":"2026-05-06T23:40:20","guid":{"rendered":"https:\/\/www.hediyepazar.com\/?product=yakinlastirma-ozellikli-gece-goruslu-bebek-izleme-kamerasi"},"modified":"2026-05-06T20:40:20","modified_gmt":"2026-05-06T23:40:20","slug":"yakinlastirma-ozellikli-gece-goruslu-bebek-izleme-kamerasi","status":"publish","type":"product","link":"https:\/\/www.hediyepazar.com\/?product=yakinlastirma-ozellikli-gece-goruslu-bebek-izleme-kamerasi","title":{"rendered":"Yak\u0131nla\u015ft\u0131rma \u00d6zellikli Gece G\u00f6r\u00fc\u015fl\u00fc Bebek \u0130zleme Kameras\u0131"},"content":{"rendered":"<p>Kablosuz bebek monit\u00f6r\u00fc, g\u00fcvenli ileti\u015fim ve net g\u00f6r\u00fcnt\u00fc kalitesi sunmak \u00fczere geli\u015ftirilmi\u015ftir. Karanl\u0131k ortamda otomatik devreye giren k\u0131z\u0131l\u00f6tesi gece g\u00f6r\u00fc\u015f modu, gece boyunca bebe\u011finizi rahatl\u0131kla izlemenizi sa\u011flar.A\u011flama ve hareket alg\u0131lama \u00f6zellikleri sayesinde bebe\u011finizin huzursuzluklar\u0131n\u0131 an\u0131nda fark edebilirsiniz. Yak\u0131nla\u015ft\u0131rma deste\u011fi, bebe\u011finizin her detay\u0131n\u0131 net \u015fekilde g\u00f6rmenize olanak tan\u0131r. G\u00fcnl\u00fck beslenme programlar\u0131 i\u00e7in ayarlanabilir hat\u0131rlat\u0131c\u0131lar ebeveynlere b\u00fcy\u00fck kolayl\u0131k sa\u011flar.Oda s\u0131cakl\u0131\u011f\u0131 alarm\u0131, bebe\u011finizin bulundu\u011fu ortam\u0131n ideal ko\u015fullarda kalmas\u0131na yard\u0131mc\u0131 olur. \u0130ki y\u00f6nl\u00fc ses sistemi, bebe\u011finizle uzaktan ileti\u015fim kurman\u0131z\u0131 sa\u011flar ve ninni \u00f6zelli\u011fi ile sakinle\u015fmesine yard\u0131mc\u0131 olur.WiFi\u2019siz kullan\u0131m ve dijital \u015fifreleme teknolojisi, g\u00fcvenli ve \u00f6zel bir izleme deneyimi sunar.<\/p>\n","protected":false},"excerpt":{"rendered":"<p>Kablosuz bebek monit\u00f6r\u00fc, g\u00fcvenli ileti\u015fim ve net g\u00f6r\u00fcnt\u00fc kalitesi sunmak \u00fczere geli\u015ftirilmi\u015ftir. Karanl\u0131k ortamda otomatik devreye giren k\u0131z\u0131l\u00f6tesi gece g\u00f6r\u00fc\u015f modu, gece boyunca bebe\u011finizi rahatl\u0131kla izlemenizi sa\u011flar.A\u011flama ve hareket alg\u0131lama \u00f6zellikleri sayesinde bebe\u011finizin huzursuzluklar\u0131n\u0131 an\u0131nda fark edebilirsiniz. Yak\u0131nla\u015ft\u0131rma deste\u011fi, bebe\u011finizin her detay\u0131n\u0131 net \u015fekilde g\u00f6rmenize olanak tan\u0131r. G\u00fcnl\u00fck beslenme programlar\u0131 i\u00e7in ayarlanabilir hat\u0131rlat\u0131c\u0131lar ebeveynlere b\u00fcy\u00fck&#8230;<\/p>\n","protected":false},"featured_media":126598,"comment_status":"open","ping_status":"closed","template":"","meta":{"_kad_post_transparent":"","_kad_post_title":"","_kad_post_layout":"","_kad_post_sidebar_id":"","_kad_post_content_style":"","_kad_post_vertical_padding":"","_kad_post_feature":"","_kad_post_feature_position":"","_kad_post_header":false,"_kad_post_footer":false,"_kad_post_classname":""},"product_brand":[],"product_cat":[14927],"product_tag":[],"class_list":{"0":"post-126599","1":"product","2":"type-product","3":"status-publish","4":"has-post-thumbnail","6":"product_cat-akilli-kamera-akilli-kamera","8":"first","9":"instock","10":"purchasable","11":"product-type-simple","12":"entry","13":"content-bg","14":"loop-entry"},"_links":{"self":[{"href":"https:\/\/www.hediyepazar.com\/index.php?rest_route=\/wp\/v2\/product\/126599","targetHints":{"allow":["GET"]}}],"collection":[{"href":"https:\/\/www.hediyepazar.com\/index.php?rest_route=\/wp\/v2\/product"}],"about":[{"href":"https:\/\/www.hediyepazar.com\/index.php?rest_route=\/wp\/v2\/types\/product"}],"replies":[{"embeddable":true,"href":"https:\/\/www.hediyepazar.com\/index.php?rest_route=%2Fwp%2Fv2%2Fcomments&post=126599"}],"wp:featuredmedia":[{"embeddable":true,"href":"https:\/\/www.hediyepazar.com\/index.php?rest_route=\/wp\/v2\/media\/126598"}],"wp:attachment":[{"href":"https:\/\/www.hediyepazar.com\/index.php?rest_route=%2Fwp%2Fv2%2Fmedia&parent=126599"}],"wp:term":[{"taxonomy":"product_brand","embeddable":true,"href":"https:\/\/www.hediyepazar.com\/index.php?rest_route=%2Fwp%2Fv2%2Fproduct_brand&post=126599"},{"taxonomy":"product_cat","embeddable":true,"href":"https:\/\/www.hediyepazar.com\/index.php?rest_route=%2Fwp%2Fv2%2Fproduct_cat&post=126599"},{"taxonomy":"product_tag","embeddable":true,"href":"https:\/\/www.hediyepazar.com\/index.php?rest_route=%2Fwp%2Fv2%2Fproduct_tag&post=126599"}],"curies":[{"name":"wp","href":"https:\/\/api.w.org\/{rel}","templated":true}]}}