{"id":126607,"date":"2026-05-06T20:41:14","date_gmt":"2026-05-06T23:41:14","guid":{"rendered":"https:\/\/www.hediyepazar.com\/?product=saglikli-atistirmaliklar-icin-yagsiz-popcorn-makinesi"},"modified":"2026-05-06T20:41:14","modified_gmt":"2026-05-06T23:41:14","slug":"saglikli-atistirmaliklar-icin-yagsiz-popcorn-makinesi","status":"publish","type":"product","link":"https:\/\/www.hediyepazar.com\/?product=saglikli-atistirmaliklar-icin-yagsiz-popcorn-makinesi","title":{"rendered":"Sa\u011fl\u0131kl\u0131 At\u0131\u015ft\u0131rmal\u0131klar \u0130\u00e7in Ya\u011fs\u0131z Popcorn Makinesi"},"content":{"rendered":"<p>S\u0131cak hava teknolojili popcorn makinesi, ya\u011fs\u0131z kullan\u0131m \u00f6zelli\u011fi ile sa\u011fl\u0131kl\u0131 at\u0131\u015ft\u0131rmal\u0131klar haz\u0131rlaman\u0131za olanak tan\u0131r. M\u0131s\u0131rlar, patlatma odas\u0131nda s\u0131cak hava ile e\u015fit \u015fekilde patlat\u0131l\u0131r ve do\u011fal lezzeti korunur. Yap\u0131\u015fmaz y\u00fczeyi sayesinde temizlik olduk\u00e7a pratiktir.Geni\u015f haznesi sayesinde tek seferde fazla popcorn haz\u0131rlayabilirsiniz. 5 dakika gibi k\u0131sa s\u00fcrede haz\u0131r hale gelen popcorn, film izlerken veya misafir a\u011f\u0131rlarken b\u00fcy\u00fck kolayl\u0131k sa\u011flar. E\u011flencelik ve pratik at\u0131\u015ft\u0131rmal\u0131klar i\u00e7in idealdir.Nostaljik tasar\u0131m\u0131 ile dikkat \u00e7eken bu \u00fcr\u00fcn, mutfa\u011f\u0131n\u0131za \u015f\u0131k bir g\u00f6r\u00fcn\u00fcm kazand\u0131r\u0131r. Sa\u011fl\u0131kl\u0131, h\u0131zl\u0131 ve keyifli popcorn deneyimi sunan bu makine, g\u00fcnl\u00fck kullan\u0131m i\u00e7in uygundur.<\/p>\n","protected":false},"excerpt":{"rendered":"<p>S\u0131cak hava teknolojili popcorn makinesi, ya\u011fs\u0131z kullan\u0131m \u00f6zelli\u011fi ile sa\u011fl\u0131kl\u0131 at\u0131\u015ft\u0131rmal\u0131klar haz\u0131rlaman\u0131za olanak tan\u0131r. M\u0131s\u0131rlar, patlatma odas\u0131nda s\u0131cak hava ile e\u015fit \u015fekilde patlat\u0131l\u0131r ve do\u011fal lezzeti korunur. Yap\u0131\u015fmaz y\u00fczeyi sayesinde temizlik olduk\u00e7a pratiktir.Geni\u015f haznesi sayesinde tek seferde fazla popcorn haz\u0131rlayabilirsiniz. 5 dakika gibi k\u0131sa s\u00fcrede haz\u0131r hale gelen popcorn, film izlerken veya misafir a\u011f\u0131rlarken b\u00fcy\u00fck&#8230;<\/p>\n","protected":false},"featured_media":126606,"comment_status":"open","ping_status":"closed","template":"","meta":{"_kad_post_transparent":"","_kad_post_title":"","_kad_post_layout":"","_kad_post_sidebar_id":"","_kad_post_content_style":"","_kad_post_vertical_padding":"","_kad_post_feature":"","_kad_post_feature_position":"","_kad_post_header":false,"_kad_post_footer":false,"_kad_post_classname":""},"product_brand":[],"product_cat":[15068],"product_tag":[],"class_list":{"0":"post-126607","1":"product","2":"type-product","3":"status-publish","4":"has-post-thumbnail","6":"product_cat-pratik-mutfak-gerecleri-pratik-mutfak-gerecleri-2","8":"first","9":"instock","10":"purchasable","11":"product-type-simple","12":"entry","13":"content-bg","14":"loop-entry"},"_links":{"self":[{"href":"https:\/\/www.hediyepazar.com\/index.php?rest_route=\/wp\/v2\/product\/126607","targetHints":{"allow":["GET"]}}],"collection":[{"href":"https:\/\/www.hediyepazar.com\/index.php?rest_route=\/wp\/v2\/product"}],"about":[{"href":"https:\/\/www.hediyepazar.com\/index.php?rest_route=\/wp\/v2\/types\/product"}],"replies":[{"embeddable":true,"href":"https:\/\/www.hediyepazar.com\/index.php?rest_route=%2Fwp%2Fv2%2Fcomments&post=126607"}],"wp:featuredmedia":[{"embeddable":true,"href":"https:\/\/www.hediyepazar.com\/index.php?rest_route=\/wp\/v2\/media\/126606"}],"wp:attachment":[{"href":"https:\/\/www.hediyepazar.com\/index.php?rest_route=%2Fwp%2Fv2%2Fmedia&parent=126607"}],"wp:term":[{"taxonomy":"product_brand","embeddable":true,"href":"https:\/\/www.hediyepazar.com\/index.php?rest_route=%2Fwp%2Fv2%2Fproduct_brand&post=126607"},{"taxonomy":"product_cat","embeddable":true,"href":"https:\/\/www.hediyepazar.com\/index.php?rest_route=%2Fwp%2Fv2%2Fproduct_cat&post=126607"},{"taxonomy":"product_tag","embeddable":true,"href":"https:\/\/www.hediyepazar.com\/index.php?rest_route=%2Fwp%2Fv2%2Fproduct_tag&post=126607"}],"curies":[{"name":"wp","href":"https:\/\/api.w.org\/{rel}","templated":true}]}}