{"id":126611,"date":"2026-05-06T20:42:01","date_gmt":"2026-05-06T23:42:01","guid":{"rendered":"https:\/\/www.hediyepazar.com\/?product=sicak-hava-teknolojili-yapismaz-popcorn-makinesi"},"modified":"2026-05-06T20:42:01","modified_gmt":"2026-05-06T23:42:01","slug":"sicak-hava-teknolojili-yapismaz-popcorn-makinesi","status":"publish","type":"product","link":"https:\/\/www.hediyepazar.com\/?product=sicak-hava-teknolojili-yapismaz-popcorn-makinesi","title":{"rendered":"S\u0131cak Hava Teknolojili Yap\u0131\u015fmaz Popcorn Makinesi"},"content":{"rendered":"<p>Bu ya\u011fs\u0131z popcorn makinesi, s\u0131cak hava teknolojisi ile \u00e7al\u0131\u015farak sa\u011fl\u0131kl\u0131 at\u0131\u015ft\u0131rmal\u0131klar haz\u0131rlaman\u0131za olanak tan\u0131r. Ya\u011f eklemeden m\u0131s\u0131rlar\u0131 patlat\u0131r ve do\u011fal aromas\u0131n\u0131 korur. Yap\u0131\u015fmaz y\u00fczeyi sayesinde m\u0131s\u0131rlar e\u015fit \u015fekilde patlar ve temizlik zahmetsiz hale gelir.Geni\u015f patlatma odas\u0131, tek seferde fazla miktarda popcorn haz\u0131rlanmas\u0131na imkan tan\u0131r. 5 dakika i\u00e7inde haz\u0131r hale gelen popcorn, ani misafirler veya h\u0131zl\u0131 at\u0131\u015ft\u0131rmal\u0131k ihtiyac\u0131 i\u00e7in b\u00fcy\u00fck kolayl\u0131k sa\u011flar. Film geceleri, \u00e7ocuk etkinlikleri ve aile bulu\u015fmalar\u0131 i\u00e7in ideal bir kullan\u0131m sunar.Nostaljik tasar\u0131m\u0131 ile dikkat \u00e7eken bu popcorn makinesi, sadece mutfakta de\u011fil, e\u011flencenin oldu\u011fu her ortamda keyifle kullan\u0131labilir. Sa\u011fl\u0131kl\u0131 ya\u015fam\u0131 benimseyenler i\u00e7in ya\u011fs\u0131z ve pratik bir alternatif sunar.<\/p>\n","protected":false},"excerpt":{"rendered":"<p>Bu ya\u011fs\u0131z popcorn makinesi, s\u0131cak hava teknolojisi ile \u00e7al\u0131\u015farak sa\u011fl\u0131kl\u0131 at\u0131\u015ft\u0131rmal\u0131klar haz\u0131rlaman\u0131za olanak tan\u0131r. Ya\u011f eklemeden m\u0131s\u0131rlar\u0131 patlat\u0131r ve do\u011fal aromas\u0131n\u0131 korur. Yap\u0131\u015fmaz y\u00fczeyi sayesinde m\u0131s\u0131rlar e\u015fit \u015fekilde patlar ve temizlik zahmetsiz hale gelir.Geni\u015f patlatma odas\u0131, tek seferde fazla miktarda popcorn haz\u0131rlanmas\u0131na imkan tan\u0131r. 5 dakika i\u00e7inde haz\u0131r hale gelen popcorn, ani misafirler veya h\u0131zl\u0131&#8230;<\/p>\n","protected":false},"featured_media":126610,"comment_status":"open","ping_status":"closed","template":"","meta":{"_kad_post_transparent":"","_kad_post_title":"","_kad_post_layout":"","_kad_post_sidebar_id":"","_kad_post_content_style":"","_kad_post_vertical_padding":"","_kad_post_feature":"","_kad_post_feature_position":"","_kad_post_header":false,"_kad_post_footer":false,"_kad_post_classname":""},"product_brand":[],"product_cat":[15068],"product_tag":[],"class_list":{"0":"post-126611","1":"product","2":"type-product","3":"status-publish","4":"has-post-thumbnail","6":"product_cat-pratik-mutfak-gerecleri-pratik-mutfak-gerecleri-2","8":"first","9":"instock","10":"purchasable","11":"product-type-simple","12":"entry","13":"content-bg","14":"loop-entry"},"_links":{"self":[{"href":"https:\/\/www.hediyepazar.com\/index.php?rest_route=\/wp\/v2\/product\/126611","targetHints":{"allow":["GET"]}}],"collection":[{"href":"https:\/\/www.hediyepazar.com\/index.php?rest_route=\/wp\/v2\/product"}],"about":[{"href":"https:\/\/www.hediyepazar.com\/index.php?rest_route=\/wp\/v2\/types\/product"}],"replies":[{"embeddable":true,"href":"https:\/\/www.hediyepazar.com\/index.php?rest_route=%2Fwp%2Fv2%2Fcomments&post=126611"}],"wp:featuredmedia":[{"embeddable":true,"href":"https:\/\/www.hediyepazar.com\/index.php?rest_route=\/wp\/v2\/media\/126610"}],"wp:attachment":[{"href":"https:\/\/www.hediyepazar.com\/index.php?rest_route=%2Fwp%2Fv2%2Fmedia&parent=126611"}],"wp:term":[{"taxonomy":"product_brand","embeddable":true,"href":"https:\/\/www.hediyepazar.com\/index.php?rest_route=%2Fwp%2Fv2%2Fproduct_brand&post=126611"},{"taxonomy":"product_cat","embeddable":true,"href":"https:\/\/www.hediyepazar.com\/index.php?rest_route=%2Fwp%2Fv2%2Fproduct_cat&post=126611"},{"taxonomy":"product_tag","embeddable":true,"href":"https:\/\/www.hediyepazar.com\/index.php?rest_route=%2Fwp%2Fv2%2Fproduct_tag&post=126611"}],"curies":[{"name":"wp","href":"https:\/\/api.w.org\/{rel}","templated":true}]}}