{"id":126627,"date":"2026-05-06T20:44:24","date_gmt":"2026-05-06T23:44:24","guid":{"rendered":"https:\/\/www.hediyepazar.com\/?product=yuksek-kapasiteli-22-5w-hizli-sarj-tasinabilir-powerbank"},"modified":"2026-05-06T20:44:24","modified_gmt":"2026-05-06T23:44:24","slug":"yuksek-kapasiteli-22-5w-hizli-sarj-tasinabilir-powerbank","status":"publish","type":"product","link":"https:\/\/www.hediyepazar.com\/?product=yuksek-kapasiteli-22-5w-hizli-sarj-tasinabilir-powerbank","title":{"rendered":"Y\u00fcksek Kapasiteli 22.5W H\u0131zl\u0131 \u015earj Ta\u015f\u0131nabilir Powerbank"},"content":{"rendered":"<p>G\u00fcnl\u00fck enerji ihtiyac\u0131n\u0131z\u0131 kar\u015f\u0131lamak i\u00e7in tasarlanan bu ta\u015f\u0131nabilir powerbank, 10000 mAh kapasitesi ve 22.5W h\u0131zl\u0131 \u015farj deste\u011fi ile y\u00fcksek performans sunar. Kablosuz \u015farj \u00f6zelli\u011fi ve \u00e7oklu \u00e7\u0131k\u0131\u015f se\u00e7enekleri sayesinde ayn\u0131 anda farkl\u0131 cihazlarla kullan\u0131labilir.4\u2019\u00fc 1 arada tasar\u0131m\u0131, telefon, ak\u0131ll\u0131 saat ve di\u011fer mobil cihazlarla geni\u015f uyumluluk sa\u011flar. Kompakt yap\u0131s\u0131 sayesinde seyahatlerde ve d\u0131\u015f mekan kullan\u0131mlar\u0131nda b\u00fcy\u00fck avantaj sunar.Ak\u0131ll\u0131 \u015farj teknolojisi, cihaz\u0131n\u0131za en uygun g\u00fcc\u00fc sa\u011flayarak batarya \u00f6mr\u00fcn\u00fc korur. Dayan\u0131kl\u0131 d\u0131\u015f kaplama, uzun s\u00fcreli kullan\u0131m i\u00e7in ekstra koruma sa\u011flar.Fonksiyonellik, h\u0131z ve g\u00fcvenli\u011fi bir arada sunan bu powerbank, g\u00fcnl\u00fck kullan\u0131m i\u00e7in ideal bir enerji \u00e7\u00f6z\u00fcm\u00fcd\u00fcr.<\/p>\n","protected":false},"excerpt":{"rendered":"<p>G\u00fcnl\u00fck enerji ihtiyac\u0131n\u0131z\u0131 kar\u015f\u0131lamak i\u00e7in tasarlanan bu ta\u015f\u0131nabilir powerbank, 10000 mAh kapasitesi ve 22.5W h\u0131zl\u0131 \u015farj deste\u011fi ile y\u00fcksek performans sunar. Kablosuz \u015farj \u00f6zelli\u011fi ve \u00e7oklu \u00e7\u0131k\u0131\u015f se\u00e7enekleri sayesinde ayn\u0131 anda farkl\u0131 cihazlarla kullan\u0131labilir.4\u2019\u00fc 1 arada tasar\u0131m\u0131, telefon, ak\u0131ll\u0131 saat ve di\u011fer mobil cihazlarla geni\u015f uyumluluk sa\u011flar. Kompakt yap\u0131s\u0131 sayesinde seyahatlerde ve d\u0131\u015f mekan kullan\u0131mlar\u0131nda&#8230;<\/p>\n","protected":false},"featured_media":126626,"comment_status":"open","ping_status":"closed","template":"","meta":{"_kad_post_transparent":"","_kad_post_title":"","_kad_post_layout":"","_kad_post_sidebar_id":"","_kad_post_content_style":"","_kad_post_vertical_padding":"","_kad_post_feature":"","_kad_post_feature_position":"","_kad_post_header":false,"_kad_post_footer":false,"_kad_post_classname":""},"product_brand":[],"product_cat":[14937],"product_tag":[],"class_list":{"0":"post-126627","1":"product","2":"type-product","3":"status-publish","4":"has-post-thumbnail","6":"product_cat-powerbank-powerbank-2","8":"first","9":"instock","10":"purchasable","11":"product-type-simple","12":"entry","13":"content-bg","14":"loop-entry"},"_links":{"self":[{"href":"https:\/\/www.hediyepazar.com\/index.php?rest_route=\/wp\/v2\/product\/126627","targetHints":{"allow":["GET"]}}],"collection":[{"href":"https:\/\/www.hediyepazar.com\/index.php?rest_route=\/wp\/v2\/product"}],"about":[{"href":"https:\/\/www.hediyepazar.com\/index.php?rest_route=\/wp\/v2\/types\/product"}],"replies":[{"embeddable":true,"href":"https:\/\/www.hediyepazar.com\/index.php?rest_route=%2Fwp%2Fv2%2Fcomments&post=126627"}],"wp:featuredmedia":[{"embeddable":true,"href":"https:\/\/www.hediyepazar.com\/index.php?rest_route=\/wp\/v2\/media\/126626"}],"wp:attachment":[{"href":"https:\/\/www.hediyepazar.com\/index.php?rest_route=%2Fwp%2Fv2%2Fmedia&parent=126627"}],"wp:term":[{"taxonomy":"product_brand","embeddable":true,"href":"https:\/\/www.hediyepazar.com\/index.php?rest_route=%2Fwp%2Fv2%2Fproduct_brand&post=126627"},{"taxonomy":"product_cat","embeddable":true,"href":"https:\/\/www.hediyepazar.com\/index.php?rest_route=%2Fwp%2Fv2%2Fproduct_cat&post=126627"},{"taxonomy":"product_tag","embeddable":true,"href":"https:\/\/www.hediyepazar.com\/index.php?rest_route=%2Fwp%2Fv2%2Fproduct_tag&post=126627"}],"curies":[{"name":"wp","href":"https:\/\/api.w.org\/{rel}","templated":true}]}}