{"id":126675,"date":"2026-05-06T20:51:08","date_gmt":"2026-05-06T23:51:08","guid":{"rendered":"https:\/\/www.hediyepazar.com\/?product=arac-ici-nemlendirici-aromaterapi-ve-hizli-sarj-bir-arada"},"modified":"2026-05-06T20:51:08","modified_gmt":"2026-05-06T23:51:08","slug":"arac-ici-nemlendirici-aromaterapi-ve-hizli-sarj-bir-arada","status":"publish","type":"product","link":"https:\/\/www.hediyepazar.com\/?product=arac-ici-nemlendirici-aromaterapi-ve-hizli-sarj-bir-arada","title":{"rendered":"Ara\u00e7 \u0130\u00e7i Nemlendirici Aromaterapi ve H\u0131zl\u0131 \u015earj Bir Arada"},"content":{"rendered":"<p>Ara\u00e7 \u0130\u00e7i Nemlendirici Aromaterapi ve H\u0131zl\u0131 \u015earj Bir Arada \u00fcr\u00fcn\u00fc, s\u00fcr\u00fc\u015f konforunu art\u0131rmak isteyen kullan\u0131c\u0131lar i\u00e7in ideal bir ara\u00e7 aksesuar\u0131d\u0131r. \u00c7ok fonksiyonlu yap\u0131s\u0131 ile ara\u00e7 i\u00e7i deneyimi iyile\u015ftirir.\u015earj \u00f6zelli\u011fi g\u00fcvenlidir ve h\u0131zl\u0131d\u0131r. Nemlendirici fonksiyon, daha sa\u011fl\u0131kl\u0131 bir hava ortam\u0131 sunar. Aroma \u00f6zelli\u011fi, stres azalt\u0131c\u0131 etki sa\u011flar.Y\u0131ld\u0131z \u0131\u015f\u0131k ambiyans\u0131, ara\u00e7 i\u00e7ini modern bir g\u00f6r\u00fcn\u00fcme kavu\u015fturur. Dayan\u0131kl\u0131 malzemeden \u00fcretilmi\u015ftir ve uzun \u00f6m\u00fcrl\u00fc kullan\u0131m sunar.<\/p>\n","protected":false},"excerpt":{"rendered":"<p>Ara\u00e7 \u0130\u00e7i Nemlendirici Aromaterapi ve H\u0131zl\u0131 \u015earj Bir Arada \u00fcr\u00fcn\u00fc, s\u00fcr\u00fc\u015f konforunu art\u0131rmak isteyen kullan\u0131c\u0131lar i\u00e7in ideal bir ara\u00e7 aksesuar\u0131d\u0131r. \u00c7ok fonksiyonlu yap\u0131s\u0131 ile ara\u00e7 i\u00e7i deneyimi iyile\u015ftirir.\u015earj \u00f6zelli\u011fi g\u00fcvenlidir ve h\u0131zl\u0131d\u0131r. Nemlendirici fonksiyon, daha sa\u011fl\u0131kl\u0131 bir hava ortam\u0131 sunar. Aroma \u00f6zelli\u011fi, stres azalt\u0131c\u0131 etki sa\u011flar.Y\u0131ld\u0131z \u0131\u015f\u0131k ambiyans\u0131, ara\u00e7 i\u00e7ini modern bir g\u00f6r\u00fcn\u00fcme kavu\u015fturur. Dayan\u0131kl\u0131&#8230;<\/p>\n","protected":false},"featured_media":126674,"comment_status":"open","ping_status":"closed","template":"","meta":{"_kad_post_transparent":"","_kad_post_title":"","_kad_post_layout":"","_kad_post_sidebar_id":"","_kad_post_content_style":"","_kad_post_vertical_padding":"","_kad_post_feature":"","_kad_post_feature_position":"","_kad_post_header":false,"_kad_post_footer":false,"_kad_post_classname":""},"product_brand":[],"product_cat":[14965],"product_tag":[],"class_list":{"0":"post-126675","1":"product","2":"type-product","3":"status-publish","4":"has-post-thumbnail","6":"product_cat-hava-nemlendirici-hava-nemlendirici","8":"first","9":"instock","10":"purchasable","11":"product-type-simple","12":"entry","13":"content-bg","14":"loop-entry"},"_links":{"self":[{"href":"https:\/\/www.hediyepazar.com\/index.php?rest_route=\/wp\/v2\/product\/126675","targetHints":{"allow":["GET"]}}],"collection":[{"href":"https:\/\/www.hediyepazar.com\/index.php?rest_route=\/wp\/v2\/product"}],"about":[{"href":"https:\/\/www.hediyepazar.com\/index.php?rest_route=\/wp\/v2\/types\/product"}],"replies":[{"embeddable":true,"href":"https:\/\/www.hediyepazar.com\/index.php?rest_route=%2Fwp%2Fv2%2Fcomments&post=126675"}],"wp:featuredmedia":[{"embeddable":true,"href":"https:\/\/www.hediyepazar.com\/index.php?rest_route=\/wp\/v2\/media\/126674"}],"wp:attachment":[{"href":"https:\/\/www.hediyepazar.com\/index.php?rest_route=%2Fwp%2Fv2%2Fmedia&parent=126675"}],"wp:term":[{"taxonomy":"product_brand","embeddable":true,"href":"https:\/\/www.hediyepazar.com\/index.php?rest_route=%2Fwp%2Fv2%2Fproduct_brand&post=126675"},{"taxonomy":"product_cat","embeddable":true,"href":"https:\/\/www.hediyepazar.com\/index.php?rest_route=%2Fwp%2Fv2%2Fproduct_cat&post=126675"},{"taxonomy":"product_tag","embeddable":true,"href":"https:\/\/www.hediyepazar.com\/index.php?rest_route=%2Fwp%2Fv2%2Fproduct_tag&post=126675"}],"curies":[{"name":"wp","href":"https:\/\/api.w.org\/{rel}","templated":true}]}}