{"id":126677,"date":"2026-05-06T20:51:13","date_gmt":"2026-05-06T23:51:13","guid":{"rendered":"https:\/\/www.hediyepazar.com\/?product=arac-sarj-aleti-yildiz-tavan-isikli-hava-nemlendirici-aroma-aparati"},"modified":"2026-05-06T20:51:13","modified_gmt":"2026-05-06T23:51:13","slug":"arac-sarj-aleti-yildiz-tavan-isikli-hava-nemlendirici-aroma-aparati","status":"publish","type":"product","link":"https:\/\/www.hediyepazar.com\/?product=arac-sarj-aleti-yildiz-tavan-isikli-hava-nemlendirici-aroma-aparati","title":{"rendered":"Ara\u00e7 \u015earj Aleti Y\u0131ld\u0131z Tavan I\u015f\u0131kl\u0131 Hava Nemlendirici Aroma Aparat\u0131"},"content":{"rendered":"<p>Ara\u00e7 \u015earj Aleti Y\u0131ld\u0131z Tavan I\u015f\u0131kl\u0131 Hava Nemlendirici Aroma Aparat\u0131, ara\u00e7 i\u00e7i teknolojiyi ileri seviyeye ta\u015f\u0131yan \u00e7ok ama\u00e7l\u0131 bir \u00e7\u00f6z\u00fcmd\u00fcr. \u015earj, nemlendirme, koku ve \u0131\u015f\u0131k fonksiyonlar\u0131n\u0131 tek cihazda sunar.\u015earj \u00f6zelli\u011fi, farkl\u0131 cihazlarla uyumlu olacak \u015fekilde tasarlanm\u0131\u015ft\u0131r. G\u00fcvenli ve stabil enerji aktar\u0131m\u0131 sa\u011flar. Nemlendirici fonksiyonu, kuru havay\u0131 dengeler.Aromaterapi \u00f6zelli\u011fi sayesinde ara\u00e7 i\u00e7inde ferah bir atmosfer olu\u015fur. Y\u0131ld\u0131z \u0131\u015f\u0131k efekti ise \u00f6zellikle gece s\u00fcr\u00fc\u015flerinde estetik bir ambiyans sunar.Kompakt yap\u0131s\u0131 sayesinde ara\u00e7 i\u00e7inde yer kaplamaz. Kolay kurulum sunar ve g\u00fcnl\u00fck kullan\u0131mda pratiklik sa\u011flar.<\/p>\n","protected":false},"excerpt":{"rendered":"<p>Ara\u00e7 \u015earj Aleti Y\u0131ld\u0131z Tavan I\u015f\u0131kl\u0131 Hava Nemlendirici Aroma Aparat\u0131, ara\u00e7 i\u00e7i teknolojiyi ileri seviyeye ta\u015f\u0131yan \u00e7ok ama\u00e7l\u0131 bir \u00e7\u00f6z\u00fcmd\u00fcr. \u015earj, nemlendirme, koku ve \u0131\u015f\u0131k fonksiyonlar\u0131n\u0131 tek cihazda sunar.\u015earj \u00f6zelli\u011fi, farkl\u0131 cihazlarla uyumlu olacak \u015fekilde tasarlanm\u0131\u015ft\u0131r. G\u00fcvenli ve stabil enerji aktar\u0131m\u0131 sa\u011flar. Nemlendirici fonksiyonu, kuru havay\u0131 dengeler.Aromaterapi \u00f6zelli\u011fi sayesinde ara\u00e7 i\u00e7inde ferah bir atmosfer olu\u015fur&#8230;.<\/p>\n","protected":false},"featured_media":126676,"comment_status":"open","ping_status":"closed","template":"","meta":{"_kad_post_transparent":"","_kad_post_title":"","_kad_post_layout":"","_kad_post_sidebar_id":"","_kad_post_content_style":"","_kad_post_vertical_padding":"","_kad_post_feature":"","_kad_post_feature_position":"","_kad_post_header":false,"_kad_post_footer":false,"_kad_post_classname":""},"product_brand":[],"product_cat":[14965],"product_tag":[],"class_list":{"0":"post-126677","1":"product","2":"type-product","3":"status-publish","4":"has-post-thumbnail","6":"product_cat-hava-nemlendirici-hava-nemlendirici","8":"first","9":"instock","10":"purchasable","11":"product-type-simple","12":"entry","13":"content-bg","14":"loop-entry"},"_links":{"self":[{"href":"https:\/\/www.hediyepazar.com\/index.php?rest_route=\/wp\/v2\/product\/126677","targetHints":{"allow":["GET"]}}],"collection":[{"href":"https:\/\/www.hediyepazar.com\/index.php?rest_route=\/wp\/v2\/product"}],"about":[{"href":"https:\/\/www.hediyepazar.com\/index.php?rest_route=\/wp\/v2\/types\/product"}],"replies":[{"embeddable":true,"href":"https:\/\/www.hediyepazar.com\/index.php?rest_route=%2Fwp%2Fv2%2Fcomments&post=126677"}],"wp:featuredmedia":[{"embeddable":true,"href":"https:\/\/www.hediyepazar.com\/index.php?rest_route=\/wp\/v2\/media\/126676"}],"wp:attachment":[{"href":"https:\/\/www.hediyepazar.com\/index.php?rest_route=%2Fwp%2Fv2%2Fmedia&parent=126677"}],"wp:term":[{"taxonomy":"product_brand","embeddable":true,"href":"https:\/\/www.hediyepazar.com\/index.php?rest_route=%2Fwp%2Fv2%2Fproduct_brand&post=126677"},{"taxonomy":"product_cat","embeddable":true,"href":"https:\/\/www.hediyepazar.com\/index.php?rest_route=%2Fwp%2Fv2%2Fproduct_cat&post=126677"},{"taxonomy":"product_tag","embeddable":true,"href":"https:\/\/www.hediyepazar.com\/index.php?rest_route=%2Fwp%2Fv2%2Fproduct_tag&post=126677"}],"curies":[{"name":"wp","href":"https:\/\/api.w.org\/{rel}","templated":true}]}}