{"id":126695,"date":"2026-05-06T20:54:02","date_gmt":"2026-05-06T23:54:02","guid":{"rendered":"https:\/\/www.hediyepazar.com\/?product=matrix-led-cama-yapisan-telefon-kontrollu-panel-dijital-ekran-kumandali"},"modified":"2026-05-06T20:54:02","modified_gmt":"2026-05-06T23:54:02","slug":"matrix-led-cama-yapisan-telefon-kontrollu-panel-dijital-ekran-kumandali","status":"publish","type":"product","link":"https:\/\/www.hediyepazar.com\/?product=matrix-led-cama-yapisan-telefon-kontrollu-panel-dijital-ekran-kumandali","title":{"rendered":"Matrix Led Cama Yap\u0131\u015fan Telefon Kontroll\u00fc Panel Dijital Ekran Kumandal\u0131"},"content":{"rendered":"<p>Bu yenilik\u00e7i LED ayd\u0131nlatma \u00fcr\u00fcn\u00fc, g\u00fc\u00e7l\u00fc \u0131\u015f\u0131k \u00e7\u0131k\u0131\u015f\u0131yla karanl\u0131k ortamlarda \u00fcst\u00fcn bir ayd\u0131nlatma performans\u0131 sunarken, RGB renk se\u00e7enekleri ile arac\u0131n\u0131za dinamik ve estetik bir hava kat\u0131yor. Dayan\u0131kl\u0131 d\u0131\u015f kasas\u0131 sayesinde su s\u0131\u00e7ramalar\u0131na ve toza kar\u015f\u0131 koruma sa\u011flar, b\u00f6ylece hem i\u00e7 hem d\u0131\u015f mekan kullan\u0131m\u0131 i\u00e7in ideal bir \u00e7\u00f6z\u00fcmd\u00fcr. Bluetooth ba\u011flant\u0131s\u0131 arac\u0131l\u0131\u011f\u0131yla mobil cihazlardan kontrol edilebilir, bu sayede ayd\u0131nlatma modlar\u0131n\u0131, renk ge\u00e7i\u015flerini ve parlakl\u0131k ayarlar\u0131n\u0131 diledi\u011finiz gibi \u00f6zelle\u015ftirebilirsiniz. Enerji verimlili\u011fi y\u00fcksek olan bu sistem, uzun \u00f6m\u00fcrl\u00fc LED&#8217;leri sayesinde s\u0131k bak\u0131m gerektirmez ve s\u00fcr\u00fc\u015f keyfinizi art\u0131r\u0131r. Kurulumu kolay olup, kullan\u0131c\u0131 dostu aray\u00fcz\u00fcyle her seviyedeki kullan\u0131c\u0131 i\u00e7in pratik bir deneyim sunar.<\/p>\n","protected":false},"excerpt":{"rendered":"<p>Bu yenilik\u00e7i LED ayd\u0131nlatma \u00fcr\u00fcn\u00fc, g\u00fc\u00e7l\u00fc \u0131\u015f\u0131k \u00e7\u0131k\u0131\u015f\u0131yla karanl\u0131k ortamlarda \u00fcst\u00fcn bir ayd\u0131nlatma performans\u0131 sunarken, RGB renk se\u00e7enekleri ile arac\u0131n\u0131za dinamik ve estetik bir hava kat\u0131yor. Dayan\u0131kl\u0131 d\u0131\u015f kasas\u0131 sayesinde su s\u0131\u00e7ramalar\u0131na ve toza kar\u015f\u0131 koruma sa\u011flar, b\u00f6ylece hem i\u00e7 hem d\u0131\u015f mekan kullan\u0131m\u0131 i\u00e7in ideal bir \u00e7\u00f6z\u00fcmd\u00fcr. Bluetooth ba\u011flant\u0131s\u0131 arac\u0131l\u0131\u011f\u0131yla mobil cihazlardan kontrol edilebilir,&#8230;<\/p>\n","protected":false},"featured_media":126694,"comment_status":"open","ping_status":"closed","template":"","meta":{"_kad_post_transparent":"","_kad_post_title":"","_kad_post_layout":"","_kad_post_sidebar_id":"","_kad_post_content_style":"","_kad_post_vertical_padding":"","_kad_post_feature":"","_kad_post_feature_position":"","_kad_post_header":false,"_kad_post_footer":false,"_kad_post_classname":""},"product_brand":[],"product_cat":[14933],"product_tag":[],"class_list":{"0":"post-126695","1":"product","2":"type-product","3":"status-publish","4":"has-post-thumbnail","6":"product_cat-led-isik-led-isik","8":"first","9":"instock","10":"purchasable","11":"product-type-simple","12":"entry","13":"content-bg","14":"loop-entry"},"_links":{"self":[{"href":"https:\/\/www.hediyepazar.com\/index.php?rest_route=\/wp\/v2\/product\/126695","targetHints":{"allow":["GET"]}}],"collection":[{"href":"https:\/\/www.hediyepazar.com\/index.php?rest_route=\/wp\/v2\/product"}],"about":[{"href":"https:\/\/www.hediyepazar.com\/index.php?rest_route=\/wp\/v2\/types\/product"}],"replies":[{"embeddable":true,"href":"https:\/\/www.hediyepazar.com\/index.php?rest_route=%2Fwp%2Fv2%2Fcomments&post=126695"}],"wp:featuredmedia":[{"embeddable":true,"href":"https:\/\/www.hediyepazar.com\/index.php?rest_route=\/wp\/v2\/media\/126694"}],"wp:attachment":[{"href":"https:\/\/www.hediyepazar.com\/index.php?rest_route=%2Fwp%2Fv2%2Fmedia&parent=126695"}],"wp:term":[{"taxonomy":"product_brand","embeddable":true,"href":"https:\/\/www.hediyepazar.com\/index.php?rest_route=%2Fwp%2Fv2%2Fproduct_brand&post=126695"},{"taxonomy":"product_cat","embeddable":true,"href":"https:\/\/www.hediyepazar.com\/index.php?rest_route=%2Fwp%2Fv2%2Fproduct_cat&post=126695"},{"taxonomy":"product_tag","embeddable":true,"href":"https:\/\/www.hediyepazar.com\/index.php?rest_route=%2Fwp%2Fv2%2Fproduct_tag&post=126695"}],"curies":[{"name":"wp","href":"https:\/\/api.w.org\/{rel}","templated":true}]}}