{"id":126703,"date":"2026-05-06T20:54:24","date_gmt":"2026-05-06T23:54:24","guid":{"rendered":"https:\/\/www.hediyepazar.com\/?product=prizli-yildiz-ay-perde-led-isik-ev-ve-organizasyon-dekoru"},"modified":"2026-05-06T20:54:24","modified_gmt":"2026-05-06T23:54:24","slug":"prizli-yildiz-ay-perde-led-isik-ev-ve-organizasyon-dekoru","status":"publish","type":"product","link":"https:\/\/www.hediyepazar.com\/?product=prizli-yildiz-ay-perde-led-isik-ev-ve-organizasyon-dekoru","title":{"rendered":"Prizli Y\u0131ld\u0131z Ay Perde LED I\u015f\u0131k Ev ve Organizasyon Dekoru"},"content":{"rendered":"<p>126 LED\u2019li Y\u0131ld\u0131z Ay Perde I\u015f\u0131k, dekorasyona estetik ve s\u0131cak bir dokunu\u015f katmak isteyenler i\u00e7in tasarlanm\u0131\u015f prizli bir ayd\u0131nlatma \u00fcr\u00fcn\u00fcd\u00fcr. Y\u0131ld\u0131z ve ay fig\u00fcrleri ile olu\u015fturulan perde formu, ortamda ho\u015f bir g\u00f6rsel etki yarat\u0131r.\u0130ki farkl\u0131 \u0131\u015f\u0131k modu sayesinde sakin veya hareketli bir ambiyans olu\u015fturulabilir. Prizden \u00e7al\u0131\u015fmas\u0131 sayesinde uzun s\u00fcreli kullan\u0131mlarda g\u00fcven verir. PVC kapl\u0131 tel yap\u0131s\u0131 g\u00fcvenli ve dayan\u0131kl\u0131d\u0131r.Ev, kafe, restoran ve organizasyon alanlar\u0131nda rahatl\u0131kla kullan\u0131labilir. Hafif yap\u0131s\u0131 ve kolay kurulumu sayesinde dekorasyonda esneklik sa\u011flar.<\/p>\n","protected":false},"excerpt":{"rendered":"<p>126 LED\u2019li Y\u0131ld\u0131z Ay Perde I\u015f\u0131k, dekorasyona estetik ve s\u0131cak bir dokunu\u015f katmak isteyenler i\u00e7in tasarlanm\u0131\u015f prizli bir ayd\u0131nlatma \u00fcr\u00fcn\u00fcd\u00fcr. Y\u0131ld\u0131z ve ay fig\u00fcrleri ile olu\u015fturulan perde formu, ortamda ho\u015f bir g\u00f6rsel etki yarat\u0131r.\u0130ki farkl\u0131 \u0131\u015f\u0131k modu sayesinde sakin veya hareketli bir ambiyans olu\u015fturulabilir. Prizden \u00e7al\u0131\u015fmas\u0131 sayesinde uzun s\u00fcreli kullan\u0131mlarda g\u00fcven verir. PVC kapl\u0131 tel&#8230;<\/p>\n","protected":false},"featured_media":126702,"comment_status":"open","ping_status":"closed","template":"","meta":{"_kad_post_transparent":"","_kad_post_title":"","_kad_post_layout":"","_kad_post_sidebar_id":"","_kad_post_content_style":"","_kad_post_vertical_padding":"","_kad_post_feature":"","_kad_post_feature_position":"","_kad_post_header":false,"_kad_post_footer":false,"_kad_post_classname":""},"product_brand":[],"product_cat":[14933],"product_tag":[],"class_list":{"0":"post-126703","1":"product","2":"type-product","3":"status-publish","4":"has-post-thumbnail","6":"product_cat-led-isik-led-isik","8":"first","9":"instock","10":"purchasable","11":"product-type-simple","12":"entry","13":"content-bg","14":"loop-entry"},"_links":{"self":[{"href":"https:\/\/www.hediyepazar.com\/index.php?rest_route=\/wp\/v2\/product\/126703","targetHints":{"allow":["GET"]}}],"collection":[{"href":"https:\/\/www.hediyepazar.com\/index.php?rest_route=\/wp\/v2\/product"}],"about":[{"href":"https:\/\/www.hediyepazar.com\/index.php?rest_route=\/wp\/v2\/types\/product"}],"replies":[{"embeddable":true,"href":"https:\/\/www.hediyepazar.com\/index.php?rest_route=%2Fwp%2Fv2%2Fcomments&post=126703"}],"wp:featuredmedia":[{"embeddable":true,"href":"https:\/\/www.hediyepazar.com\/index.php?rest_route=\/wp\/v2\/media\/126702"}],"wp:attachment":[{"href":"https:\/\/www.hediyepazar.com\/index.php?rest_route=%2Fwp%2Fv2%2Fmedia&parent=126703"}],"wp:term":[{"taxonomy":"product_brand","embeddable":true,"href":"https:\/\/www.hediyepazar.com\/index.php?rest_route=%2Fwp%2Fv2%2Fproduct_brand&post=126703"},{"taxonomy":"product_cat","embeddable":true,"href":"https:\/\/www.hediyepazar.com\/index.php?rest_route=%2Fwp%2Fv2%2Fproduct_cat&post=126703"},{"taxonomy":"product_tag","embeddable":true,"href":"https:\/\/www.hediyepazar.com\/index.php?rest_route=%2Fwp%2Fv2%2Fproduct_tag&post=126703"}],"curies":[{"name":"wp","href":"https:\/\/api.w.org\/{rel}","templated":true}]}}