{"id":126709,"date":"2026-05-06T20:56:21","date_gmt":"2026-05-06T23:56:21","guid":{"rendered":"https:\/\/www.hediyepazar.com\/?product=gidi-bolgesi-icin-boyun-ve-cene-alti-egzersiz-aleti"},"modified":"2026-05-06T20:56:21","modified_gmt":"2026-05-06T23:56:21","slug":"gidi-bolgesi-icin-boyun-ve-cene-alti-egzersiz-aleti","status":"publish","type":"product","link":"https:\/\/www.hediyepazar.com\/?product=gidi-bolgesi-icin-boyun-ve-cene-alti-egzersiz-aleti","title":{"rendered":"G\u0131d\u0131 B\u00f6lgesi \u0130\u00e7in Boyun ve \u00c7ene Alt\u0131 Egzersiz Aleti"},"content":{"rendered":"<p>G\u0131d\u0131 B\u00f6lgesi \u0130\u00e7in Boyun ve \u00c7ene Alt\u0131 Egzersiz Aleti, y\u00fcz alt\u0131 ve boyun kaslar\u0131n\u0131 \u00e7al\u0131\u015ft\u0131rmaya yard\u0131mc\u0131 olmak \u00fczere tasarlanm\u0131\u015f kullan\u0131c\u0131 dostu bir aparatt\u0131r. G\u00fcn i\u00e7erisinde aktif olarak kullan\u0131lmayan bu kas gruplar\u0131, zamanla zay\u0131flayabilir. Bu \u00fcr\u00fcn, s\u00f6z konusu kaslar\u0131n egzersiz yoluyla \u00e7al\u0131\u015ft\u0131r\u0131lmas\u0131n\u0131 destekler.\u00dcr\u00fcn\u00fcn tasar\u0131m\u0131, kullan\u0131m s\u0131ras\u0131nda konforu \u00f6n planda tutacak \u015fekilde geli\u015ftirilmi\u015ftir. Herhangi bir teknik bilgiye ihtiya\u00e7 duyulmadan rahatl\u0131kla kullan\u0131labilir. G\u00fcnl\u00fck k\u0131sa egzersizlerle d\u00fczenli kullan\u0131m al\u0131\u015fkanl\u0131\u011f\u0131 kazan\u0131lmas\u0131na yard\u0131mc\u0131 olur. Zaman kayb\u0131 ya\u015fatmadan pratik bir \u00e7\u00f6z\u00fcm sunar.Paket i\u00e7eri\u011finde yer alan 3 farkl\u0131 diren\u00e7 yay sistemi, \u00fcr\u00fcn\u00fc ki\u015fisel kullan\u0131m seviyesine g\u00f6re ayarlama imk\u00e2n\u0131 tan\u0131r. Kullan\u0131c\u0131, kendi egzersiz temposuna uygun direnci se\u00e7ebilir. \u0130lerleyen g\u00fcnlerde yay direnci art\u0131r\u0131larak veya azalt\u0131larak kullan\u0131m \u015fekli de\u011fi\u015ftirilebilir.\u00dcr\u00fcn, kullan\u0131m s\u0131ras\u0131nda \u00e7ekme hissi olu\u015fturmaz ve rahats\u0131z edici bir bask\u0131 uygulamaz. Kontroll\u00fc diren\u00e7 sistemi sayesinde kaslar do\u011fal \u015fekilde \u00e7al\u0131\u015ft\u0131r\u0131l\u0131r. Bu da \u00fcr\u00fcn\u00fc uzun s\u00fcreli kullan\u0131mlar i\u00e7in uygun hale getirir. Egzersiz s\u00fcrecini daha keyifli ve s\u00fcrd\u00fcr\u00fclebilir k\u0131lar.Boyun ve \u00e7ene alt\u0131 kaslar\u0131, d\u00fczenli \u00e7al\u0131\u015ft\u0131r\u0131ld\u0131\u011f\u0131nda daha aktif hale gelir. Bu aparat, kaslar\u0131n kullan\u0131m\u0131na destek olarak daha toparlanm\u0131\u015f bir g\u00f6r\u00fcn\u00fcm elde edilmesine yard\u0131mc\u0131 olmay\u0131 hedefler. Her ya\u015f grubuna uygun yap\u0131s\u0131 sayesinde geni\u015f bir kullan\u0131c\u0131 kitlesine hitap eder.Sa\u011fl\u0131k a\u00e7\u0131s\u0131ndan risk olu\u015fturacak herhangi bir yan etki bar\u0131nd\u0131rmaz. Morarma, \u015fi\u015fme veya kullan\u0131m s\u0131ras\u0131nda zorluk ya\u015fanmaz. G\u0131d\u0131 B\u00f6lgesi \u0130\u00e7in Boyun ve \u00c7ene Alt\u0131 Egzersiz Aleti, pratikli\u011fi ve ayarlanabilir yap\u0131s\u0131yla g\u00fcnl\u00fck egzersiz rutini olu\u015fturmak isteyenler i\u00e7in ideal bir \u00fcr\u00fcnd\u00fcr.<\/p>\n","protected":false},"excerpt":{"rendered":"<p>G\u0131d\u0131 B\u00f6lgesi \u0130\u00e7in Boyun ve \u00c7ene Alt\u0131 Egzersiz Aleti, y\u00fcz alt\u0131 ve boyun kaslar\u0131n\u0131 \u00e7al\u0131\u015ft\u0131rmaya yard\u0131mc\u0131 olmak \u00fczere tasarlanm\u0131\u015f kullan\u0131c\u0131 dostu bir aparatt\u0131r. G\u00fcn i\u00e7erisinde aktif olarak kullan\u0131lmayan bu kas gruplar\u0131, zamanla zay\u0131flayabilir. Bu \u00fcr\u00fcn, s\u00f6z konusu kaslar\u0131n egzersiz yoluyla \u00e7al\u0131\u015ft\u0131r\u0131lmas\u0131n\u0131 destekler.\u00dcr\u00fcn\u00fcn tasar\u0131m\u0131, kullan\u0131m s\u0131ras\u0131nda konforu \u00f6n planda tutacak \u015fekilde geli\u015ftirilmi\u015ftir. Herhangi bir teknik bilgiye&#8230;<\/p>\n","protected":false},"featured_media":126708,"comment_status":"open","ping_status":"closed","template":"","meta":{"_kad_post_transparent":"","_kad_post_title":"","_kad_post_layout":"","_kad_post_sidebar_id":"","_kad_post_content_style":"","_kad_post_vertical_padding":"","_kad_post_feature":"","_kad_post_feature_position":"","_kad_post_header":false,"_kad_post_footer":false,"_kad_post_classname":""},"product_brand":[],"product_cat":[15095],"product_tag":[],"class_list":{"0":"post-126709","1":"product","2":"type-product","3":"status-publish","4":"has-post-thumbnail","6":"product_cat-egzersiz-aletleri-egzersiz-aletleri","8":"first","9":"instock","10":"purchasable","11":"product-type-simple","12":"entry","13":"content-bg","14":"loop-entry"},"_links":{"self":[{"href":"https:\/\/www.hediyepazar.com\/index.php?rest_route=\/wp\/v2\/product\/126709","targetHints":{"allow":["GET"]}}],"collection":[{"href":"https:\/\/www.hediyepazar.com\/index.php?rest_route=\/wp\/v2\/product"}],"about":[{"href":"https:\/\/www.hediyepazar.com\/index.php?rest_route=\/wp\/v2\/types\/product"}],"replies":[{"embeddable":true,"href":"https:\/\/www.hediyepazar.com\/index.php?rest_route=%2Fwp%2Fv2%2Fcomments&post=126709"}],"wp:featuredmedia":[{"embeddable":true,"href":"https:\/\/www.hediyepazar.com\/index.php?rest_route=\/wp\/v2\/media\/126708"}],"wp:attachment":[{"href":"https:\/\/www.hediyepazar.com\/index.php?rest_route=%2Fwp%2Fv2%2Fmedia&parent=126709"}],"wp:term":[{"taxonomy":"product_brand","embeddable":true,"href":"https:\/\/www.hediyepazar.com\/index.php?rest_route=%2Fwp%2Fv2%2Fproduct_brand&post=126709"},{"taxonomy":"product_cat","embeddable":true,"href":"https:\/\/www.hediyepazar.com\/index.php?rest_route=%2Fwp%2Fv2%2Fproduct_cat&post=126709"},{"taxonomy":"product_tag","embeddable":true,"href":"https:\/\/www.hediyepazar.com\/index.php?rest_route=%2Fwp%2Fv2%2Fproduct_tag&post=126709"}],"curies":[{"name":"wp","href":"https:\/\/api.w.org\/{rel}","templated":true}]}}