{"id":126737,"date":"2026-05-06T21:02:13","date_gmt":"2026-05-07T00:02:13","guid":{"rendered":"https:\/\/www.hediyepazar.com\/?product=kompakt-tasarimli-cok-fonksiyonlu-masaj-cihazi"},"modified":"2026-05-06T21:02:13","modified_gmt":"2026-05-07T00:02:13","slug":"kompakt-tasarimli-cok-fonksiyonlu-masaj-cihazi","status":"publish","type":"product","link":"https:\/\/www.hediyepazar.com\/?product=kompakt-tasarimli-cok-fonksiyonlu-masaj-cihazi","title":{"rendered":"Kompakt Tasar\u0131ml\u0131 \u00c7ok Fonksiyonlu Masaj Cihaz\u0131"},"content":{"rendered":"<p>Elektrikli ba\u015f masaj cihaz\u0131, g\u00fcnl\u00fck rahatlama ve bak\u0131m rutini i\u00e7in tasarlanm\u0131\u015ft\u0131r. Kompakt yap\u0131s\u0131, cihaz\u0131n her ortamda kullan\u0131labilmesini sa\u011flar. \u00c7ok kademeli masaj se\u00e7enekleri ile kullan\u0131c\u0131ya esnek bir deneyim sunar.\u015earjl\u0131 kullan\u0131m \u00f6zelli\u011fi, pratiklik sa\u011flar. Dijital ekran, se\u00e7ilen modlar\u0131 net \u015fekilde g\u00f6sterir. Ba\u015f ve v\u00fccut b\u00f6lgelerinde rahatl\u0131kla kullan\u0131labilir. G\u00fcnl\u00fck stresin azalmas\u0131na yard\u0131mc\u0131 olur.Evde ki\u015fisel bak\u0131m\u0131na \u00f6nem veren kullan\u0131c\u0131lar i\u00e7in ideal bir \u00fcr\u00fcnd\u00fcr.<\/p>\n","protected":false},"excerpt":{"rendered":"<p>Elektrikli ba\u015f masaj cihaz\u0131, g\u00fcnl\u00fck rahatlama ve bak\u0131m rutini i\u00e7in tasarlanm\u0131\u015ft\u0131r. Kompakt yap\u0131s\u0131, cihaz\u0131n her ortamda kullan\u0131labilmesini sa\u011flar. \u00c7ok kademeli masaj se\u00e7enekleri ile kullan\u0131c\u0131ya esnek bir deneyim sunar.\u015earjl\u0131 kullan\u0131m \u00f6zelli\u011fi, pratiklik sa\u011flar. Dijital ekran, se\u00e7ilen modlar\u0131 net \u015fekilde g\u00f6sterir. Ba\u015f ve v\u00fccut b\u00f6lgelerinde rahatl\u0131kla kullan\u0131labilir. G\u00fcnl\u00fck stresin azalmas\u0131na yard\u0131mc\u0131 olur.Evde ki\u015fisel bak\u0131m\u0131na \u00f6nem veren kullan\u0131c\u0131lar&#8230;<\/p>\n","protected":false},"featured_media":126736,"comment_status":"open","ping_status":"closed","template":"","meta":{"_kad_post_transparent":"","_kad_post_title":"","_kad_post_layout":"","_kad_post_sidebar_id":"","_kad_post_content_style":"","_kad_post_vertical_padding":"","_kad_post_feature":"","_kad_post_feature_position":"","_kad_post_header":false,"_kad_post_footer":false,"_kad_post_classname":""},"product_brand":[],"product_cat":[14939],"product_tag":[],"class_list":{"0":"post-126737","1":"product","2":"type-product","3":"status-publish","4":"has-post-thumbnail","6":"product_cat-masaj-cihazi-masaj-cihazi","8":"first","9":"instock","10":"purchasable","11":"product-type-simple","12":"entry","13":"content-bg","14":"loop-entry"},"_links":{"self":[{"href":"https:\/\/www.hediyepazar.com\/index.php?rest_route=\/wp\/v2\/product\/126737","targetHints":{"allow":["GET"]}}],"collection":[{"href":"https:\/\/www.hediyepazar.com\/index.php?rest_route=\/wp\/v2\/product"}],"about":[{"href":"https:\/\/www.hediyepazar.com\/index.php?rest_route=\/wp\/v2\/types\/product"}],"replies":[{"embeddable":true,"href":"https:\/\/www.hediyepazar.com\/index.php?rest_route=%2Fwp%2Fv2%2Fcomments&post=126737"}],"wp:featuredmedia":[{"embeddable":true,"href":"https:\/\/www.hediyepazar.com\/index.php?rest_route=\/wp\/v2\/media\/126736"}],"wp:attachment":[{"href":"https:\/\/www.hediyepazar.com\/index.php?rest_route=%2Fwp%2Fv2%2Fmedia&parent=126737"}],"wp:term":[{"taxonomy":"product_brand","embeddable":true,"href":"https:\/\/www.hediyepazar.com\/index.php?rest_route=%2Fwp%2Fv2%2Fproduct_brand&post=126737"},{"taxonomy":"product_cat","embeddable":true,"href":"https:\/\/www.hediyepazar.com\/index.php?rest_route=%2Fwp%2Fv2%2Fproduct_cat&post=126737"},{"taxonomy":"product_tag","embeddable":true,"href":"https:\/\/www.hediyepazar.com\/index.php?rest_route=%2Fwp%2Fv2%2Fproduct_tag&post=126737"}],"curies":[{"name":"wp","href":"https:\/\/api.w.org\/{rel}","templated":true}]}}