{"id":126739,"date":"2026-05-06T21:02:19","date_gmt":"2026-05-07T00:02:19","guid":{"rendered":"https:\/\/www.hediyepazar.com\/?product=evde-spa-deneyimi-sunan-elektrikli-masaj-aleti"},"modified":"2026-05-06T21:02:19","modified_gmt":"2026-05-07T00:02:19","slug":"evde-spa-deneyimi-sunan-elektrikli-masaj-aleti","status":"publish","type":"product","link":"https:\/\/www.hediyepazar.com\/?product=evde-spa-deneyimi-sunan-elektrikli-masaj-aleti","title":{"rendered":"Evde Spa Deneyimi Sunan Elektrikli Masaj Aleti"},"content":{"rendered":"<p>Elektrikli masaj aleti, ba\u015f ve v\u00fccut b\u00f6lgelerinde rahatlama sa\u011flamak amac\u0131yla geli\u015ftirilmi\u015ftir. Evde pratik kullan\u0131m sunan bu cihaz, yo\u011fun g\u00fcnlerin ard\u0131ndan gev\u015femek isteyen kullan\u0131c\u0131lar i\u00e7in ideal bir \u00e7\u00f6z\u00fcmd\u00fcr. Ergonomik yap\u0131s\u0131 sayesinde konforlu bir tutu\u015f sa\u011flar.\u00c7ok kademeli masaj sistemi, farkl\u0131 ihtiya\u00e7lara hitap eder. Hafif titre\u015fimden daha yo\u011fun masaj se\u00e7eneklerine kadar geni\u015f bir kullan\u0131m yelpazesi sunar. \u015earj edilebilir yap\u0131s\u0131, kablo karma\u015fas\u0131n\u0131 ortadan kald\u0131r\u0131r.Dijital ekran ve basit kontrol tu\u015flar\u0131, cihaz\u0131n kullan\u0131m\u0131n\u0131 kolayla\u015ft\u0131r\u0131r. Modern tasar\u0131m\u0131, \u00fcr\u00fcn\u00fc hem i\u015flevsel hem de estetik bir hale getirir. Evde spa deneyimi ya\u015famak isteyenler i\u00e7in ideal bir \u00fcr\u00fcnd\u00fcr.<\/p>\n","protected":false},"excerpt":{"rendered":"<p>Elektrikli masaj aleti, ba\u015f ve v\u00fccut b\u00f6lgelerinde rahatlama sa\u011flamak amac\u0131yla geli\u015ftirilmi\u015ftir. Evde pratik kullan\u0131m sunan bu cihaz, yo\u011fun g\u00fcnlerin ard\u0131ndan gev\u015femek isteyen kullan\u0131c\u0131lar i\u00e7in ideal bir \u00e7\u00f6z\u00fcmd\u00fcr. Ergonomik yap\u0131s\u0131 sayesinde konforlu bir tutu\u015f sa\u011flar.\u00c7ok kademeli masaj sistemi, farkl\u0131 ihtiya\u00e7lara hitap eder. Hafif titre\u015fimden daha yo\u011fun masaj se\u00e7eneklerine kadar geni\u015f bir kullan\u0131m yelpazesi sunar. \u015earj edilebilir&#8230;<\/p>\n","protected":false},"featured_media":126738,"comment_status":"open","ping_status":"closed","template":"","meta":{"_kad_post_transparent":"","_kad_post_title":"","_kad_post_layout":"","_kad_post_sidebar_id":"","_kad_post_content_style":"","_kad_post_vertical_padding":"","_kad_post_feature":"","_kad_post_feature_position":"","_kad_post_header":false,"_kad_post_footer":false,"_kad_post_classname":""},"product_brand":[],"product_cat":[14939],"product_tag":[],"class_list":{"0":"post-126739","1":"product","2":"type-product","3":"status-publish","4":"has-post-thumbnail","6":"product_cat-masaj-cihazi-masaj-cihazi","8":"first","9":"instock","10":"purchasable","11":"product-type-simple","12":"entry","13":"content-bg","14":"loop-entry"},"_links":{"self":[{"href":"https:\/\/www.hediyepazar.com\/index.php?rest_route=\/wp\/v2\/product\/126739","targetHints":{"allow":["GET"]}}],"collection":[{"href":"https:\/\/www.hediyepazar.com\/index.php?rest_route=\/wp\/v2\/product"}],"about":[{"href":"https:\/\/www.hediyepazar.com\/index.php?rest_route=\/wp\/v2\/types\/product"}],"replies":[{"embeddable":true,"href":"https:\/\/www.hediyepazar.com\/index.php?rest_route=%2Fwp%2Fv2%2Fcomments&post=126739"}],"wp:featuredmedia":[{"embeddable":true,"href":"https:\/\/www.hediyepazar.com\/index.php?rest_route=\/wp\/v2\/media\/126738"}],"wp:attachment":[{"href":"https:\/\/www.hediyepazar.com\/index.php?rest_route=%2Fwp%2Fv2%2Fmedia&parent=126739"}],"wp:term":[{"taxonomy":"product_brand","embeddable":true,"href":"https:\/\/www.hediyepazar.com\/index.php?rest_route=%2Fwp%2Fv2%2Fproduct_brand&post=126739"},{"taxonomy":"product_cat","embeddable":true,"href":"https:\/\/www.hediyepazar.com\/index.php?rest_route=%2Fwp%2Fv2%2Fproduct_cat&post=126739"},{"taxonomy":"product_tag","embeddable":true,"href":"https:\/\/www.hediyepazar.com\/index.php?rest_route=%2Fwp%2Fv2%2Fproduct_tag&post=126739"}],"curies":[{"name":"wp","href":"https:\/\/api.w.org\/{rel}","templated":true}]}}