{"id":126747,"date":"2026-05-06T21:05:07","date_gmt":"2026-05-07T00:05:07","guid":{"rendered":"https:\/\/www.hediyepazar.com\/?product=arac-guvenlik-kamerasi-one-bakan-yol-kayit-cihazi"},"modified":"2026-05-06T21:05:07","modified_gmt":"2026-05-07T00:05:07","slug":"arac-guvenlik-kamerasi-one-bakan-yol-kayit-cihazi","status":"publish","type":"product","link":"https:\/\/www.hediyepazar.com\/?product=arac-guvenlik-kamerasi-one-bakan-yol-kayit-cihazi","title":{"rendered":"Ara\u00e7 G\u00fcvenlik Kameras\u0131 \u00d6ne Bakan Yol Kay\u0131t Cihaz\u0131"},"content":{"rendered":"<p>Mini dash kamera, s\u00fcr\u00fc\u015f s\u0131ras\u0131nda arac\u0131n \u00f6n\u00fcndeki yolu kay\u0131t alt\u0131na almak amac\u0131yla geli\u015ftirilmi\u015ftir. Tek lensli ve \u00f6ne bakan yap\u0131s\u0131 sayesinde kullan\u0131m amac\u0131 nettir. Yan ve arka kamera fonksiyonu bulunmaz.Kompakt tasar\u0131m\u0131, s\u00fcr\u00fcc\u00fcn\u00fcn g\u00f6r\u00fc\u015f\u00fcn\u00fc engellemez. TF kart ile kay\u0131t al\u0131r ve d\u00f6ng\u00fcsel kay\u0131t sistemi sayesinde kesintisiz \u00e7al\u0131\u015f\u0131r. USB ba\u011flant\u0131s\u0131 ile kolayca \u015farj edilebilir.G\u00fcnl\u00fck kullan\u0131m, uzun yolculuklar ve \u015fehir i\u00e7i s\u00fcr\u00fc\u015fler i\u00e7in uygundur. Olas\u0131 trafik olaylar\u0131nda kay\u0131tlar kan\u0131t olarak kullan\u0131labilir.<\/p>\n","protected":false},"excerpt":{"rendered":"<p>Mini dash kamera, s\u00fcr\u00fc\u015f s\u0131ras\u0131nda arac\u0131n \u00f6n\u00fcndeki yolu kay\u0131t alt\u0131na almak amac\u0131yla geli\u015ftirilmi\u015ftir. Tek lensli ve \u00f6ne bakan yap\u0131s\u0131 sayesinde kullan\u0131m amac\u0131 nettir. Yan ve arka kamera fonksiyonu bulunmaz.Kompakt tasar\u0131m\u0131, s\u00fcr\u00fcc\u00fcn\u00fcn g\u00f6r\u00fc\u015f\u00fcn\u00fc engellemez. TF kart ile kay\u0131t al\u0131r ve d\u00f6ng\u00fcsel kay\u0131t sistemi sayesinde kesintisiz \u00e7al\u0131\u015f\u0131r. USB ba\u011flant\u0131s\u0131 ile kolayca \u015farj edilebilir.G\u00fcnl\u00fck kullan\u0131m, uzun yolculuklar ve&#8230;<\/p>\n","protected":false},"featured_media":126746,"comment_status":"open","ping_status":"closed","template":"","meta":{"_kad_post_transparent":"","_kad_post_title":"","_kad_post_layout":"","_kad_post_sidebar_id":"","_kad_post_content_style":"","_kad_post_vertical_padding":"","_kad_post_feature":"","_kad_post_feature_position":"","_kad_post_header":false,"_kad_post_footer":false,"_kad_post_classname":""},"product_brand":[],"product_cat":[15062],"product_tag":[],"class_list":{"0":"post-126747","1":"product","2":"type-product","3":"status-publish","4":"has-post-thumbnail","6":"product_cat-arac-ici-kamera-arac-ici-kamera","8":"first","9":"instock","10":"purchasable","11":"product-type-simple","12":"entry","13":"content-bg","14":"loop-entry"},"_links":{"self":[{"href":"https:\/\/www.hediyepazar.com\/index.php?rest_route=\/wp\/v2\/product\/126747","targetHints":{"allow":["GET"]}}],"collection":[{"href":"https:\/\/www.hediyepazar.com\/index.php?rest_route=\/wp\/v2\/product"}],"about":[{"href":"https:\/\/www.hediyepazar.com\/index.php?rest_route=\/wp\/v2\/types\/product"}],"replies":[{"embeddable":true,"href":"https:\/\/www.hediyepazar.com\/index.php?rest_route=%2Fwp%2Fv2%2Fcomments&post=126747"}],"wp:featuredmedia":[{"embeddable":true,"href":"https:\/\/www.hediyepazar.com\/index.php?rest_route=\/wp\/v2\/media\/126746"}],"wp:attachment":[{"href":"https:\/\/www.hediyepazar.com\/index.php?rest_route=%2Fwp%2Fv2%2Fmedia&parent=126747"}],"wp:term":[{"taxonomy":"product_brand","embeddable":true,"href":"https:\/\/www.hediyepazar.com\/index.php?rest_route=%2Fwp%2Fv2%2Fproduct_brand&post=126747"},{"taxonomy":"product_cat","embeddable":true,"href":"https:\/\/www.hediyepazar.com\/index.php?rest_route=%2Fwp%2Fv2%2Fproduct_cat&post=126747"},{"taxonomy":"product_tag","embeddable":true,"href":"https:\/\/www.hediyepazar.com\/index.php?rest_route=%2Fwp%2Fv2%2Fproduct_tag&post=126747"}],"curies":[{"name":"wp","href":"https:\/\/api.w.org\/{rel}","templated":true}]}}