{"id":126749,"date":"2026-05-06T21:05:14","date_gmt":"2026-05-07T00:05:14","guid":{"rendered":"https:\/\/www.hediyepazar.com\/?product=kompakt-dash-kamera-usb-sarj-tf-kart-destekli"},"modified":"2026-05-06T21:05:14","modified_gmt":"2026-05-07T00:05:14","slug":"kompakt-dash-kamera-usb-sarj-tf-kart-destekli","status":"publish","type":"product","link":"https:\/\/www.hediyepazar.com\/?product=kompakt-dash-kamera-usb-sarj-tf-kart-destekli","title":{"rendered":"Kompakt Dash Kamera USB \u015earj TF Kart Destekli"},"content":{"rendered":"<p>Ara\u00e7 \u00f6n cam kameras\u0131, yolculuk s\u0131ras\u0131nda ya\u015fanan her an\u0131 kay\u0131t alt\u0131na almak i\u00e7in tasarlanm\u0131\u015f pratik bir g\u00fcvenlik \u00fcr\u00fcn\u00fcd\u00fcr. Tek y\u00f6nl\u00fc, \u00f6ne bakan lens yap\u0131s\u0131 sayesinde yaln\u0131zca arac\u0131n \u00f6n\u00fcndeki yolu kaydeder. Yan veya arka kamera bulunmaz.K\u00fc\u00e7\u00fck ve hafif yap\u0131s\u0131 sayesinde ara\u00e7 i\u00e7erisinde dikkat \u00e7ekmez. Kolay montaj imkan\u0131 sunar ve k\u0131sa s\u00fcrede kullan\u0131ma haz\u0131r hale gelir. S\u00fcrekli kay\u0131t \u00f6zelli\u011fi ile s\u00fcr\u00fc\u015f boyunca kesintisiz video kayd\u0131 yap\u0131labilir.TF kart deste\u011fi, kay\u0131tlar\u0131n g\u00fcvenli \u015fekilde saklanmas\u0131n\u0131 sa\u011flar. USB ba\u011flant\u0131s\u0131 ile hem \u015farj hem de veri aktar\u0131m\u0131 yap\u0131labilir. Bilgisayar \u00fczerinden kay\u0131tlar h\u0131zl\u0131ca izlenebilir.Gece ve g\u00fcnd\u00fcz kay\u0131t deste\u011fi, her ko\u015fulda yolun net \u015fekilde kaydedilmesini hedefler. G\u00fcnl\u00fck s\u00fcr\u00fc\u015f g\u00fcvenli\u011fini art\u0131rmak isteyen kullan\u0131c\u0131lar i\u00e7in ideal bir \u00e7\u00f6z\u00fcmd\u00fcr.<\/p>\n","protected":false},"excerpt":{"rendered":"<p>Ara\u00e7 \u00f6n cam kameras\u0131, yolculuk s\u0131ras\u0131nda ya\u015fanan her an\u0131 kay\u0131t alt\u0131na almak i\u00e7in tasarlanm\u0131\u015f pratik bir g\u00fcvenlik \u00fcr\u00fcn\u00fcd\u00fcr. Tek y\u00f6nl\u00fc, \u00f6ne bakan lens yap\u0131s\u0131 sayesinde yaln\u0131zca arac\u0131n \u00f6n\u00fcndeki yolu kaydeder. Yan veya arka kamera bulunmaz.K\u00fc\u00e7\u00fck ve hafif yap\u0131s\u0131 sayesinde ara\u00e7 i\u00e7erisinde dikkat \u00e7ekmez. Kolay montaj imkan\u0131 sunar ve k\u0131sa s\u00fcrede kullan\u0131ma haz\u0131r hale gelir. S\u00fcrekli&#8230;<\/p>\n","protected":false},"featured_media":126748,"comment_status":"open","ping_status":"closed","template":"","meta":{"_kad_post_transparent":"","_kad_post_title":"","_kad_post_layout":"","_kad_post_sidebar_id":"","_kad_post_content_style":"","_kad_post_vertical_padding":"","_kad_post_feature":"","_kad_post_feature_position":"","_kad_post_header":false,"_kad_post_footer":false,"_kad_post_classname":""},"product_brand":[],"product_cat":[15062],"product_tag":[],"class_list":{"0":"post-126749","1":"product","2":"type-product","3":"status-publish","4":"has-post-thumbnail","6":"product_cat-arac-ici-kamera-arac-ici-kamera","8":"first","9":"instock","10":"purchasable","11":"product-type-simple","12":"entry","13":"content-bg","14":"loop-entry"},"_links":{"self":[{"href":"https:\/\/www.hediyepazar.com\/index.php?rest_route=\/wp\/v2\/product\/126749","targetHints":{"allow":["GET"]}}],"collection":[{"href":"https:\/\/www.hediyepazar.com\/index.php?rest_route=\/wp\/v2\/product"}],"about":[{"href":"https:\/\/www.hediyepazar.com\/index.php?rest_route=\/wp\/v2\/types\/product"}],"replies":[{"embeddable":true,"href":"https:\/\/www.hediyepazar.com\/index.php?rest_route=%2Fwp%2Fv2%2Fcomments&post=126749"}],"wp:featuredmedia":[{"embeddable":true,"href":"https:\/\/www.hediyepazar.com\/index.php?rest_route=\/wp\/v2\/media\/126748"}],"wp:attachment":[{"href":"https:\/\/www.hediyepazar.com\/index.php?rest_route=%2Fwp%2Fv2%2Fmedia&parent=126749"}],"wp:term":[{"taxonomy":"product_brand","embeddable":true,"href":"https:\/\/www.hediyepazar.com\/index.php?rest_route=%2Fwp%2Fv2%2Fproduct_brand&post=126749"},{"taxonomy":"product_cat","embeddable":true,"href":"https:\/\/www.hediyepazar.com\/index.php?rest_route=%2Fwp%2Fv2%2Fproduct_cat&post=126749"},{"taxonomy":"product_tag","embeddable":true,"href":"https:\/\/www.hediyepazar.com\/index.php?rest_route=%2Fwp%2Fv2%2Fproduct_tag&post=126749"}],"curies":[{"name":"wp","href":"https:\/\/api.w.org\/{rel}","templated":true}]}}