{"id":126757,"date":"2026-05-06T21:06:21","date_gmt":"2026-05-07T00:06:21","guid":{"rendered":"https:\/\/www.hediyepazar.com\/?product=kazak-battaniye-ve-perde-icin-tuy-alma-cihazi"},"modified":"2026-05-06T21:06:21","modified_gmt":"2026-05-07T00:06:21","slug":"kazak-battaniye-ve-perde-icin-tuy-alma-cihazi","status":"publish","type":"product","link":"https:\/\/www.hediyepazar.com\/?product=kazak-battaniye-ve-perde-icin-tuy-alma-cihazi","title":{"rendered":"Kazak Battaniye ve Perde \u0130\u00e7in T\u00fcy Alma Cihaz\u0131"},"content":{"rendered":"<p>Kuma\u015flarda zamanla olu\u015fan t\u00fcylenme ve pilling sorununa pratik bir \u00e7\u00f6z\u00fcm sunan bu t\u00fcy temizleyici, h\u0131zl\u0131 ve etkili performans sa\u011flar. Paslanmaz \u00e7elik b\u0131\u00e7ak yap\u0131s\u0131, uzun s\u00fcreli kullan\u0131m i\u00e7in tasarlanm\u0131\u015ft\u0131r. Bal pete\u011fi radyan tasar\u0131m\u0131 sayesinde geni\u015f alanlar\u0131 k\u0131sa s\u00fcrede temizler. Yap\u0131\u015fkan kal\u0131nt\u0131 b\u0131rakmadan t\u00fcyleri toplar. Ev tekstilleri ve g\u00fcnl\u00fck giyim \u00fcr\u00fcnleri i\u00e7in ideal bir yard\u0131mc\u0131d\u0131r.<\/p>\n","protected":false},"excerpt":{"rendered":"<p>Kuma\u015flarda zamanla olu\u015fan t\u00fcylenme ve pilling sorununa pratik bir \u00e7\u00f6z\u00fcm sunan bu t\u00fcy temizleyici, h\u0131zl\u0131 ve etkili performans sa\u011flar. Paslanmaz \u00e7elik b\u0131\u00e7ak yap\u0131s\u0131, uzun s\u00fcreli kullan\u0131m i\u00e7in tasarlanm\u0131\u015ft\u0131r. Bal pete\u011fi radyan tasar\u0131m\u0131 sayesinde geni\u015f alanlar\u0131 k\u0131sa s\u00fcrede temizler. Yap\u0131\u015fkan kal\u0131nt\u0131 b\u0131rakmadan t\u00fcyleri toplar. Ev tekstilleri ve g\u00fcnl\u00fck giyim \u00fcr\u00fcnleri i\u00e7in ideal bir yard\u0131mc\u0131d\u0131r.<\/p>\n","protected":false},"featured_media":126756,"comment_status":"open","ping_status":"closed","template":"","meta":{"_kad_post_transparent":"","_kad_post_title":"","_kad_post_layout":"","_kad_post_sidebar_id":"","_kad_post_content_style":"","_kad_post_vertical_padding":"","_kad_post_feature":"","_kad_post_feature_position":"","_kad_post_header":false,"_kad_post_footer":false,"_kad_post_classname":""},"product_brand":[],"product_cat":[15006],"product_tag":[],"class_list":{"0":"post-126757","1":"product","2":"type-product","3":"status-publish","4":"has-post-thumbnail","6":"product_cat-tuy-toplayici-tuy-toplayici","8":"first","9":"instock","10":"purchasable","11":"product-type-simple","12":"entry","13":"content-bg","14":"loop-entry"},"_links":{"self":[{"href":"https:\/\/www.hediyepazar.com\/index.php?rest_route=\/wp\/v2\/product\/126757","targetHints":{"allow":["GET"]}}],"collection":[{"href":"https:\/\/www.hediyepazar.com\/index.php?rest_route=\/wp\/v2\/product"}],"about":[{"href":"https:\/\/www.hediyepazar.com\/index.php?rest_route=\/wp\/v2\/types\/product"}],"replies":[{"embeddable":true,"href":"https:\/\/www.hediyepazar.com\/index.php?rest_route=%2Fwp%2Fv2%2Fcomments&post=126757"}],"wp:featuredmedia":[{"embeddable":true,"href":"https:\/\/www.hediyepazar.com\/index.php?rest_route=\/wp\/v2\/media\/126756"}],"wp:attachment":[{"href":"https:\/\/www.hediyepazar.com\/index.php?rest_route=%2Fwp%2Fv2%2Fmedia&parent=126757"}],"wp:term":[{"taxonomy":"product_brand","embeddable":true,"href":"https:\/\/www.hediyepazar.com\/index.php?rest_route=%2Fwp%2Fv2%2Fproduct_brand&post=126757"},{"taxonomy":"product_cat","embeddable":true,"href":"https:\/\/www.hediyepazar.com\/index.php?rest_route=%2Fwp%2Fv2%2Fproduct_cat&post=126757"},{"taxonomy":"product_tag","embeddable":true,"href":"https:\/\/www.hediyepazar.com\/index.php?rest_route=%2Fwp%2Fv2%2Fproduct_tag&post=126757"}],"curies":[{"name":"wp","href":"https:\/\/api.w.org\/{rel}","templated":true}]}}