{"id":126759,"date":"2026-05-06T21:06:27","date_gmt":"2026-05-07T00:06:27","guid":{"rendered":"https:\/\/www.hediyepazar.com\/?product=dayanikli-tuy-temizleyici-kumaslara-zarar-vermez"},"modified":"2026-05-06T21:06:27","modified_gmt":"2026-05-07T00:06:27","slug":"dayanikli-tuy-temizleyici-kumaslara-zarar-vermez","status":"publish","type":"product","link":"https:\/\/www.hediyepazar.com\/?product=dayanikli-tuy-temizleyici-kumaslara-zarar-vermez","title":{"rendered":"Dayan\u0131kl\u0131 T\u00fcy Temizleyici Kuma\u015flara Zarar Vermez"},"content":{"rendered":"<p>Y\u00fcksek kaliteli ABS g\u00f6vde ve paslanmaz \u00e7elik bile\u015fenlerden \u00fcretilmi\u015f olan bu t\u00fcy alma makinesi, sa\u011flam yap\u0131s\u0131 ile dikkat \u00e7eker. K\u00fc\u00e7\u00fck ve kompakt tasar\u0131m\u0131 sayesinde kolay ta\u015f\u0131nabilir. G\u00fcvenli \u00e7al\u0131\u015fma mekanizmas\u0131 sayesinde kuma\u015f y\u00fczeylerde hasar olu\u015fturmaz. Kazaklar, battaniyeler, perdeler ve mobilya y\u00fczeylerinde d\u00fczenli bak\u0131m i\u00e7in uygundur.<\/p>\n","protected":false},"excerpt":{"rendered":"<p>Y\u00fcksek kaliteli ABS g\u00f6vde ve paslanmaz \u00e7elik bile\u015fenlerden \u00fcretilmi\u015f olan bu t\u00fcy alma makinesi, sa\u011flam yap\u0131s\u0131 ile dikkat \u00e7eker. K\u00fc\u00e7\u00fck ve kompakt tasar\u0131m\u0131 sayesinde kolay ta\u015f\u0131nabilir. G\u00fcvenli \u00e7al\u0131\u015fma mekanizmas\u0131 sayesinde kuma\u015f y\u00fczeylerde hasar olu\u015fturmaz. Kazaklar, battaniyeler, perdeler ve mobilya y\u00fczeylerinde d\u00fczenli bak\u0131m i\u00e7in uygundur.<\/p>\n","protected":false},"featured_media":126758,"comment_status":"open","ping_status":"closed","template":"","meta":{"_kad_post_transparent":"","_kad_post_title":"","_kad_post_layout":"","_kad_post_sidebar_id":"","_kad_post_content_style":"","_kad_post_vertical_padding":"","_kad_post_feature":"","_kad_post_feature_position":"","_kad_post_header":false,"_kad_post_footer":false,"_kad_post_classname":""},"product_brand":[],"product_cat":[15006],"product_tag":[],"class_list":{"0":"post-126759","1":"product","2":"type-product","3":"status-publish","4":"has-post-thumbnail","6":"product_cat-tuy-toplayici-tuy-toplayici","8":"first","9":"instock","10":"purchasable","11":"product-type-simple","12":"entry","13":"content-bg","14":"loop-entry"},"_links":{"self":[{"href":"https:\/\/www.hediyepazar.com\/index.php?rest_route=\/wp\/v2\/product\/126759","targetHints":{"allow":["GET"]}}],"collection":[{"href":"https:\/\/www.hediyepazar.com\/index.php?rest_route=\/wp\/v2\/product"}],"about":[{"href":"https:\/\/www.hediyepazar.com\/index.php?rest_route=\/wp\/v2\/types\/product"}],"replies":[{"embeddable":true,"href":"https:\/\/www.hediyepazar.com\/index.php?rest_route=%2Fwp%2Fv2%2Fcomments&post=126759"}],"wp:featuredmedia":[{"embeddable":true,"href":"https:\/\/www.hediyepazar.com\/index.php?rest_route=\/wp\/v2\/media\/126758"}],"wp:attachment":[{"href":"https:\/\/www.hediyepazar.com\/index.php?rest_route=%2Fwp%2Fv2%2Fmedia&parent=126759"}],"wp:term":[{"taxonomy":"product_brand","embeddable":true,"href":"https:\/\/www.hediyepazar.com\/index.php?rest_route=%2Fwp%2Fv2%2Fproduct_brand&post=126759"},{"taxonomy":"product_cat","embeddable":true,"href":"https:\/\/www.hediyepazar.com\/index.php?rest_route=%2Fwp%2Fv2%2Fproduct_cat&post=126759"},{"taxonomy":"product_tag","embeddable":true,"href":"https:\/\/www.hediyepazar.com\/index.php?rest_route=%2Fwp%2Fv2%2Fproduct_tag&post=126759"}],"curies":[{"name":"wp","href":"https:\/\/api.w.org\/{rel}","templated":true}]}}