{"id":126761,"date":"2026-05-06T21:06:59","date_gmt":"2026-05-07T00:06:59","guid":{"rendered":"https:\/\/www.hediyepazar.com\/?product=ev-tekstilleri-icin-pratik-tuy-ve-tiftik-giderici"},"modified":"2026-05-06T21:06:59","modified_gmt":"2026-05-07T00:06:59","slug":"ev-tekstilleri-icin-pratik-tuy-ve-tiftik-giderici","status":"publish","type":"product","link":"https:\/\/www.hediyepazar.com\/?product=ev-tekstilleri-icin-pratik-tuy-ve-tiftik-giderici","title":{"rendered":"Ev Tekstilleri \u0130\u00e7in Pratik T\u00fcy ve Tiftik Giderici"},"content":{"rendered":"<p>Bu pratik t\u00fcy ve tiftik temizleme cihaz\u0131, evdeki tekstil \u00fcr\u00fcnlerini ilk g\u00fcnk\u00fc g\u00f6r\u00fcn\u00fcm\u00fcne kavu\u015fturmay\u0131 hedefler. Bal pete\u011fi tasar\u0131ml\u0131 geni\u015f a\u011f ba\u015fl\u0131\u011f\u0131, daha fazla t\u00fcy\u00fc tek seferde toplar. Paslanmaz \u00e7elik b\u0131\u00e7ak filesi ile dayan\u0131kl\u0131 bir kullan\u0131m sunar. Kuma\u015flara zarar vermeden etkili temizlik sa\u011flar. G\u00fcnl\u00fck kullan\u0131m i\u00e7in idealdir.<\/p>\n","protected":false},"excerpt":{"rendered":"<p>Bu pratik t\u00fcy ve tiftik temizleme cihaz\u0131, evdeki tekstil \u00fcr\u00fcnlerini ilk g\u00fcnk\u00fc g\u00f6r\u00fcn\u00fcm\u00fcne kavu\u015fturmay\u0131 hedefler. Bal pete\u011fi tasar\u0131ml\u0131 geni\u015f a\u011f ba\u015fl\u0131\u011f\u0131, daha fazla t\u00fcy\u00fc tek seferde toplar. Paslanmaz \u00e7elik b\u0131\u00e7ak filesi ile dayan\u0131kl\u0131 bir kullan\u0131m sunar. Kuma\u015flara zarar vermeden etkili temizlik sa\u011flar. G\u00fcnl\u00fck kullan\u0131m i\u00e7in idealdir.<\/p>\n","protected":false},"featured_media":126760,"comment_status":"open","ping_status":"closed","template":"","meta":{"_kad_post_transparent":"","_kad_post_title":"","_kad_post_layout":"","_kad_post_sidebar_id":"","_kad_post_content_style":"","_kad_post_vertical_padding":"","_kad_post_feature":"","_kad_post_feature_position":"","_kad_post_header":false,"_kad_post_footer":false,"_kad_post_classname":""},"product_brand":[],"product_cat":[15006],"product_tag":[],"class_list":{"0":"post-126761","1":"product","2":"type-product","3":"status-publish","4":"has-post-thumbnail","6":"product_cat-tuy-toplayici-tuy-toplayici","8":"first","9":"instock","10":"purchasable","11":"product-type-simple","12":"entry","13":"content-bg","14":"loop-entry"},"_links":{"self":[{"href":"https:\/\/www.hediyepazar.com\/index.php?rest_route=\/wp\/v2\/product\/126761","targetHints":{"allow":["GET"]}}],"collection":[{"href":"https:\/\/www.hediyepazar.com\/index.php?rest_route=\/wp\/v2\/product"}],"about":[{"href":"https:\/\/www.hediyepazar.com\/index.php?rest_route=\/wp\/v2\/types\/product"}],"replies":[{"embeddable":true,"href":"https:\/\/www.hediyepazar.com\/index.php?rest_route=%2Fwp%2Fv2%2Fcomments&post=126761"}],"wp:featuredmedia":[{"embeddable":true,"href":"https:\/\/www.hediyepazar.com\/index.php?rest_route=\/wp\/v2\/media\/126760"}],"wp:attachment":[{"href":"https:\/\/www.hediyepazar.com\/index.php?rest_route=%2Fwp%2Fv2%2Fmedia&parent=126761"}],"wp:term":[{"taxonomy":"product_brand","embeddable":true,"href":"https:\/\/www.hediyepazar.com\/index.php?rest_route=%2Fwp%2Fv2%2Fproduct_brand&post=126761"},{"taxonomy":"product_cat","embeddable":true,"href":"https:\/\/www.hediyepazar.com\/index.php?rest_route=%2Fwp%2Fv2%2Fproduct_cat&post=126761"},{"taxonomy":"product_tag","embeddable":true,"href":"https:\/\/www.hediyepazar.com\/index.php?rest_route=%2Fwp%2Fv2%2Fproduct_tag&post=126761"}],"curies":[{"name":"wp","href":"https:\/\/api.w.org\/{rel}","templated":true}]}}