{"id":126763,"date":"2026-05-06T21:07:06","date_gmt":"2026-05-07T00:07:06","guid":{"rendered":"https:\/\/www.hediyepazar.com\/?product=kompakt-tasarim-kumas-tuy-toplayici-makine"},"modified":"2026-05-06T21:07:06","modified_gmt":"2026-05-07T00:07:06","slug":"kompakt-tasarim-kumas-tuy-toplayici-makine","status":"publish","type":"product","link":"https:\/\/www.hediyepazar.com\/?product=kompakt-tasarim-kumas-tuy-toplayici-makine","title":{"rendered":"Kompakt Tasar\u0131m Kuma\u015f T\u00fcy Toplay\u0131c\u0131 Makine"},"content":{"rendered":"<p>Dayan\u0131kl\u0131 yap\u0131s\u0131 ve fonksiyonel tasar\u0131m\u0131 ile \u00f6ne \u00e7\u0131kan bu t\u00fcy temizleme makinesi, ev tekstilleri i\u00e7in g\u00fcvenli bir \u00e7\u00f6z\u00fcmd\u00fcr. Geli\u015fmi\u015f b\u0131\u00e7ak a\u011f\u0131 teknolojisi sayesinde t\u00fcy ve lifleri h\u0131zl\u0131ca temizler. Yap\u0131\u015fkan iz b\u0131rakmadan p\u00fcr\u00fczs\u00fcz bir y\u00fczey elde edilmesine yard\u0131mc\u0131 olur. Koltuk, kazak, perde ve battaniyelerde rahatl\u0131kla kullan\u0131labilir.<\/p>\n","protected":false},"excerpt":{"rendered":"<p>Dayan\u0131kl\u0131 yap\u0131s\u0131 ve fonksiyonel tasar\u0131m\u0131 ile \u00f6ne \u00e7\u0131kan bu t\u00fcy temizleme makinesi, ev tekstilleri i\u00e7in g\u00fcvenli bir \u00e7\u00f6z\u00fcmd\u00fcr. Geli\u015fmi\u015f b\u0131\u00e7ak a\u011f\u0131 teknolojisi sayesinde t\u00fcy ve lifleri h\u0131zl\u0131ca temizler. Yap\u0131\u015fkan iz b\u0131rakmadan p\u00fcr\u00fczs\u00fcz bir y\u00fczey elde edilmesine yard\u0131mc\u0131 olur. Koltuk, kazak, perde ve battaniyelerde rahatl\u0131kla kullan\u0131labilir.<\/p>\n","protected":false},"featured_media":126762,"comment_status":"open","ping_status":"closed","template":"","meta":{"_kad_post_transparent":"","_kad_post_title":"","_kad_post_layout":"","_kad_post_sidebar_id":"","_kad_post_content_style":"","_kad_post_vertical_padding":"","_kad_post_feature":"","_kad_post_feature_position":"","_kad_post_header":false,"_kad_post_footer":false,"_kad_post_classname":""},"product_brand":[],"product_cat":[15006],"product_tag":[],"class_list":{"0":"post-126763","1":"product","2":"type-product","3":"status-publish","4":"has-post-thumbnail","6":"product_cat-tuy-toplayici-tuy-toplayici","8":"first","9":"instock","10":"purchasable","11":"product-type-simple","12":"entry","13":"content-bg","14":"loop-entry"},"_links":{"self":[{"href":"https:\/\/www.hediyepazar.com\/index.php?rest_route=\/wp\/v2\/product\/126763","targetHints":{"allow":["GET"]}}],"collection":[{"href":"https:\/\/www.hediyepazar.com\/index.php?rest_route=\/wp\/v2\/product"}],"about":[{"href":"https:\/\/www.hediyepazar.com\/index.php?rest_route=\/wp\/v2\/types\/product"}],"replies":[{"embeddable":true,"href":"https:\/\/www.hediyepazar.com\/index.php?rest_route=%2Fwp%2Fv2%2Fcomments&post=126763"}],"wp:featuredmedia":[{"embeddable":true,"href":"https:\/\/www.hediyepazar.com\/index.php?rest_route=\/wp\/v2\/media\/126762"}],"wp:attachment":[{"href":"https:\/\/www.hediyepazar.com\/index.php?rest_route=%2Fwp%2Fv2%2Fmedia&parent=126763"}],"wp:term":[{"taxonomy":"product_brand","embeddable":true,"href":"https:\/\/www.hediyepazar.com\/index.php?rest_route=%2Fwp%2Fv2%2Fproduct_brand&post=126763"},{"taxonomy":"product_cat","embeddable":true,"href":"https:\/\/www.hediyepazar.com\/index.php?rest_route=%2Fwp%2Fv2%2Fproduct_cat&post=126763"},{"taxonomy":"product_tag","embeddable":true,"href":"https:\/\/www.hediyepazar.com\/index.php?rest_route=%2Fwp%2Fv2%2Fproduct_tag&post=126763"}],"curies":[{"name":"wp","href":"https:\/\/api.w.org\/{rel}","templated":true}]}}