{"id":126765,"date":"2026-05-06T21:07:13","date_gmt":"2026-05-07T00:07:13","guid":{"rendered":"https:\/\/www.hediyepazar.com\/?product=tasinabilir-retro-oyun-cubugu-kablosuz-oyun-kolu-seti"},"modified":"2026-05-06T21:07:13","modified_gmt":"2026-05-07T00:07:13","slug":"tasinabilir-retro-oyun-cubugu-kablosuz-oyun-kolu-seti","status":"publish","type":"product","link":"https:\/\/www.hediyepazar.com\/?product=tasinabilir-retro-oyun-cubugu-kablosuz-oyun-kolu-seti","title":{"rendered":"Ta\u015f\u0131nabilir Retro Oyun \u00c7ubu\u011fu Kablosuz Oyun Kolu Seti"},"content":{"rendered":"<p>Retro oyun konsolu, klasik oyunlar\u0131 sevenler i\u00e7in nostaljik bir deneyim sunar. HDMI giri\u015fli cihazlarla uyumlu \u00e7al\u0131\u015f\u0131r ve kolay kurulum \u00f6zelli\u011fi sayesinde h\u0131zl\u0131ca kullan\u0131ma haz\u0131r hale gelir. K\u00fc\u00e7\u00fck boyutu sayesinde ta\u015f\u0131nabilirlik avantaj\u0131 sa\u011flar.Geni\u015f oyun ar\u015fivi, farkl\u0131 t\u00fcrlerde binlerce oyunu i\u00e7erir. D\u00f6v\u00fc\u015f, yar\u0131\u015f, spor ve macera oyunlar\u0131 ile her zevke hitap eder. Oyun kay\u0131t sistemi, kullan\u0131c\u0131lar\u0131n ilerlemelerini kaydetmesine imkan tan\u0131r.Kablosuz joystickler, rahat tutu\u015f ve hassas kontrol sunar. Gecikmesiz ba\u011flant\u0131 ile ak\u0131c\u0131 bir oyun deneyimi sa\u011flar. \u00c7ok oyunculu oyun deste\u011fi sayesinde arkada\u015flarla birlikte e\u011flenceli vakit ge\u00e7irilebilir.64 GB haf\u0131za kapasitesi, geni\u015f bir oyun koleksiyonu sunar. TF kart deste\u011fi ile haf\u0131za art\u0131r\u0131labilir. Kullan\u0131c\u0131lar kendi oyunlar\u0131n\u0131 ekleyerek deneyimi ki\u015fiselle\u015ftirebilir.Retro oyun keyfini modern teknolojiyle birle\u015ftiren bu cihaz, ev e\u011flencesi i\u00e7in ideal bir se\u00e7enektir.<\/p>\n","protected":false},"excerpt":{"rendered":"<p>Retro oyun konsolu, klasik oyunlar\u0131 sevenler i\u00e7in nostaljik bir deneyim sunar. HDMI giri\u015fli cihazlarla uyumlu \u00e7al\u0131\u015f\u0131r ve kolay kurulum \u00f6zelli\u011fi sayesinde h\u0131zl\u0131ca kullan\u0131ma haz\u0131r hale gelir. K\u00fc\u00e7\u00fck boyutu sayesinde ta\u015f\u0131nabilirlik avantaj\u0131 sa\u011flar.Geni\u015f oyun ar\u015fivi, farkl\u0131 t\u00fcrlerde binlerce oyunu i\u00e7erir. D\u00f6v\u00fc\u015f, yar\u0131\u015f, spor ve macera oyunlar\u0131 ile her zevke hitap eder. Oyun kay\u0131t sistemi, kullan\u0131c\u0131lar\u0131n ilerlemelerini&#8230;<\/p>\n","protected":false},"featured_media":126764,"comment_status":"open","ping_status":"closed","template":"","meta":{"_kad_post_transparent":"","_kad_post_title":"","_kad_post_layout":"","_kad_post_sidebar_id":"","_kad_post_content_style":"","_kad_post_vertical_padding":"","_kad_post_feature":"","_kad_post_feature_position":"","_kad_post_header":false,"_kad_post_footer":false,"_kad_post_classname":""},"product_brand":[],"product_cat":[14961],"product_tag":[],"class_list":{"0":"post-126765","1":"product","2":"type-product","3":"status-publish","4":"has-post-thumbnail","6":"product_cat-oyun-konsolu-oyun-konsolu","8":"first","9":"instock","10":"purchasable","11":"product-type-simple","12":"entry","13":"content-bg","14":"loop-entry"},"_links":{"self":[{"href":"https:\/\/www.hediyepazar.com\/index.php?rest_route=\/wp\/v2\/product\/126765","targetHints":{"allow":["GET"]}}],"collection":[{"href":"https:\/\/www.hediyepazar.com\/index.php?rest_route=\/wp\/v2\/product"}],"about":[{"href":"https:\/\/www.hediyepazar.com\/index.php?rest_route=\/wp\/v2\/types\/product"}],"replies":[{"embeddable":true,"href":"https:\/\/www.hediyepazar.com\/index.php?rest_route=%2Fwp%2Fv2%2Fcomments&post=126765"}],"wp:featuredmedia":[{"embeddable":true,"href":"https:\/\/www.hediyepazar.com\/index.php?rest_route=\/wp\/v2\/media\/126764"}],"wp:attachment":[{"href":"https:\/\/www.hediyepazar.com\/index.php?rest_route=%2Fwp%2Fv2%2Fmedia&parent=126765"}],"wp:term":[{"taxonomy":"product_brand","embeddable":true,"href":"https:\/\/www.hediyepazar.com\/index.php?rest_route=%2Fwp%2Fv2%2Fproduct_brand&post=126765"},{"taxonomy":"product_cat","embeddable":true,"href":"https:\/\/www.hediyepazar.com\/index.php?rest_route=%2Fwp%2Fv2%2Fproduct_cat&post=126765"},{"taxonomy":"product_tag","embeddable":true,"href":"https:\/\/www.hediyepazar.com\/index.php?rest_route=%2Fwp%2Fv2%2Fproduct_tag&post=126765"}],"curies":[{"name":"wp","href":"https:\/\/api.w.org\/{rel}","templated":true}]}}