{"id":126795,"date":"2026-05-06T21:12:13","date_gmt":"2026-05-07T00:12:13","guid":{"rendered":"https:\/\/www.hediyepazar.com\/?product=s-link-sl-ka1222-12v-2a-dc-adaptor1923"},"modified":"2026-05-06T21:12:13","modified_gmt":"2026-05-07T00:12:13","slug":"s-link-sl-ka1222-12v-2a-dc-adaptor1923","status":"publish","type":"product","link":"https:\/\/www.hediyepazar.com\/?product=s-link-sl-ka1222-12v-2a-dc-adaptor1923","title":{"rendered":"S-LINK SL-KA1222 12V 2A DC ADAPT\u00d6R(1923)"},"content":{"rendered":"<p>A\u00e7\u0131klamaAC\/DC G\u00fc\u00e7 Adapt\u00f6r\u00fcMarkaS-linkModelSL-KA1222RenkSiyahGiri\u015fAC 110-240V, 50-60Hz, max. 2AGiri\u015f Konnekt\u00f6r\u00fcAC Plug Socket Type F\u00c7\u0131k\u0131\u015fDC 12V, 2A\u00c7\u0131k\u0131\u015f g\u00fcc\u00fc24 Watt\u00c7\u0131k\u0131\u015f Konnekt\u00f6r\u00fc5.5mm x 2.5mm (D\u0131\u015f \u00c7ap x \u0130\u00e7 \u00c7ap ) Silindirik Koaksiyel g\u00fc\u00e7 Konnekt\u00f6r\u00fcVerimlilik%85ten fazlaKoruma Fonksiyonlar\u0131A\u015f\u0131r\u0131 Y\u00fck, K\u0131sa Devre, A\u015f\u0131r\u0131 S\u0131cakl\u0131k, Y\u00fcksek Voltaj, A\u015f\u0131r\u0131 Ak\u0131m KorumaG\u00f6stergeYokKablo \u00c7ap\u0131AC Kablo: 6mm, DC Kablo: 4mmKablo Uzunlu\u011fuAC Kablo: 1.2metre, DC Kablo: 1.2 metre\u00dcr\u00fcn MalzemesiABS, Metalkullan\u0131m \u015fekliTa\u015f\u0131nabilir, Tak-Kullan\u00dcr\u00fcn A\u011f\u0131rl\u0131\u011f\u0131270gr\u00dcr\u00fcn Boyutu116mm x 50mm x 35mmPaket Boyutu207mm x 132mm x 50mmToplam A\u011f\u0131rl\u0131k338grPaket \u0130\u00e7eri\u011fi\u00dcr\u00fcn + Kullanma K\u0131lavuzu\/GarantiGaranti S\u00fcresi24 Ay<\/p>\n","protected":false},"excerpt":{"rendered":"<p>A\u00e7\u0131klamaAC\/DC G\u00fc\u00e7 Adapt\u00f6r\u00fcMarkaS-linkModelSL-KA1222RenkSiyahGiri\u015fAC 110-240V, 50-60Hz, max. 2AGiri\u015f Konnekt\u00f6r\u00fcAC Plug Socket Type F\u00c7\u0131k\u0131\u015fDC 12V, 2A\u00c7\u0131k\u0131\u015f g\u00fcc\u00fc24 Watt\u00c7\u0131k\u0131\u015f Konnekt\u00f6r\u00fc5.5mm x 2.5mm (D\u0131\u015f \u00c7ap x \u0130\u00e7 \u00c7ap ) Silindirik Koaksiyel g\u00fc\u00e7 Konnekt\u00f6r\u00fcVerimlilik%85ten fazlaKoruma Fonksiyonlar\u0131A\u015f\u0131r\u0131 Y\u00fck, K\u0131sa Devre, A\u015f\u0131r\u0131 S\u0131cakl\u0131k, Y\u00fcksek Voltaj, A\u015f\u0131r\u0131 Ak\u0131m KorumaG\u00f6stergeYokKablo \u00c7ap\u0131AC Kablo: 6mm, DC Kablo: 4mmKablo Uzunlu\u011fuAC Kablo: 1.2metre, DC Kablo: 1.2 metre\u00dcr\u00fcn MalzemesiABS,&#8230;<\/p>\n","protected":false},"featured_media":126794,"comment_status":"open","ping_status":"closed","template":"","meta":{"_kad_post_transparent":"","_kad_post_title":"","_kad_post_layout":"","_kad_post_sidebar_id":"","_kad_post_content_style":"","_kad_post_vertical_padding":"","_kad_post_feature":"","_kad_post_feature_position":"","_kad_post_header":false,"_kad_post_footer":false,"_kad_post_classname":""},"product_brand":[],"product_cat":[15241],"product_tag":[],"class_list":{"0":"post-126795","1":"product","2":"type-product","3":"status-publish","4":"has-post-thumbnail","6":"product_cat-ev-guvenlik-urunleri-antre-hol-mobilya-ev-yasam-ev-guvenlik-urunleri","8":"first","9":"instock","10":"purchasable","11":"product-type-simple","12":"entry","13":"content-bg","14":"loop-entry"},"_links":{"self":[{"href":"https:\/\/www.hediyepazar.com\/index.php?rest_route=\/wp\/v2\/product\/126795","targetHints":{"allow":["GET"]}}],"collection":[{"href":"https:\/\/www.hediyepazar.com\/index.php?rest_route=\/wp\/v2\/product"}],"about":[{"href":"https:\/\/www.hediyepazar.com\/index.php?rest_route=\/wp\/v2\/types\/product"}],"replies":[{"embeddable":true,"href":"https:\/\/www.hediyepazar.com\/index.php?rest_route=%2Fwp%2Fv2%2Fcomments&post=126795"}],"wp:featuredmedia":[{"embeddable":true,"href":"https:\/\/www.hediyepazar.com\/index.php?rest_route=\/wp\/v2\/media\/126794"}],"wp:attachment":[{"href":"https:\/\/www.hediyepazar.com\/index.php?rest_route=%2Fwp%2Fv2%2Fmedia&parent=126795"}],"wp:term":[{"taxonomy":"product_brand","embeddable":true,"href":"https:\/\/www.hediyepazar.com\/index.php?rest_route=%2Fwp%2Fv2%2Fproduct_brand&post=126795"},{"taxonomy":"product_cat","embeddable":true,"href":"https:\/\/www.hediyepazar.com\/index.php?rest_route=%2Fwp%2Fv2%2Fproduct_cat&post=126795"},{"taxonomy":"product_tag","embeddable":true,"href":"https:\/\/www.hediyepazar.com\/index.php?rest_route=%2Fwp%2Fv2%2Fproduct_tag&post=126795"}],"curies":[{"name":"wp","href":"https:\/\/api.w.org\/{rel}","templated":true}]}}