{"id":126811,"date":"2026-05-06T21:13:19","date_gmt":"2026-05-07T00:13:19","guid":{"rendered":"https:\/\/www.hediyepazar.com\/?product=logitech-910-001356-r400-wireless-presenter-sunum-cihazi1923"},"modified":"2026-05-06T21:13:19","modified_gmt":"2026-05-07T00:13:19","slug":"logitech-910-001356-r400-wireless-presenter-sunum-cihazi1923","status":"publish","type":"product","link":"https:\/\/www.hediyepazar.com\/?product=logitech-910-001356-r400-wireless-presenter-sunum-cihazi1923","title":{"rendered":"LOGITECH 910-001356 R400 Wireless Presenter Sunum Cihaz\u0131(1923)"},"content":{"rendered":"<p>&#8211; Sezgisel kontrolleri ve k\u0131rm\u0131z\u0131 lazer i\u015faretisi ile herkesin sizianlamas\u0131n\u0131 sa\u011flayacak bir kablosuz sunum cihaz\u0131- Sezgisel slayt gsterisi kontrolleriD\u011fmeleri sadece dokunarak bulmak bile ok kolay. Dahas\u0131, yumu\u015fakhatlar\u0131yla elinizde tutmaktan ho\u015flanacaks\u0131n\u0131z. \u0130lk slayttan sonuncusunakadar kontrol tamamen sizde olacak.- K\u0131rm\u0131z\u0131 lazer i\u015fareti\u0130zleyicileriniz tam olarak neyi i\u015faret etti\u011finizi rahatl\u0131kla grecek..- 15 metreye varan geni\u015f menzil2,4 GHz kablosuz teknoloji sayesinde odan\u0131n iinde zgrce dola\u015fabilirve daha kuvvetli bir etki iin izleyicilerinizin aras\u0131nakar\u0131\u015fabilirsiniz- Pil gstergesiTek bak\u0131\u015fta ne kadar g kald\u0131\u011f\u0131n\u0131 grmenizi sa\u011flar- Tak ve al\u0131\u015ft\u0131r kablosuz al\u0131c\u0131Hibir yaz\u0131l\u0131m yklemeyeceksiniz. Ba\u015flamak iin tek yapman\u0131z gerekenal\u0131c\u0131y\u0131 bir USB ba\u011flant\u0131 noktas\u0131na takmak. Ayr\u0131ca, gsteri bitti\u011findeal\u0131c\u0131y\u0131 sunum cihaz\u0131n\u0131n iinde saklayabilirsiniz..TEKN\u0130K ZELL\u0130KLER:- Entegre slayt gsterisi d\u011fmeleri- 2,4 GHz kablosuz teknoloji ile 50 ft&#8217;e kadar etkin menzil- LED gstergeli k\u0131rm\u0131z\u0131 lazer i\u015fareti- Tak ve al\u0131\u015ft\u0131r; yaz\u0131l\u0131m gerekmez- Cihaz iinde saklanabilen al\u0131c\u0131 ve ta\u015f\u0131ma antas\u0131- Pil gc gstergesi- Ama \/ kapama d\u011fmesiPAKET \u0130ER\u0130\u011e\u0130:- Logitech Wireless Presenter TBD- Kablosuz mini al\u0131c\u0131- 2 AAA pil- Ta\u015f\u0131ma antas\u0131- H\u0131zl\u0131 ba\u015flama k\u0131lavuzu<\/p>\n","protected":false},"excerpt":{"rendered":"<p>&#8211; Sezgisel kontrolleri ve k\u0131rm\u0131z\u0131 lazer i\u015faretisi ile herkesin sizianlamas\u0131n\u0131 sa\u011flayacak bir kablosuz sunum cihaz\u0131- Sezgisel slayt gsterisi kontrolleriD\u011fmeleri sadece dokunarak bulmak bile ok kolay. Dahas\u0131, yumu\u015fakhatlar\u0131yla elinizde tutmaktan ho\u015flanacaks\u0131n\u0131z. \u0130lk slayttan sonuncusunakadar kontrol tamamen sizde olacak.- K\u0131rm\u0131z\u0131 lazer i\u015fareti\u0130zleyicileriniz tam olarak neyi i\u015faret etti\u011finizi rahatl\u0131kla grecek..- 15 metreye varan geni\u015f menzil2,4 GHz kablosuz teknoloji&#8230;<\/p>\n","protected":false},"featured_media":126810,"comment_status":"open","ping_status":"closed","template":"","meta":{"_kad_post_transparent":"","_kad_post_title":"","_kad_post_layout":"","_kad_post_sidebar_id":"","_kad_post_content_style":"","_kad_post_vertical_padding":"","_kad_post_feature":"","_kad_post_feature_position":"","_kad_post_header":false,"_kad_post_footer":false,"_kad_post_classname":""},"product_brand":[],"product_cat":[14905],"product_tag":[],"class_list":{"0":"post-126811","1":"product","2":"type-product","3":"status-publish","4":"has-post-thumbnail","6":"product_cat-projeksiyon-projeksiyon","8":"first","9":"instock","10":"purchasable","11":"product-type-simple","12":"entry","13":"content-bg","14":"loop-entry"},"_links":{"self":[{"href":"https:\/\/www.hediyepazar.com\/index.php?rest_route=\/wp\/v2\/product\/126811","targetHints":{"allow":["GET"]}}],"collection":[{"href":"https:\/\/www.hediyepazar.com\/index.php?rest_route=\/wp\/v2\/product"}],"about":[{"href":"https:\/\/www.hediyepazar.com\/index.php?rest_route=\/wp\/v2\/types\/product"}],"replies":[{"embeddable":true,"href":"https:\/\/www.hediyepazar.com\/index.php?rest_route=%2Fwp%2Fv2%2Fcomments&post=126811"}],"wp:featuredmedia":[{"embeddable":true,"href":"https:\/\/www.hediyepazar.com\/index.php?rest_route=\/wp\/v2\/media\/126810"}],"wp:attachment":[{"href":"https:\/\/www.hediyepazar.com\/index.php?rest_route=%2Fwp%2Fv2%2Fmedia&parent=126811"}],"wp:term":[{"taxonomy":"product_brand","embeddable":true,"href":"https:\/\/www.hediyepazar.com\/index.php?rest_route=%2Fwp%2Fv2%2Fproduct_brand&post=126811"},{"taxonomy":"product_cat","embeddable":true,"href":"https:\/\/www.hediyepazar.com\/index.php?rest_route=%2Fwp%2Fv2%2Fproduct_cat&post=126811"},{"taxonomy":"product_tag","embeddable":true,"href":"https:\/\/www.hediyepazar.com\/index.php?rest_route=%2Fwp%2Fv2%2Fproduct_tag&post=126811"}],"curies":[{"name":"wp","href":"https:\/\/api.w.org\/{rel}","templated":true}]}}