{"id":126817,"date":"2026-05-06T21:14:24","date_gmt":"2026-05-07T00:14:24","guid":{"rendered":"https:\/\/www.hediyepazar.com\/?product=lg-pc18sq-s3nm18kl2fa-18000-btu-klima1923"},"modified":"2026-05-06T21:14:24","modified_gmt":"2026-05-07T00:14:24","slug":"lg-pc18sq-s3nm18kl2fa-18000-btu-klima1923","status":"publish","type":"product","link":"https:\/\/www.hediyepazar.com\/?product=lg-pc18sq-s3nm18kl2fa-18000-btu-klima1923","title":{"rendered":"LG PC18SQ S3NM18KL2FA 18000 BTU KLIMA(1923)"},"content":{"rendered":"<p>ThinQ\u2122 (Wi-Fi)Enerji TasarrufluDUAL Inverter Compressor\u2122Daha SessizDaha H\u0131zl\u0131 So\u011futma\u00d6n Filtre ve Otomatik TemizlemeKAPAS\u0130TESo\u011futma &#8211; Min ~ Nominal ~ Maks &#8211; kW : 0.90 \/ 5.00 \/ 5.50So\u011futma &#8211; Min ~ Nominal ~ Maks &#8211; Btu\/h : 3,073 \/ 17,072 \/ 18,779So\u011futma &#8211; Min ~ Nominal ~ Maks &#8211; kcal\/h : 774 \/ 4,302 \/ 4,732Is\u0131tma &#8211; Min ~ Nominal ~ Maks &#8211; kW : 0.90 \/ 5.80 \/ 6.40Is\u0131tma &#8211; Min ~ Nominal ~ Maks &#8211; Btu\/h : 3,073 \/ 19,804 \/ 21,852Is\u0131tma &#8211; Min ~ Nominal ~ Maks &#8211; kcal\/h : 774 \/ 4,990 \/ 5,507Is\u0131tma -7 \u00b0C &#8211; Maks &#8211; kW : 4.20G\u00dc\u00c7 G\u0130R\u0130\u015e\u0130So\u011futma &#8211; Min ~ Nominal ~ Maks &#8211; W : 210 \/ 1,562 \/ 1,940Is\u0131tma &#8211; Min ~ Nominal ~ Maks &#8211; W : 210 \/ 1,611 \/ 2,000AKIMSo\u011futma &#8211; Min ~ Nominal ~ Maks &#8211; A : 1.20 \/ 6.90 \/ 9.00Is\u0131tma &#8211; Min ~ Nominal ~ Maks &#8211; A : 1.20 \/ 7.10 \/ 9.50EERW\/W : 3.20(Btu\/h)\/W : 10.93SEERSEER : 7.00P DES\u0130GN C\/P DES\u0130GN HkW : 5 \/ 3.9COPW\/W : 3.60(Btu\/h)\/W : 12.29SCOPSCOP : 4.30ENERJ\u0130 ET\u0130KET\u0130 SINIFISo\u011futma : A++Is\u0131tma : A+YILLIK ENERJ\u0130 T\u00dcKET\u0130M\u0130So\u011futma &#8211; kWh\/year : 250Is\u0131tma &#8211; kWh\/year : 1,270G\u00dc\u00c7 BESLEMES\u0130\u00d8, V, Hz : 1, 220-240, 50UYGUN VOLTAJ ARALI\u011eIV : 187 ~ 276G\u00dc\u00c7 FAKT\u00d6R\u00dcSo\u011futma &#8211; % : 97.0Is\u0131tma &#8211; % : 97.0NEM G\u0130DERMEl\/h : 1.80pts\/h : 3.80\u0130\u00c7 \u00dcN\u0130TEHava Ak\u0131\u015f\u0131 &#8211; So\u011futma, Maks \/ Y \/ O \/ D &#8211; m\u00b3\/min : 15.5 \/ 14.5 \/ 13.0 \/ 10.5Hava Ak\u0131\u015f\u0131 &#8211; Is\u0131tma, Maks \/ Y \/ O \/ D &#8211; m\u00b3\/min : 18.5 \/ 16.0 \/ 13.5 \/ 11.0Ses Bas\u0131nc\u0131 Seviyesi &#8211; So\u011futma, Maks \/ Y \/ O \/ D\/ \u00c7D &#8211; dB(A) : 47 \/ 44 \/ 39 \/ 34 \/ 31Ses Bas\u0131nc\u0131 Seviyesi &#8211; Is\u0131tma, Maks \/ Y \/ O \/ D &#8211; dB(A) : 48 \/ 44 \/ 39 \/ 34Ses G\u00fcc\u00fc Seviyesi &#8211; dB(A) : 60Boyutlar (A \u00d7 Y \u00d7 G) &#8211; Net &#8211; mm : 998 x 345 x 210Boyutlar (A \u00d7 Y \u00d7 G) &#8211; Gros &#8211; mm : 1053 x 424 x 278A\u011f\u0131rl\u0131k &#8211; Net &#8211; kg : 11.9A\u011f\u0131rl\u0131k &#8211; Gros &#8211; kg : 14.2D\u0131\u015f Renk Kodu : Munsell 7.5BG 10\/2 (RAL 9016)\u00c7al\u0131\u015fma Aral\u0131\u011f\u0131 &#8211; So\u011futma &#8211; \u00b0C DB : 18 ~ 32\u00c7al\u0131\u015fma Aral\u0131\u011f\u0131 &#8211; So\u011futma &#8211; \u00b0C WB : 12 ~ 23\u00c7al\u0131\u015fma Aral\u0131\u011f\u0131 &#8211; Is\u0131tma &#8211; \u00b0C DB : 16 ~ 30DI\u015e \u00dcN\u0130TEHava Ak\u0131\u015f\u0131 &#8211; Maks &#8211; m\u00b3\/min : 35.0Hava Ak\u0131\u015f\u0131 &#8211; Maks &#8211; CFM : 1236Fan Motor H\u0131z\u0131 &#8211; So\u011futma, Min ~ Maks &#8211; rpm : 200 ~ 900Fan Motor H\u0131z\u0131 &#8211; Is\u0131tma, Min ~ Maks &#8211; rpm : 200 ~ 900Ses Bas\u0131nc\u0131 Seviyesi &#8211; So\u011futma, Nominal &#8211; dB(A) : 53Ses Bas\u0131nc\u0131 Seviyesi &#8211; Is\u0131tma, Nominal &#8211; dB(A) : 55Ses G\u00fcc\u00fc Seviyesi &#8211; dB(A) : 65Boyutlar (A \u00d7 Y \u00d7 G) &#8211; Net &#8211; mm : 770 x 545 x 288Boyutlar (A \u00d7 Y \u00d7 G) &#8211; Gros &#8211; mm : 919 x 599 x 392A\u011f\u0131rl\u0131k &#8211; Net &#8211; kg : 34.4A\u011f\u0131rl\u0131k &#8211; Gros &#8211; kg : 37.0Maksimum Sigorta Boyutu &#8211; A : 20D\u0131\u015f Renk Kodu : Munsell 9.54Y 8.34\/1.31 (RAL 9001)\u00c7al\u0131\u015fma Aral\u0131\u011f\u0131 &#8211; So\u011futma &#8211; \u00b0C DB : -15 ~ 48\u00c7al\u0131\u015fma Aral\u0131\u011f\u0131 &#8211; Is\u0131tma &#8211; \u00b0C DB : -10 ~ 24\u00c7al\u0131\u015fma Aral\u0131\u011f\u0131 &#8211; Is\u0131tma &#8211; \u00b0C WB : -10 ~ 18S\u0130GORTAA : 20G\u00dc\u00c7 KABLOSUNo. : 3mm\u00b2 : 1.5AWG : 14\u00a0<\/p>\n","protected":false},"excerpt":{"rendered":"<p>ThinQ\u2122 (Wi-Fi)Enerji TasarrufluDUAL Inverter Compressor\u2122Daha SessizDaha H\u0131zl\u0131 So\u011futma\u00d6n Filtre ve Otomatik TemizlemeKAPAS\u0130TESo\u011futma &#8211; Min ~ Nominal ~ Maks &#8211; kW : 0.90 \/ 5.00 \/ 5.50So\u011futma &#8211; Min ~ Nominal ~ Maks &#8211; Btu\/h : 3,073 \/ 17,072 \/ 18,779So\u011futma &#8211; Min ~ Nominal ~ Maks &#8211; kcal\/h : 774 \/ 4,302 \/ 4,732Is\u0131tma &#8211;&#8230;<\/p>\n","protected":false},"featured_media":126816,"comment_status":"open","ping_status":"closed","template":"","meta":{"_kad_post_transparent":"","_kad_post_title":"","_kad_post_layout":"","_kad_post_sidebar_id":"","_kad_post_content_style":"","_kad_post_vertical_padding":"","_kad_post_feature":"","_kad_post_feature_position":"","_kad_post_header":false,"_kad_post_footer":false,"_kad_post_classname":""},"product_brand":[],"product_cat":[15194],"product_tag":[],"class_list":{"0":"post-126817","1":"product","2":"type-product","3":"status-publish","4":"has-post-thumbnail","6":"product_cat-sogutucular-sogutucular","8":"first","9":"instock","10":"purchasable","11":"product-type-simple","12":"entry","13":"content-bg","14":"loop-entry"},"_links":{"self":[{"href":"https:\/\/www.hediyepazar.com\/index.php?rest_route=\/wp\/v2\/product\/126817","targetHints":{"allow":["GET"]}}],"collection":[{"href":"https:\/\/www.hediyepazar.com\/index.php?rest_route=\/wp\/v2\/product"}],"about":[{"href":"https:\/\/www.hediyepazar.com\/index.php?rest_route=\/wp\/v2\/types\/product"}],"replies":[{"embeddable":true,"href":"https:\/\/www.hediyepazar.com\/index.php?rest_route=%2Fwp%2Fv2%2Fcomments&post=126817"}],"wp:featuredmedia":[{"embeddable":true,"href":"https:\/\/www.hediyepazar.com\/index.php?rest_route=\/wp\/v2\/media\/126816"}],"wp:attachment":[{"href":"https:\/\/www.hediyepazar.com\/index.php?rest_route=%2Fwp%2Fv2%2Fmedia&parent=126817"}],"wp:term":[{"taxonomy":"product_brand","embeddable":true,"href":"https:\/\/www.hediyepazar.com\/index.php?rest_route=%2Fwp%2Fv2%2Fproduct_brand&post=126817"},{"taxonomy":"product_cat","embeddable":true,"href":"https:\/\/www.hediyepazar.com\/index.php?rest_route=%2Fwp%2Fv2%2Fproduct_cat&post=126817"},{"taxonomy":"product_tag","embeddable":true,"href":"https:\/\/www.hediyepazar.com\/index.php?rest_route=%2Fwp%2Fv2%2Fproduct_tag&post=126817"}],"curies":[{"name":"wp","href":"https:\/\/api.w.org\/{rel}","templated":true}]}}