{"id":126823,"date":"2026-05-06T21:15:17","date_gmt":"2026-05-07T00:15:17","guid":{"rendered":"https:\/\/www.hediyepazar.com\/?product=logitech-910-005843-r500s-wireless-presenter-sunum-cihazi1923"},"modified":"2026-05-06T21:15:17","modified_gmt":"2026-05-07T00:15:17","slug":"logitech-910-005843-r500s-wireless-presenter-sunum-cihazi1923","status":"publish","type":"product","link":"https:\/\/www.hediyepazar.com\/?product=logitech-910-005843-r500s-wireless-presenter-sunum-cihazi1923","title":{"rendered":"LOGITECH 910-005843 R500s Wireless Presenter Sunum Cihaz\u0131(1923)"},"content":{"rendered":"<p>Logitech Kablosuz Sunum Kumandas\u0131 \u00d6zellikleriLOGITECH R500S KABLOSUZ SUNUM KUMANDASI\u00a0R500s Lazer Sunum Kumandas\u0131 ile etkileyici sunumlar yap\u0131n. 20 metreye kadar \u00f6zg\u00fcrce dola\u015farak slaytlar aras\u0131nda gezinin ve k\u0131rm\u0131z\u0131 lazer i\u015faret\u00e7i ile \u00f6nemli odak noktalar\u0131n\u0131 i\u015faret edin.ZAHMETS\u0130ZCE SUNUM YAPINR500s Lazer Sunum Kumandas\u0131 ile etkileyici sunumlar yap\u0131n. 20 metreye kadar \u00f6zg\u00fcrce dola\u015farak slaytlar aras\u0131nda gezinin ve k\u0131rm\u0131z\u0131 lazer i\u015faret\u00e7i ile \u00f6nemli odak noktalar\u0131n\u0131 i\u015faret edin. R500s; Windows\u00ae, macOS ve \u00f6nde gelen sunum yaz\u0131l\u0131mlar\u0131 ile \u00e7al\u0131\u015facak \u015fekilde optimize edilmi\u015ftir.KOLAYCA SUNUM YAPINR500s, sunumunuzu m\u00fckemmel h\u00e2le getirmek i\u00e7in odaklanman\u0131z\u0131 sa\u011flayan kolay, g\u00fcvenilir ve sorunsuz bir sunum kumandas\u0131d\u0131r.KOLAY SLAYT GEZ\u0130NT\u0130S\u0130R500s\u2019nin kolayca ay\u0131rt edilebilen \u00fc\u00e7 tu\u015f tasar\u0131m\u0131 sayesinde, parmaklar\u0131n\u0131z\u0131 yerle\u015ftirmek \u00fczere kumandaya bakmak zorunda kalmadan kolayca ve g\u00fcvenle sunum slaytlar\u0131 aras\u0131nda gezinebilirsiniz.KIRMIZI LAZER \u0130\u015eARET\u00c7\u0130Kullan\u0131m\u0131 kolay ve parlak k\u0131rm\u0131z\u0131 lazer i\u015faret\u00e7i ile sunumunuzda \u00f6nemli odak noktalar\u0131n\u0131 i\u015faret edin.TV veya LCD ekranda sunum yap\u0131yorsan\u0131z ve bir dijital i\u015faret\u00e7iye ihtiyac\u0131n\u0131z varsa \u015funu deneyin:LOGITECH PRESENTATION UYGULAMASILogitech Presentation Uygulamas\u0131\u2019nda tu\u015f i\u015flevlerini \u00f6zelle\u015ftirin, pil \u00f6mr\u00fcn\u00fc izleyin ve bir ekran zamanlay\u0131c\u0131s\u0131 ayarlay\u0131n. Bilgisayar\u0131n\u0131z\u0131n uyku moduna girip girmeyece\u011fi konusunda endi\u015felenmenize gerek kalmaz, sunum s\u0131ras\u0131nda uygulama bilgisayar\u0131n\u0131z\u0131 a\u00e7\u0131k tutar.20 METRE \u00c7ALI\u015eMA ARALI\u011eIUSB al\u0131c\u0131 veya\u00a0Bluetooth\u00ae\u00a0d\u00fc\u015f\u00fck enerji teknolojisi arac\u0131l\u0131\u011f\u0131yla R500s cihaz\u0131n\u0131z\u0131 bilgisayar\u0131n\u0131za ba\u011flay\u0131n. 20 metreye kadar \u00f6zg\u00fcrce dola\u015farak sunum yapabilirsiniz.G\u00dcVENL\u0130 KAVRAMA \u0130\u00c7\u0130N TASARLANMI\u015eTIRR500s Lazer Sunum Kumandas\u0131, avucunuza rahat\u00e7a s\u0131\u011facak \u015fekilde tasarlanm\u0131\u015ft\u0131r ve yumu\u015fak kau\u00e7uk y\u00fczeyi ve dokulu tu\u015flar\u0131, sunum s\u0131ras\u0131nda g\u00fcvenli kavrama sa\u011flar.<\/p>\n","protected":false},"excerpt":{"rendered":"<p>Logitech Kablosuz Sunum Kumandas\u0131 \u00d6zellikleriLOGITECH R500S KABLOSUZ SUNUM KUMANDASI\u00a0R500s Lazer Sunum Kumandas\u0131 ile etkileyici sunumlar yap\u0131n. 20 metreye kadar \u00f6zg\u00fcrce dola\u015farak slaytlar aras\u0131nda gezinin ve k\u0131rm\u0131z\u0131 lazer i\u015faret\u00e7i ile \u00f6nemli odak noktalar\u0131n\u0131 i\u015faret edin.ZAHMETS\u0130ZCE SUNUM YAPINR500s Lazer Sunum Kumandas\u0131 ile etkileyici sunumlar yap\u0131n. 20 metreye kadar \u00f6zg\u00fcrce dola\u015farak slaytlar aras\u0131nda gezinin ve k\u0131rm\u0131z\u0131 lazer i\u015faret\u00e7i&#8230;<\/p>\n","protected":false},"featured_media":126822,"comment_status":"open","ping_status":"closed","template":"","meta":{"_kad_post_transparent":"","_kad_post_title":"","_kad_post_layout":"","_kad_post_sidebar_id":"","_kad_post_content_style":"","_kad_post_vertical_padding":"","_kad_post_feature":"","_kad_post_feature_position":"","_kad_post_header":false,"_kad_post_footer":false,"_kad_post_classname":""},"product_brand":[],"product_cat":[14905],"product_tag":[],"class_list":{"0":"post-126823","1":"product","2":"type-product","3":"status-publish","4":"has-post-thumbnail","6":"product_cat-projeksiyon-projeksiyon","8":"first","9":"instock","10":"purchasable","11":"product-type-simple","12":"entry","13":"content-bg","14":"loop-entry"},"_links":{"self":[{"href":"https:\/\/www.hediyepazar.com\/index.php?rest_route=\/wp\/v2\/product\/126823","targetHints":{"allow":["GET"]}}],"collection":[{"href":"https:\/\/www.hediyepazar.com\/index.php?rest_route=\/wp\/v2\/product"}],"about":[{"href":"https:\/\/www.hediyepazar.com\/index.php?rest_route=\/wp\/v2\/types\/product"}],"replies":[{"embeddable":true,"href":"https:\/\/www.hediyepazar.com\/index.php?rest_route=%2Fwp%2Fv2%2Fcomments&post=126823"}],"wp:featuredmedia":[{"embeddable":true,"href":"https:\/\/www.hediyepazar.com\/index.php?rest_route=\/wp\/v2\/media\/126822"}],"wp:attachment":[{"href":"https:\/\/www.hediyepazar.com\/index.php?rest_route=%2Fwp%2Fv2%2Fmedia&parent=126823"}],"wp:term":[{"taxonomy":"product_brand","embeddable":true,"href":"https:\/\/www.hediyepazar.com\/index.php?rest_route=%2Fwp%2Fv2%2Fproduct_brand&post=126823"},{"taxonomy":"product_cat","embeddable":true,"href":"https:\/\/www.hediyepazar.com\/index.php?rest_route=%2Fwp%2Fv2%2Fproduct_cat&post=126823"},{"taxonomy":"product_tag","embeddable":true,"href":"https:\/\/www.hediyepazar.com\/index.php?rest_route=%2Fwp%2Fv2%2Fproduct_tag&post=126823"}],"curies":[{"name":"wp","href":"https:\/\/api.w.org\/{rel}","templated":true}]}}