{"id":126841,"date":"2026-05-06T21:19:09","date_gmt":"2026-05-07T00:19:09","guid":{"rendered":"https:\/\/www.hediyepazar.com\/?product=kirmizi-kablosuz-bluetooth-kulaklik-stres-carkli-oyuncu-kulakligi-2"},"modified":"2026-05-06T21:19:09","modified_gmt":"2026-05-07T00:19:09","slug":"kirmizi-kablosuz-bluetooth-kulaklik-stres-carkli-oyuncu-kulakligi-2","status":"publish","type":"product","link":"https:\/\/www.hediyepazar.com\/?product=kirmizi-kablosuz-bluetooth-kulaklik-stres-carkli-oyuncu-kulakligi-2","title":{"rendered":"K\u0131rm\u0131z\u0131 Kablosuz Bluetooth Kulakl\u0131k Stres \u00c7arkl\u0131 Oyuncu Kulakl\u0131\u011f\u0131"},"content":{"rendered":"<p>Modern ve \u015f\u0131k tasar\u0131m\u0131 ile her ortamda dikkatleri \u00fczerine \u00e7eken bu spinner, y\u00fcksek kaliteli malzemelerden \u00fcretilmi\u015ftir. Parlak renkleri ve \u00f6zg\u00fcn desenleri ile g\u00f6z al\u0131c\u0131 bir g\u00f6r\u00fcn\u00fcme sahiptir, ayn\u0131 zamanda dayan\u0131kl\u0131 ve uzun \u00f6m\u00fcrl\u00fcd\u00fcr.Entegre M\u00fczik Fonksiyonlar\u0131Bu spinner, entegre hoparl\u00f6r\u00fc sayesinde oyun oynarken veya dinlenirken m\u00fczik dinleme keyfi sunar. E\u011flenceli m\u00fczik modu ile her d\u00f6n\u00fc\u015fte enerjinizi art\u0131r\u0131r ve m\u00fczikle birle\u015fen oyun deneyimi unutulmaz hale gelir.Zihinsel Rahatlama ve KonsantrasyonSpinner\u2019\u0131 d\u00f6nd\u00fcrmek, g\u00fcnl\u00fck stres ve kayg\u0131lardan uzakla\u015fman\u0131z\u0131 sa\u011flar, zihinsel rahatlama sunar. Ayn\u0131 zamanda odaklanmay\u0131 art\u0131rarak \u00f6\u011frenciler ve \u00e7al\u0131\u015fanlar i\u00e7in m\u00fckemmel bir yard\u0131mc\u0131d\u0131r. Hem rahatlat\u0131c\u0131 hem de konsantrasyonu art\u0131r\u0131c\u0131 \u00f6zellikleri ile g\u00fcn\u00fcn\u00fcz\u00fc daha verimli hale getirir.E\u011flenceli ve Yarat\u0131c\u0131 OyunlarArkada\u015flar\u0131n\u0131zla d\u00f6n\u00fc\u015f s\u00fcrelerinizi kar\u015f\u0131la\u015ft\u0131rarak e\u011flenceli anlar ya\u015fayabilirsiniz. Spinner, farkl\u0131 oyunlarla yarat\u0131c\u0131l\u0131\u011f\u0131n\u0131z\u0131 geli\u015ftirebilece\u011finiz bir deneyim sunar.Kompakt ve Ta\u015f\u0131nabilir Tasar\u0131mK\u00fc\u00e7\u00fck boyutu sayesinde her yerde rahat\u00e7a ta\u015f\u0131yabilir ve istedi\u011finiz her an kullanabilirsiniz. Basit ve kolay kullan\u0131m \u00f6zellikleri ile her ya\u015ftan kullan\u0131c\u0131 i\u00e7in ideal bir e\u011flenceli ara\u00e7t\u0131r.<\/p>\n","protected":false},"excerpt":{"rendered":"<p>Modern ve \u015f\u0131k tasar\u0131m\u0131 ile her ortamda dikkatleri \u00fczerine \u00e7eken bu spinner, y\u00fcksek kaliteli malzemelerden \u00fcretilmi\u015ftir. Parlak renkleri ve \u00f6zg\u00fcn desenleri ile g\u00f6z al\u0131c\u0131 bir g\u00f6r\u00fcn\u00fcme sahiptir, ayn\u0131 zamanda dayan\u0131kl\u0131 ve uzun \u00f6m\u00fcrl\u00fcd\u00fcr.Entegre M\u00fczik Fonksiyonlar\u0131Bu spinner, entegre hoparl\u00f6r\u00fc sayesinde oyun oynarken veya dinlenirken m\u00fczik dinleme keyfi sunar. E\u011flenceli m\u00fczik modu ile her d\u00f6n\u00fc\u015fte enerjinizi art\u0131r\u0131r&#8230;<\/p>\n","protected":false},"featured_media":126840,"comment_status":"open","ping_status":"closed","template":"","meta":{"_kad_post_transparent":"","_kad_post_title":"","_kad_post_layout":"","_kad_post_sidebar_id":"","_kad_post_content_style":"","_kad_post_vertical_padding":"","_kad_post_feature":"","_kad_post_feature_position":"","_kad_post_header":false,"_kad_post_footer":false,"_kad_post_classname":""},"product_brand":[],"product_cat":[14957],"product_tag":[],"class_list":{"0":"post-126841","1":"product","2":"type-product","3":"status-publish","4":"has-post-thumbnail","6":"product_cat-kablosuz-kulaklik-kablosuz-kulaklik","8":"first","9":"instock","10":"purchasable","11":"product-type-simple","12":"entry","13":"content-bg","14":"loop-entry"},"_links":{"self":[{"href":"https:\/\/www.hediyepazar.com\/index.php?rest_route=\/wp\/v2\/product\/126841","targetHints":{"allow":["GET"]}}],"collection":[{"href":"https:\/\/www.hediyepazar.com\/index.php?rest_route=\/wp\/v2\/product"}],"about":[{"href":"https:\/\/www.hediyepazar.com\/index.php?rest_route=\/wp\/v2\/types\/product"}],"replies":[{"embeddable":true,"href":"https:\/\/www.hediyepazar.com\/index.php?rest_route=%2Fwp%2Fv2%2Fcomments&post=126841"}],"wp:featuredmedia":[{"embeddable":true,"href":"https:\/\/www.hediyepazar.com\/index.php?rest_route=\/wp\/v2\/media\/126840"}],"wp:attachment":[{"href":"https:\/\/www.hediyepazar.com\/index.php?rest_route=%2Fwp%2Fv2%2Fmedia&parent=126841"}],"wp:term":[{"taxonomy":"product_brand","embeddable":true,"href":"https:\/\/www.hediyepazar.com\/index.php?rest_route=%2Fwp%2Fv2%2Fproduct_brand&post=126841"},{"taxonomy":"product_cat","embeddable":true,"href":"https:\/\/www.hediyepazar.com\/index.php?rest_route=%2Fwp%2Fv2%2Fproduct_cat&post=126841"},{"taxonomy":"product_tag","embeddable":true,"href":"https:\/\/www.hediyepazar.com\/index.php?rest_route=%2Fwp%2Fv2%2Fproduct_tag&post=126841"}],"curies":[{"name":"wp","href":"https:\/\/api.w.org\/{rel}","templated":true}]}}