{"id":126847,"date":"2026-05-06T21:20:01","date_gmt":"2026-05-07T00:20:01","guid":{"rendered":"https:\/\/www.hediyepazar.com\/?product=yildiz-yansitmali-projeksiyon-gece-lambasi-sarjli-tasinabilir"},"modified":"2026-05-06T21:20:01","modified_gmt":"2026-05-07T00:20:01","slug":"yildiz-yansitmali-projeksiyon-gece-lambasi-sarjli-tasinabilir","status":"publish","type":"product","link":"https:\/\/www.hediyepazar.com\/?product=yildiz-yansitmali-projeksiyon-gece-lambasi-sarjli-tasinabilir","title":{"rendered":"Y\u0131ld\u0131z Yans\u0131tmal\u0131 Projeksiyon Gece Lambas\u0131 \u015earjl\u0131 Ta\u015f\u0131nabilir"},"content":{"rendered":"<p>5 saat boyunca kesintisiz m\u00fczik deneyimi sa\u011flayan bu hoparl\u00f6r, sevdi\u011finiz \u015fark\u0131larla g\u00fcn boyu sizi e\u015flik eder. Spor yaparken veya d\u0131\u015far\u0131da zaman ge\u00e7irirken rahatl\u0131kla m\u00fczik dinleyebilirsiniz.Suya ve Tere Dayan\u0131kl\u0131 Tasar\u0131mSuya ve tere kar\u015f\u0131 dayan\u0131kl\u0131 yap\u0131s\u0131, d\u0131\u015f mekan kullan\u0131m\u0131nda g\u00fcven verir. Egzersiz yaparken veya a\u00e7\u0131k hava etkinliklerinde m\u00fczik keyfini rahat\u00e7a \u00e7\u0131karabilirsiniz.\u00c7oklu Cihaz Ba\u011flant\u0131s\u0131Hoparl\u00f6r, birden fazla cihazla ayn\u0131 anda ba\u011flant\u0131 kurman\u0131za olanak tan\u0131r. M\u00fcziklerinizi arkada\u015flar\u0131n\u0131zla kolayca payla\u015farak daha keyifli anlar yaratabilirsiniz.Garantili G\u00fcvenli Kullan\u0131m ve 1 Y\u0131l Garanti S\u00fcresi\u0130thalat\u00e7\u0131 garantisi ile g\u00fcvenilir bir kullan\u0131m sa\u011flar. 1 y\u0131l garanti s\u00fcresi, uzun vadeli g\u00fcvenilirlik ve m\u00fc\u015fteri memnuniyetini vaat eder. Herhangi bir sorunla kar\u015f\u0131la\u015f\u0131rsan\u0131z profesyonel destek alabilirsiniz.Bu hoparl\u00f6r, dayan\u0131kl\u0131 yap\u0131s\u0131 ve m\u00fczik dinleme keyfiyle d\u0131\u015f mekan aktivitelerinde ve spor esnas\u0131nda m\u00fczikseverlerin vazge\u00e7ilmezi olacakt\u0131r.<\/p>\n","protected":false},"excerpt":{"rendered":"<p>5 saat boyunca kesintisiz m\u00fczik deneyimi sa\u011flayan bu hoparl\u00f6r, sevdi\u011finiz \u015fark\u0131larla g\u00fcn boyu sizi e\u015flik eder. Spor yaparken veya d\u0131\u015far\u0131da zaman ge\u00e7irirken rahatl\u0131kla m\u00fczik dinleyebilirsiniz.Suya ve Tere Dayan\u0131kl\u0131 Tasar\u0131mSuya ve tere kar\u015f\u0131 dayan\u0131kl\u0131 yap\u0131s\u0131, d\u0131\u015f mekan kullan\u0131m\u0131nda g\u00fcven verir. Egzersiz yaparken veya a\u00e7\u0131k hava etkinliklerinde m\u00fczik keyfini rahat\u00e7a \u00e7\u0131karabilirsiniz.\u00c7oklu Cihaz Ba\u011flant\u0131s\u0131Hoparl\u00f6r, birden fazla cihazla ayn\u0131&#8230;<\/p>\n","protected":false},"featured_media":126846,"comment_status":"open","ping_status":"closed","template":"","meta":{"_kad_post_transparent":"","_kad_post_title":"","_kad_post_layout":"","_kad_post_sidebar_id":"","_kad_post_content_style":"","_kad_post_vertical_padding":"","_kad_post_feature":"","_kad_post_feature_position":"","_kad_post_header":false,"_kad_post_footer":false,"_kad_post_classname":""},"product_brand":[],"product_cat":[14967],"product_tag":[],"class_list":{"0":"post-126847","1":"product","2":"type-product","3":"status-publish","4":"has-post-thumbnail","6":"product_cat-gece-lambasi-gece-lambasi","8":"first","9":"instock","10":"purchasable","11":"product-type-simple","12":"entry","13":"content-bg","14":"loop-entry"},"_links":{"self":[{"href":"https:\/\/www.hediyepazar.com\/index.php?rest_route=\/wp\/v2\/product\/126847","targetHints":{"allow":["GET"]}}],"collection":[{"href":"https:\/\/www.hediyepazar.com\/index.php?rest_route=\/wp\/v2\/product"}],"about":[{"href":"https:\/\/www.hediyepazar.com\/index.php?rest_route=\/wp\/v2\/types\/product"}],"replies":[{"embeddable":true,"href":"https:\/\/www.hediyepazar.com\/index.php?rest_route=%2Fwp%2Fv2%2Fcomments&post=126847"}],"wp:featuredmedia":[{"embeddable":true,"href":"https:\/\/www.hediyepazar.com\/index.php?rest_route=\/wp\/v2\/media\/126846"}],"wp:attachment":[{"href":"https:\/\/www.hediyepazar.com\/index.php?rest_route=%2Fwp%2Fv2%2Fmedia&parent=126847"}],"wp:term":[{"taxonomy":"product_brand","embeddable":true,"href":"https:\/\/www.hediyepazar.com\/index.php?rest_route=%2Fwp%2Fv2%2Fproduct_brand&post=126847"},{"taxonomy":"product_cat","embeddable":true,"href":"https:\/\/www.hediyepazar.com\/index.php?rest_route=%2Fwp%2Fv2%2Fproduct_cat&post=126847"},{"taxonomy":"product_tag","embeddable":true,"href":"https:\/\/www.hediyepazar.com\/index.php?rest_route=%2Fwp%2Fv2%2Fproduct_tag&post=126847"}],"curies":[{"name":"wp","href":"https:\/\/api.w.org\/{rel}","templated":true}]}}