{"id":126851,"date":"2026-05-06T21:20:14","date_gmt":"2026-05-07T00:20:14","guid":{"rendered":"https:\/\/www.hediyepazar.com\/?product=gece-lambasi-projeksiyon-gorunumlu-sarjli-yildizli-yuvarlak"},"modified":"2026-05-06T21:20:14","modified_gmt":"2026-05-07T00:20:14","slug":"gece-lambasi-projeksiyon-gorunumlu-sarjli-yildizli-yuvarlak","status":"publish","type":"product","link":"https:\/\/www.hediyepazar.com\/?product=gece-lambasi-projeksiyon-gorunumlu-sarjli-yildizli-yuvarlak","title":{"rendered":"Gece Lambas\u0131 Projeksiyon G\u00f6r\u00fcn\u00fcml\u00fc \u015earjl\u0131 Y\u0131ld\u0131zl\u0131 Yuvarlak"},"content":{"rendered":"<p>Bu hoparl\u00f6r, 5 saat kesintisiz m\u00fczik deneyimi sunarak sevdi\u011finiz melodilerle g\u00fcn boyu e\u015flik etmenizi sa\u011flar. Spor aktivitelerinizde veya d\u0131\u015f mekan kullan\u0131mlar\u0131n\u0131zda m\u00fczik keyfini kesintisiz bir \u015fekilde ya\u015fayabilirsiniz.Suya ve Tere Dayan\u0131kl\u0131 Tasar\u0131mSuya ve tere kar\u015f\u0131 dayan\u0131kl\u0131 yap\u0131s\u0131, d\u0131\u015f mekan kullan\u0131mlar\u0131 i\u00e7in m\u00fckemmel bir se\u00e7im olmas\u0131n\u0131 sa\u011flar. Ya\u011fmur alt\u0131nda veya terle temas eden ortamlarda rahat\u00e7a kullanabilirsiniz, hoparl\u00f6r\u00fcn\u00fcz her ko\u015fulda g\u00fcvenle \u00e7al\u0131\u015fmaya devam eder.\u00c7oklu Ba\u011flant\u0131 \u00d6zelli\u011fiBirden fazla cihaz\u0131 ayn\u0131 anda ba\u011flayabilece\u011finiz \u00e7oklu ba\u011flant\u0131 \u00f6zelli\u011fi ile m\u00fcziklerinizi arkada\u015flar\u0131n\u0131zla kolayca payla\u015fabilir ve birlikte e\u011flenceli bir ortam yaratabilirsiniz.\u0130thalat\u00e7\u0131 Garantisi ve 1 Y\u0131l Garanti S\u00fcresi\u0130thalat\u00e7\u0131 garantisi alt\u0131nda olan bu hoparl\u00f6r, g\u00fcvenilir kullan\u0131m ve sat\u0131\u015f sonras\u0131 destek sa\u011flar. 1 y\u0131l garanti s\u00fcresi, uzun vadeli g\u00fcvenilirlik ve m\u00fc\u015fteri memnuniyeti vaat eder. Herhangi bir sorunla kar\u015f\u0131la\u015ft\u0131\u011f\u0131n\u0131zda profesyonel destek alabilirsiniz.Bu hoparl\u00f6r, hem dayan\u0131kl\u0131 yap\u0131s\u0131 hem de m\u00fczik dinleme keyfi ile d\u0131\u015f mekan aktivitelerinde veya spor s\u0131ras\u0131nda vazge\u00e7ilmez bir yard\u0131mc\u0131 olacakt\u0131r.<\/p>\n","protected":false},"excerpt":{"rendered":"<p>Bu hoparl\u00f6r, 5 saat kesintisiz m\u00fczik deneyimi sunarak sevdi\u011finiz melodilerle g\u00fcn boyu e\u015flik etmenizi sa\u011flar. Spor aktivitelerinizde veya d\u0131\u015f mekan kullan\u0131mlar\u0131n\u0131zda m\u00fczik keyfini kesintisiz bir \u015fekilde ya\u015fayabilirsiniz.Suya ve Tere Dayan\u0131kl\u0131 Tasar\u0131mSuya ve tere kar\u015f\u0131 dayan\u0131kl\u0131 yap\u0131s\u0131, d\u0131\u015f mekan kullan\u0131mlar\u0131 i\u00e7in m\u00fckemmel bir se\u00e7im olmas\u0131n\u0131 sa\u011flar. Ya\u011fmur alt\u0131nda veya terle temas eden ortamlarda rahat\u00e7a kullanabilirsiniz, hoparl\u00f6r\u00fcn\u00fcz&#8230;<\/p>\n","protected":false},"featured_media":126850,"comment_status":"open","ping_status":"closed","template":"","meta":{"_kad_post_transparent":"","_kad_post_title":"","_kad_post_layout":"","_kad_post_sidebar_id":"","_kad_post_content_style":"","_kad_post_vertical_padding":"","_kad_post_feature":"","_kad_post_feature_position":"","_kad_post_header":false,"_kad_post_footer":false,"_kad_post_classname":""},"product_brand":[],"product_cat":[14967],"product_tag":[],"class_list":{"0":"post-126851","1":"product","2":"type-product","3":"status-publish","4":"has-post-thumbnail","6":"product_cat-gece-lambasi-gece-lambasi","8":"first","9":"instock","10":"purchasable","11":"product-type-simple","12":"entry","13":"content-bg","14":"loop-entry"},"_links":{"self":[{"href":"https:\/\/www.hediyepazar.com\/index.php?rest_route=\/wp\/v2\/product\/126851","targetHints":{"allow":["GET"]}}],"collection":[{"href":"https:\/\/www.hediyepazar.com\/index.php?rest_route=\/wp\/v2\/product"}],"about":[{"href":"https:\/\/www.hediyepazar.com\/index.php?rest_route=\/wp\/v2\/types\/product"}],"replies":[{"embeddable":true,"href":"https:\/\/www.hediyepazar.com\/index.php?rest_route=%2Fwp%2Fv2%2Fcomments&post=126851"}],"wp:featuredmedia":[{"embeddable":true,"href":"https:\/\/www.hediyepazar.com\/index.php?rest_route=\/wp\/v2\/media\/126850"}],"wp:attachment":[{"href":"https:\/\/www.hediyepazar.com\/index.php?rest_route=%2Fwp%2Fv2%2Fmedia&parent=126851"}],"wp:term":[{"taxonomy":"product_brand","embeddable":true,"href":"https:\/\/www.hediyepazar.com\/index.php?rest_route=%2Fwp%2Fv2%2Fproduct_brand&post=126851"},{"taxonomy":"product_cat","embeddable":true,"href":"https:\/\/www.hediyepazar.com\/index.php?rest_route=%2Fwp%2Fv2%2Fproduct_cat&post=126851"},{"taxonomy":"product_tag","embeddable":true,"href":"https:\/\/www.hediyepazar.com\/index.php?rest_route=%2Fwp%2Fv2%2Fproduct_tag&post=126851"}],"curies":[{"name":"wp","href":"https:\/\/api.w.org\/{rel}","templated":true}]}}