{"id":126854,"date":"2026-05-06T21:20:59","date_gmt":"2026-05-07T00:20:59","guid":{"rendered":"https:\/\/www.hediyepazar.com\/?product=cok-fonksiyonlu-sarjli-hava-ufleme-ve-vakum-makinesi"},"modified":"2026-05-06T21:20:59","modified_gmt":"2026-05-07T00:20:59","slug":"cok-fonksiyonlu-sarjli-hava-ufleme-ve-vakum-makinesi","status":"publish","type":"product","link":"https:\/\/www.hediyepazar.com\/?product=cok-fonksiyonlu-sarjli-hava-ufleme-ve-vakum-makinesi","title":{"rendered":"\u00c7ok Fonksiyonlu \u015earjl\u0131 Hava \u00dcfleme ve Vakum Makinesi"},"content":{"rendered":"<p>Temizlik art\u0131k \u00e7ok daha kolay!130000 RPM y\u00fcksek h\u0131zl\u0131 motoru ile bu hava \u00fcfleme ve vakum cihaz\u0131, hem g\u00fc\u00e7l\u00fc emi\u015f hem de etkili \u00fcfleme \u00f6zelli\u011fini bir araya getirir.Klavye, ara\u00e7 i\u00e7i, ofis masas\u0131 veya elektronik cihazlar aras\u0131nda kalan tozlar\u0131 saniyeler i\u00e7inde temizler.Type-C \u015farj \u00f6zelli\u011fi, h\u0131zl\u0131 \u015farj imk\u00e2n\u0131 sunarken kablosuz kullan\u0131m \u00f6zg\u00fcrl\u00fc\u011f\u00fc sa\u011flar.\u00dc\u00e7 kademeli h\u0131z ayar\u0131, kullan\u0131m alan\u0131na g\u00f6re g\u00fc\u00e7 seviyesini ayarlaman\u0131za olanak tan\u0131r.Dayan\u0131kl\u0131 ve ergonomik g\u00f6vdesi, uzun s\u00fcreli kullan\u0131mlarda bile konfor sunar.Kutudan \u00e7\u0131kan farkl\u0131 ba\u015fl\u0131klar sayesinde her y\u00fczeye uygun temizlik yapabilir, dar alanlara kolayca ula\u015fabilirsiniz.Ayr\u0131ca hava \u00fcfleme modu, s\u0131cak yaz g\u00fcnlerinde mini serinletici olarak kullan\u0131labilir.Hafif ve ta\u015f\u0131nabilir yap\u0131s\u0131yla ev, ofis veya ara\u00e7 i\u00e7in \u00e7ok y\u00f6nl\u00fc, g\u00fc\u00e7l\u00fc ve modern bir temizlik \u00e7\u00f6z\u00fcm\u00fcd\u00fcr.<\/p>\n","protected":false},"excerpt":{"rendered":"<p>Temizlik art\u0131k \u00e7ok daha kolay!130000 RPM y\u00fcksek h\u0131zl\u0131 motoru ile bu hava \u00fcfleme ve vakum cihaz\u0131, hem g\u00fc\u00e7l\u00fc emi\u015f hem de etkili \u00fcfleme \u00f6zelli\u011fini bir araya getirir.Klavye, ara\u00e7 i\u00e7i, ofis masas\u0131 veya elektronik cihazlar aras\u0131nda kalan tozlar\u0131 saniyeler i\u00e7inde temizler.Type-C \u015farj \u00f6zelli\u011fi, h\u0131zl\u0131 \u015farj imk\u00e2n\u0131 sunarken kablosuz kullan\u0131m \u00f6zg\u00fcrl\u00fc\u011f\u00fc sa\u011flar.\u00dc\u00e7 kademeli h\u0131z ayar\u0131, kullan\u0131m alan\u0131na&#8230;<\/p>\n","protected":false},"featured_media":126853,"comment_status":"open","ping_status":"closed","template":"","meta":{"_kad_post_transparent":"","_kad_post_title":"","_kad_post_layout":"","_kad_post_sidebar_id":"","_kad_post_content_style":"","_kad_post_vertical_padding":"","_kad_post_feature":"","_kad_post_feature_position":"","_kad_post_header":false,"_kad_post_footer":false,"_kad_post_classname":""},"product_brand":[],"product_cat":[15021],"product_tag":[],"class_list":{"0":"post-126854","1":"product","2":"type-product","3":"status-publish","4":"has-post-thumbnail","6":"product_cat-vantilator-vantilator","8":"first","9":"instock","10":"purchasable","11":"product-type-simple","12":"entry","13":"content-bg","14":"loop-entry"},"_links":{"self":[{"href":"https:\/\/www.hediyepazar.com\/index.php?rest_route=\/wp\/v2\/product\/126854","targetHints":{"allow":["GET"]}}],"collection":[{"href":"https:\/\/www.hediyepazar.com\/index.php?rest_route=\/wp\/v2\/product"}],"about":[{"href":"https:\/\/www.hediyepazar.com\/index.php?rest_route=\/wp\/v2\/types\/product"}],"replies":[{"embeddable":true,"href":"https:\/\/www.hediyepazar.com\/index.php?rest_route=%2Fwp%2Fv2%2Fcomments&post=126854"}],"wp:featuredmedia":[{"embeddable":true,"href":"https:\/\/www.hediyepazar.com\/index.php?rest_route=\/wp\/v2\/media\/126853"}],"wp:attachment":[{"href":"https:\/\/www.hediyepazar.com\/index.php?rest_route=%2Fwp%2Fv2%2Fmedia&parent=126854"}],"wp:term":[{"taxonomy":"product_brand","embeddable":true,"href":"https:\/\/www.hediyepazar.com\/index.php?rest_route=%2Fwp%2Fv2%2Fproduct_brand&post=126854"},{"taxonomy":"product_cat","embeddable":true,"href":"https:\/\/www.hediyepazar.com\/index.php?rest_route=%2Fwp%2Fv2%2Fproduct_cat&post=126854"},{"taxonomy":"product_tag","embeddable":true,"href":"https:\/\/www.hediyepazar.com\/index.php?rest_route=%2Fwp%2Fv2%2Fproduct_tag&post=126854"}],"curies":[{"name":"wp","href":"https:\/\/api.w.org\/{rel}","templated":true}]}}