{"id":126860,"date":"2026-05-06T21:21:15","date_gmt":"2026-05-07T00:21:15","guid":{"rendered":"https:\/\/www.hediyepazar.com\/?product=usb-tf-kart-ve-fm-radyolu-bluetooth-hoparlor-5w-2"},"modified":"2026-05-06T21:21:15","modified_gmt":"2026-05-07T00:21:15","slug":"usb-tf-kart-ve-fm-radyolu-bluetooth-hoparlor-5w-2","status":"publish","type":"product","link":"https:\/\/www.hediyepazar.com\/?product=usb-tf-kart-ve-fm-radyolu-bluetooth-hoparlor-5w-2","title":{"rendered":"USB TF Kart ve FM Radyolu Bluetooth Hoparl\u00f6r 5W"},"content":{"rendered":"<p>Kompakt tasar\u0131ma sahip bu Bluetooth hoparl\u00f6r, k\u00fc\u00e7\u00fck boyutlar\u0131na ra\u011fmen g\u00fc\u00e7l\u00fc ve dengeli bir ses performans\u0131 sunar. 5W \u00e7\u0131k\u0131\u015f g\u00fcc\u00fc ve 52 mm hoparl\u00f6r s\u00fcr\u00fcc\u00fcs\u00fc, m\u00fcziklerde netlik ve yeterli ses seviyesi sa\u011flayarak g\u00fcnl\u00fck kullan\u0131m i\u00e7in ideal bir deneyim olu\u015fturur.Bluetooth 5.1 ba\u011flant\u0131 teknolojisi sayesinde daha h\u0131zl\u0131 e\u015fle\u015fme ve daha stabil bir ba\u011flant\u0131 sunar. Yakla\u015f\u0131k 15 metreye kadar kablosuz kullan\u0131m mesafesi ile kesintisiz m\u00fczik keyfi ya\u015fat\u0131r. TWS (True Wireless Stereo) \u00f6zelli\u011fi sayesinde iki hoparl\u00f6r birbiriyle e\u015fle\u015ftirilebilir ve stereo ses deneyimi elde edilebilir.Cihaz; Bluetooth ba\u011flant\u0131s\u0131n\u0131n yan\u0131 s\u0131ra FM radyo, TF kart ve USB bellek deste\u011fi ile \u00e7oklu m\u00fczik oynatma se\u00e7enekleri sunar. FM radyo otomatik kanal arama ve haf\u0131za \u00f6zelli\u011fi sayesinde favori kanallar\u0131n\u0131z\u0131 kolayca kaydedip dinleyebilirsiniz.Dahili 800 mAh bataryas\u0131, yakla\u015f\u0131k 2 ila 5 saat aras\u0131 kesintisiz kullan\u0131m imk\u00e2n\u0131 sa\u011flar. K\u0131sa s\u00fcrede \u015farj edilebilen yap\u0131s\u0131 sayesinde g\u00fcnl\u00fck kullan\u0131mda pratik bir \u00e7\u00f6z\u00fcm sunar.ABS, kuma\u015f ve kau\u00e7uk kaplama malzemelerden \u00fcretilen g\u00f6vdesi, hem dayan\u0131kl\u0131l\u0131k hem de \u015f\u0131k bir g\u00f6r\u00fcn\u00fcm kazand\u0131r\u0131r. Hafif ve ta\u015f\u0131nabilir tasar\u0131m\u0131 sayesinde evde, ofiste, seyahatte veya a\u00e7\u0131k alanlarda rahatl\u0131kla kullan\u0131labilir.<\/p>\n","protected":false},"excerpt":{"rendered":"<p>Kompakt tasar\u0131ma sahip bu Bluetooth hoparl\u00f6r, k\u00fc\u00e7\u00fck boyutlar\u0131na ra\u011fmen g\u00fc\u00e7l\u00fc ve dengeli bir ses performans\u0131 sunar. 5W \u00e7\u0131k\u0131\u015f g\u00fcc\u00fc ve 52 mm hoparl\u00f6r s\u00fcr\u00fcc\u00fcs\u00fc, m\u00fcziklerde netlik ve yeterli ses seviyesi sa\u011flayarak g\u00fcnl\u00fck kullan\u0131m i\u00e7in ideal bir deneyim olu\u015fturur.Bluetooth 5.1 ba\u011flant\u0131 teknolojisi sayesinde daha h\u0131zl\u0131 e\u015fle\u015fme ve daha stabil bir ba\u011flant\u0131 sunar. Yakla\u015f\u0131k 15 metreye kadar&#8230;<\/p>\n","protected":false},"featured_media":126859,"comment_status":"open","ping_status":"closed","template":"","meta":{"_kad_post_transparent":"","_kad_post_title":"","_kad_post_layout":"","_kad_post_sidebar_id":"","_kad_post_content_style":"","_kad_post_vertical_padding":"","_kad_post_feature":"","_kad_post_feature_position":"","_kad_post_header":false,"_kad_post_footer":false,"_kad_post_classname":""},"product_brand":[],"product_cat":[14911],"product_tag":[],"class_list":{"0":"post-126860","1":"product","2":"type-product","3":"status-publish","4":"has-post-thumbnail","6":"product_cat-kablosuz-hoparlor-kablosuz-hoparlor","8":"first","9":"instock","10":"purchasable","11":"product-type-simple","12":"entry","13":"content-bg","14":"loop-entry"},"_links":{"self":[{"href":"https:\/\/www.hediyepazar.com\/index.php?rest_route=\/wp\/v2\/product\/126860","targetHints":{"allow":["GET"]}}],"collection":[{"href":"https:\/\/www.hediyepazar.com\/index.php?rest_route=\/wp\/v2\/product"}],"about":[{"href":"https:\/\/www.hediyepazar.com\/index.php?rest_route=\/wp\/v2\/types\/product"}],"replies":[{"embeddable":true,"href":"https:\/\/www.hediyepazar.com\/index.php?rest_route=%2Fwp%2Fv2%2Fcomments&post=126860"}],"wp:featuredmedia":[{"embeddable":true,"href":"https:\/\/www.hediyepazar.com\/index.php?rest_route=\/wp\/v2\/media\/126859"}],"wp:attachment":[{"href":"https:\/\/www.hediyepazar.com\/index.php?rest_route=%2Fwp%2Fv2%2Fmedia&parent=126860"}],"wp:term":[{"taxonomy":"product_brand","embeddable":true,"href":"https:\/\/www.hediyepazar.com\/index.php?rest_route=%2Fwp%2Fv2%2Fproduct_brand&post=126860"},{"taxonomy":"product_cat","embeddable":true,"href":"https:\/\/www.hediyepazar.com\/index.php?rest_route=%2Fwp%2Fv2%2Fproduct_cat&post=126860"},{"taxonomy":"product_tag","embeddable":true,"href":"https:\/\/www.hediyepazar.com\/index.php?rest_route=%2Fwp%2Fv2%2Fproduct_tag&post=126860"}],"curies":[{"name":"wp","href":"https:\/\/api.w.org\/{rel}","templated":true}]}}