{"id":126870,"date":"2026-05-06T21:22:16","date_gmt":"2026-05-07T00:22:16","guid":{"rendered":"https:\/\/www.hediyepazar.com\/?product=akilli-saat-nabiz-sensorlu-bildirim-gorebilen-spor-modlari-gps-takibi"},"modified":"2026-05-06T21:22:16","modified_gmt":"2026-05-07T00:22:16","slug":"akilli-saat-nabiz-sensorlu-bildirim-gorebilen-spor-modlari-gps-takibi","status":"publish","type":"product","link":"https:\/\/www.hediyepazar.com\/?product=akilli-saat-nabiz-sensorlu-bildirim-gorebilen-spor-modlari-gps-takibi","title":{"rendered":"Ak\u0131ll\u0131 Saat Nab\u0131z Sens\u00f6rl\u00fc Bildirim G\u00f6rebilen Spor Modlar\u0131 GPS Takibi"},"content":{"rendered":"<p>Modern ve ergonomik tasar\u0131m\u0131, cihaz\u0131n estetik ve rahat bir \u015fekilde kullan\u0131lmas\u0131n\u0131 sa\u011flar. \u0130ki farkl\u0131 renk se\u00e7ene\u011fi sunan kordon tasar\u0131m\u0131, ki\u015fisel tarz\u0131n\u0131z\u0131 tamamlayarak \u015f\u0131kl\u0131\u011f\u0131n\u0131z\u0131 vurgular. Bunun yan\u0131nda, titre\u015fimli bildirim \u00f6zelli\u011fi. Gelen bildirimler an\u0131nda bile\u011finize ula\u015f\u0131r ve Ad\u0131msayar fonksiyonu ile g\u00fcnl\u00fck aktivitelerinizi takip ederek daha aktif bir ya\u015fam tarz\u0131 i\u00e7in motive olabilirsiniz.<\/p>\n","protected":false},"excerpt":{"rendered":"<p>Modern ve ergonomik tasar\u0131m\u0131, cihaz\u0131n estetik ve rahat bir \u015fekilde kullan\u0131lmas\u0131n\u0131 sa\u011flar. \u0130ki farkl\u0131 renk se\u00e7ene\u011fi sunan kordon tasar\u0131m\u0131, ki\u015fisel tarz\u0131n\u0131z\u0131 tamamlayarak \u015f\u0131kl\u0131\u011f\u0131n\u0131z\u0131 vurgular. Bunun yan\u0131nda, titre\u015fimli bildirim \u00f6zelli\u011fi. Gelen bildirimler an\u0131nda bile\u011finize ula\u015f\u0131r ve Ad\u0131msayar fonksiyonu ile g\u00fcnl\u00fck aktivitelerinizi takip ederek daha aktif bir ya\u015fam tarz\u0131 i\u00e7in motive olabilirsiniz.<\/p>\n","protected":false},"featured_media":126869,"comment_status":"open","ping_status":"closed","template":"","meta":{"_kad_post_transparent":"","_kad_post_title":"","_kad_post_layout":"","_kad_post_sidebar_id":"","_kad_post_content_style":"","_kad_post_vertical_padding":"","_kad_post_feature":"","_kad_post_feature_position":"","_kad_post_header":false,"_kad_post_footer":false,"_kad_post_classname":""},"product_brand":[],"product_cat":[14935],"product_tag":[],"class_list":{"0":"post-126870","1":"product","2":"type-product","3":"status-publish","4":"has-post-thumbnail","6":"product_cat-akilli-saatler-akilli-saatler","8":"first","9":"instock","10":"purchasable","11":"product-type-simple","12":"entry","13":"content-bg","14":"loop-entry"},"_links":{"self":[{"href":"https:\/\/www.hediyepazar.com\/index.php?rest_route=\/wp\/v2\/product\/126870","targetHints":{"allow":["GET"]}}],"collection":[{"href":"https:\/\/www.hediyepazar.com\/index.php?rest_route=\/wp\/v2\/product"}],"about":[{"href":"https:\/\/www.hediyepazar.com\/index.php?rest_route=\/wp\/v2\/types\/product"}],"replies":[{"embeddable":true,"href":"https:\/\/www.hediyepazar.com\/index.php?rest_route=%2Fwp%2Fv2%2Fcomments&post=126870"}],"wp:featuredmedia":[{"embeddable":true,"href":"https:\/\/www.hediyepazar.com\/index.php?rest_route=\/wp\/v2\/media\/126869"}],"wp:attachment":[{"href":"https:\/\/www.hediyepazar.com\/index.php?rest_route=%2Fwp%2Fv2%2Fmedia&parent=126870"}],"wp:term":[{"taxonomy":"product_brand","embeddable":true,"href":"https:\/\/www.hediyepazar.com\/index.php?rest_route=%2Fwp%2Fv2%2Fproduct_brand&post=126870"},{"taxonomy":"product_cat","embeddable":true,"href":"https:\/\/www.hediyepazar.com\/index.php?rest_route=%2Fwp%2Fv2%2Fproduct_cat&post=126870"},{"taxonomy":"product_tag","embeddable":true,"href":"https:\/\/www.hediyepazar.com\/index.php?rest_route=%2Fwp%2Fv2%2Fproduct_tag&post=126870"}],"curies":[{"name":"wp","href":"https:\/\/api.w.org\/{rel}","templated":true}]}}