{"id":126874,"date":"2026-05-06T21:23:00","date_gmt":"2026-05-07T00:23:00","guid":{"rendered":"https:\/\/www.hediyepazar.com\/?product=ruzgar-gecirmez-elektronik-cakmak-modern-tasarim-metal-govde"},"modified":"2026-05-06T21:23:00","modified_gmt":"2026-05-07T00:23:00","slug":"ruzgar-gecirmez-elektronik-cakmak-modern-tasarim-metal-govde","status":"publish","type":"product","link":"https:\/\/www.hediyepazar.com\/?product=ruzgar-gecirmez-elektronik-cakmak-modern-tasarim-metal-govde","title":{"rendered":"R\u00fczgar Ge\u00e7irmez Elektronik \u00c7akmak \u2013 Modern Tasar\u0131m Metal G\u00f6vde"},"content":{"rendered":"<p>\u00e7akmak gibi \u015f\u0131k elektronik \u00e7akmaklar, teknolojiyi cebinize ta\u015f\u0131yor. Klasik alev yerine iyonize plazma ak\u0131m\u0131 \u00fcreten bu cihaz, geleneksel modellere g\u00f6re \u00e7ok daha g\u00fcvenli ve kullan\u0131\u015fl\u0131d\u0131r. \u00dcstelik \u00e7evreye gaz sal\u0131n\u0131m\u0131 yapmad\u0131\u011f\u0131 i\u00e7in do\u011faya sayg\u0131l\u0131d\u0131r.\u015earj edilebilir yap\u0131s\u0131 sayesinde kullan\u0131c\u0131y\u0131 \u00e7akmak gaz\u0131 veya \u00e7akmak ta\u015f\u0131 arama zahmetinden kurtar\u0131r. D\u0131\u015f y\u00fczeyinde parmak izi b\u0131rakmayan metal kaplama, cihaza estetik bir g\u00f6r\u00fcn\u00fcm kazand\u0131r\u0131r. \u00d6zellikle sigara i\u00e7enler, do\u011faseverler ve teknoloji merakl\u0131lar\u0131 i\u00e7in harika bir se\u00e7imdir.&nbsp;&nbsp;<\/p>\n","protected":false},"excerpt":{"rendered":"<p>\u00e7akmak gibi \u015f\u0131k elektronik \u00e7akmaklar, teknolojiyi cebinize ta\u015f\u0131yor. Klasik alev yerine iyonize plazma ak\u0131m\u0131 \u00fcreten bu cihaz, geleneksel modellere g\u00f6re \u00e7ok daha g\u00fcvenli ve kullan\u0131\u015fl\u0131d\u0131r. \u00dcstelik \u00e7evreye gaz sal\u0131n\u0131m\u0131 yapmad\u0131\u011f\u0131 i\u00e7in do\u011faya sayg\u0131l\u0131d\u0131r.\u015earj edilebilir yap\u0131s\u0131 sayesinde kullan\u0131c\u0131y\u0131 \u00e7akmak gaz\u0131 veya \u00e7akmak ta\u015f\u0131 arama zahmetinden kurtar\u0131r. D\u0131\u015f y\u00fczeyinde parmak izi b\u0131rakmayan metal kaplama, cihaza estetik bir&#8230;<\/p>\n","protected":false},"featured_media":126873,"comment_status":"open","ping_status":"closed","template":"","meta":{"_kad_post_transparent":"","_kad_post_title":"","_kad_post_layout":"","_kad_post_sidebar_id":"","_kad_post_content_style":"","_kad_post_vertical_padding":"","_kad_post_feature":"","_kad_post_feature_position":"","_kad_post_header":false,"_kad_post_footer":false,"_kad_post_classname":""},"product_brand":[],"product_cat":[15046],"product_tag":[],"class_list":{"0":"post-126874","1":"product","2":"type-product","3":"status-publish","4":"has-post-thumbnail","6":"product_cat-elektronik-cakmak-elektronik-cakmak","8":"first","9":"instock","10":"purchasable","11":"product-type-simple","12":"entry","13":"content-bg","14":"loop-entry"},"_links":{"self":[{"href":"https:\/\/www.hediyepazar.com\/index.php?rest_route=\/wp\/v2\/product\/126874","targetHints":{"allow":["GET"]}}],"collection":[{"href":"https:\/\/www.hediyepazar.com\/index.php?rest_route=\/wp\/v2\/product"}],"about":[{"href":"https:\/\/www.hediyepazar.com\/index.php?rest_route=\/wp\/v2\/types\/product"}],"replies":[{"embeddable":true,"href":"https:\/\/www.hediyepazar.com\/index.php?rest_route=%2Fwp%2Fv2%2Fcomments&post=126874"}],"wp:featuredmedia":[{"embeddable":true,"href":"https:\/\/www.hediyepazar.com\/index.php?rest_route=\/wp\/v2\/media\/126873"}],"wp:attachment":[{"href":"https:\/\/www.hediyepazar.com\/index.php?rest_route=%2Fwp%2Fv2%2Fmedia&parent=126874"}],"wp:term":[{"taxonomy":"product_brand","embeddable":true,"href":"https:\/\/www.hediyepazar.com\/index.php?rest_route=%2Fwp%2Fv2%2Fproduct_brand&post=126874"},{"taxonomy":"product_cat","embeddable":true,"href":"https:\/\/www.hediyepazar.com\/index.php?rest_route=%2Fwp%2Fv2%2Fproduct_cat&post=126874"},{"taxonomy":"product_tag","embeddable":true,"href":"https:\/\/www.hediyepazar.com\/index.php?rest_route=%2Fwp%2Fv2%2Fproduct_tag&post=126874"}],"curies":[{"name":"wp","href":"https:\/\/api.w.org\/{rel}","templated":true}]}}