{"id":126876,"date":"2026-05-06T21:23:05","date_gmt":"2026-05-07T00:23:05","guid":{"rendered":"https:\/\/www.hediyepazar.com\/?product=1800mah-pil-kapasiteli-boyun-masaj-aleti"},"modified":"2026-05-06T21:23:05","modified_gmt":"2026-05-07T00:23:05","slug":"1800mah-pil-kapasiteli-boyun-masaj-aleti","status":"publish","type":"product","link":"https:\/\/www.hediyepazar.com\/?product=1800mah-pil-kapasiteli-boyun-masaj-aleti","title":{"rendered":"1800mAh Pil Kapasiteli Boyun Masaj Aleti"},"content":{"rendered":"<p>Her g\u00fcn tekrar eden omuz ve boyun a\u011fr\u0131lar\u0131ndan \u015fikayet\u00e7iyseniz, tam arad\u0131\u011f\u0131n\u0131z \u00e7\u00f6z\u00fcm olabilir. Bu cihaz, insan eliyle yap\u0131lan masaj\u0131n etkisini biyonik yo\u011furma teknolojisiyle birebir ya\u015fat\u0131r.Geli\u015fmi\u015f \u0131s\u0131tmal\u0131 masaj fonksiyonu, masajla birlikte s\u0131cakl\u0131k da uygulayarak kaslar\u0131n\u0131z\u0131n gev\u015femesine yard\u0131mc\u0131 olur. \u00d6zellikle so\u011fuk g\u00fcnlerde ya da uzun s\u00fcre masa ba\u015f\u0131nda \u00e7al\u0131\u015ft\u0131ktan sonra m\u00fckemmel bir rahatlama sa\u011flar.\u00dc\u00e7 kademeli h\u0131z ayar\u0131 ve iki farkl\u0131 mod, her kullan\u0131c\u0131n\u0131n ihtiyac\u0131na g\u00f6re \u00f6zelle\u015ftirme sunar. Dilerseniz nazik bir g\u00fcnl\u00fck masaj, dilerseniz yo\u011fun kas gev\u015fetici bir seans tercih edebilirsiniz.F\u0131r\u00e7as\u0131z motor sayesinde uzun s\u00fcreli kullan\u0131mlarda bile \u0131s\u0131nma veya ses problemi ya\u015fanmaz. Sessiz \u00e7al\u0131\u015fma \u00f6zelli\u011fi, cihaz\u0131 gece bile rahat\u00e7a kullanman\u0131za olanak tan\u0131r.1800 mAh pil, uzun s\u00fcreli kullan\u0131m i\u00e7in yeterli g\u00fc\u00e7 sa\u011flar. Kablosuz \u00e7al\u0131\u015fma \u00f6zelli\u011fiyle evde, i\u015f yerinde veya ara\u00e7 i\u00e7inde konfor sunar.U tasar\u0131ml\u0131 ergonomik yap\u0131s\u0131, boyun ve omuz b\u00f6lgesini tam kavrayarak etkili bir masaj sunar. Ask\u0131l\u0131 yap\u0131s\u0131 sayesinde masaj s\u0131ras\u0131nda eller serbesttir.<\/p>\n","protected":false},"excerpt":{"rendered":"<p>Her g\u00fcn tekrar eden omuz ve boyun a\u011fr\u0131lar\u0131ndan \u015fikayet\u00e7iyseniz, tam arad\u0131\u011f\u0131n\u0131z \u00e7\u00f6z\u00fcm olabilir. Bu cihaz, insan eliyle yap\u0131lan masaj\u0131n etkisini biyonik yo\u011furma teknolojisiyle birebir ya\u015fat\u0131r.Geli\u015fmi\u015f \u0131s\u0131tmal\u0131 masaj fonksiyonu, masajla birlikte s\u0131cakl\u0131k da uygulayarak kaslar\u0131n\u0131z\u0131n gev\u015femesine yard\u0131mc\u0131 olur. \u00d6zellikle so\u011fuk g\u00fcnlerde ya da uzun s\u00fcre masa ba\u015f\u0131nda \u00e7al\u0131\u015ft\u0131ktan sonra m\u00fckemmel bir rahatlama sa\u011flar.\u00dc\u00e7 kademeli h\u0131z ayar\u0131&#8230;<\/p>\n","protected":false},"featured_media":126875,"comment_status":"open","ping_status":"closed","template":"","meta":{"_kad_post_transparent":"","_kad_post_title":"","_kad_post_layout":"","_kad_post_sidebar_id":"","_kad_post_content_style":"","_kad_post_vertical_padding":"","_kad_post_feature":"","_kad_post_feature_position":"","_kad_post_header":false,"_kad_post_footer":false,"_kad_post_classname":""},"product_brand":[],"product_cat":[14939],"product_tag":[],"class_list":{"0":"post-126876","1":"product","2":"type-product","3":"status-publish","4":"has-post-thumbnail","6":"product_cat-masaj-cihazi-masaj-cihazi","8":"first","9":"instock","10":"purchasable","11":"product-type-simple","12":"entry","13":"content-bg","14":"loop-entry"},"_links":{"self":[{"href":"https:\/\/www.hediyepazar.com\/index.php?rest_route=\/wp\/v2\/product\/126876","targetHints":{"allow":["GET"]}}],"collection":[{"href":"https:\/\/www.hediyepazar.com\/index.php?rest_route=\/wp\/v2\/product"}],"about":[{"href":"https:\/\/www.hediyepazar.com\/index.php?rest_route=\/wp\/v2\/types\/product"}],"replies":[{"embeddable":true,"href":"https:\/\/www.hediyepazar.com\/index.php?rest_route=%2Fwp%2Fv2%2Fcomments&post=126876"}],"wp:featuredmedia":[{"embeddable":true,"href":"https:\/\/www.hediyepazar.com\/index.php?rest_route=\/wp\/v2\/media\/126875"}],"wp:attachment":[{"href":"https:\/\/www.hediyepazar.com\/index.php?rest_route=%2Fwp%2Fv2%2Fmedia&parent=126876"}],"wp:term":[{"taxonomy":"product_brand","embeddable":true,"href":"https:\/\/www.hediyepazar.com\/index.php?rest_route=%2Fwp%2Fv2%2Fproduct_brand&post=126876"},{"taxonomy":"product_cat","embeddable":true,"href":"https:\/\/www.hediyepazar.com\/index.php?rest_route=%2Fwp%2Fv2%2Fproduct_cat&post=126876"},{"taxonomy":"product_tag","embeddable":true,"href":"https:\/\/www.hediyepazar.com\/index.php?rest_route=%2Fwp%2Fv2%2Fproduct_tag&post=126876"}],"curies":[{"name":"wp","href":"https:\/\/api.w.org\/{rel}","templated":true}]}}