{"id":126898,"date":"2026-05-06T21:26:11","date_gmt":"2026-05-07T00:26:11","guid":{"rendered":"https:\/\/www.hediyepazar.com\/?product=sesli-arama-ozellikli-sim-kartli-siyah-akilli-saat"},"modified":"2026-05-06T21:26:11","modified_gmt":"2026-05-07T00:26:11","slug":"sesli-arama-ozellikli-sim-kartli-siyah-akilli-saat","status":"publish","type":"product","link":"https:\/\/www.hediyepazar.com\/?product=sesli-arama-ozellikli-sim-kartli-siyah-akilli-saat","title":{"rendered":"Sesli Arama \u00d6zellikli SIM Kartl\u0131 Siyah Ak\u0131ll\u0131 Saat"},"content":{"rendered":"<p>Bu sesli g\u00f6r\u00fc\u015fmeli SIM kartl\u0131 ak\u0131ll\u0131 saat, telefon ba\u011f\u0131ms\u0131z kullan\u0131m avantaj\u0131 sunar. Arama yapma, \u00e7a\u011fr\u0131 yan\u0131tlama ve titre\u015fimli bildirim \u00f6zellikleriyle ileti\u015fimi kolayla\u015ft\u0131r\u0131r.Nab\u0131z \u00f6l\u00e7\u00fcm\u00fc, uyku takibi ve ad\u0131msayar gibi sa\u011fl\u0131k \u00f6zellikleri, g\u00fcnl\u00fck ya\u015fam\u0131n\u0131z\u0131 daha bilin\u00e7li y\u00f6netmenize yard\u0131mc\u0131 olur. Siyah kasa ve deri kordonu, modern ve \u015f\u0131k bir g\u00f6r\u00fcn\u00fcm sunar.GPS deste\u011fi ve suya dayan\u0131kl\u0131 yap\u0131s\u0131 sayesinde d\u0131\u015f mek\u00e2n aktivitelerinde g\u00fcvenle kullan\u0131labilir. G\u00fc\u00e7l\u00fc bataryas\u0131 uzun s\u00fcreli kullan\u0131m sa\u011flar.<\/p>\n","protected":false},"excerpt":{"rendered":"<p>Bu sesli g\u00f6r\u00fc\u015fmeli SIM kartl\u0131 ak\u0131ll\u0131 saat, telefon ba\u011f\u0131ms\u0131z kullan\u0131m avantaj\u0131 sunar. Arama yapma, \u00e7a\u011fr\u0131 yan\u0131tlama ve titre\u015fimli bildirim \u00f6zellikleriyle ileti\u015fimi kolayla\u015ft\u0131r\u0131r.Nab\u0131z \u00f6l\u00e7\u00fcm\u00fc, uyku takibi ve ad\u0131msayar gibi sa\u011fl\u0131k \u00f6zellikleri, g\u00fcnl\u00fck ya\u015fam\u0131n\u0131z\u0131 daha bilin\u00e7li y\u00f6netmenize yard\u0131mc\u0131 olur. Siyah kasa ve deri kordonu, modern ve \u015f\u0131k bir g\u00f6r\u00fcn\u00fcm sunar.GPS deste\u011fi ve suya dayan\u0131kl\u0131 yap\u0131s\u0131 sayesinde d\u0131\u015f&#8230;<\/p>\n","protected":false},"featured_media":126897,"comment_status":"open","ping_status":"closed","template":"","meta":{"_kad_post_transparent":"","_kad_post_title":"","_kad_post_layout":"","_kad_post_sidebar_id":"","_kad_post_content_style":"","_kad_post_vertical_padding":"","_kad_post_feature":"","_kad_post_feature_position":"","_kad_post_header":false,"_kad_post_footer":false,"_kad_post_classname":""},"product_brand":[],"product_cat":[14935],"product_tag":[],"class_list":{"0":"post-126898","1":"product","2":"type-product","3":"status-publish","4":"has-post-thumbnail","6":"product_cat-akilli-saatler-akilli-saatler","8":"first","9":"instock","10":"purchasable","11":"product-type-simple","12":"entry","13":"content-bg","14":"loop-entry"},"_links":{"self":[{"href":"https:\/\/www.hediyepazar.com\/index.php?rest_route=\/wp\/v2\/product\/126898","targetHints":{"allow":["GET"]}}],"collection":[{"href":"https:\/\/www.hediyepazar.com\/index.php?rest_route=\/wp\/v2\/product"}],"about":[{"href":"https:\/\/www.hediyepazar.com\/index.php?rest_route=\/wp\/v2\/types\/product"}],"replies":[{"embeddable":true,"href":"https:\/\/www.hediyepazar.com\/index.php?rest_route=%2Fwp%2Fv2%2Fcomments&post=126898"}],"wp:featuredmedia":[{"embeddable":true,"href":"https:\/\/www.hediyepazar.com\/index.php?rest_route=\/wp\/v2\/media\/126897"}],"wp:attachment":[{"href":"https:\/\/www.hediyepazar.com\/index.php?rest_route=%2Fwp%2Fv2%2Fmedia&parent=126898"}],"wp:term":[{"taxonomy":"product_brand","embeddable":true,"href":"https:\/\/www.hediyepazar.com\/index.php?rest_route=%2Fwp%2Fv2%2Fproduct_brand&post=126898"},{"taxonomy":"product_cat","embeddable":true,"href":"https:\/\/www.hediyepazar.com\/index.php?rest_route=%2Fwp%2Fv2%2Fproduct_cat&post=126898"},{"taxonomy":"product_tag","embeddable":true,"href":"https:\/\/www.hediyepazar.com\/index.php?rest_route=%2Fwp%2Fv2%2Fproduct_tag&post=126898"}],"curies":[{"name":"wp","href":"https:\/\/api.w.org\/{rel}","templated":true}]}}