{"id":126928,"date":"2026-05-06T21:29:18","date_gmt":"2026-05-07T00:29:18","guid":{"rendered":"https:\/\/www.hediyepazar.com\/?product=ergonomik-tasarimli-el-blenderi-paslanmaz-celik-metal-blender-ayagi"},"modified":"2026-05-06T21:29:18","modified_gmt":"2026-05-07T00:29:18","slug":"ergonomik-tasarimli-el-blenderi-paslanmaz-celik-metal-blender-ayagi","status":"publish","type":"product","link":"https:\/\/www.hediyepazar.com\/?product=ergonomik-tasarimli-el-blenderi-paslanmaz-celik-metal-blender-ayagi","title":{"rendered":"Ergonomik Tasar\u0131ml\u0131 El Blender\u0131 Paslanmaz \u00c7elik Metal Blender Aya\u011f\u0131"},"content":{"rendered":"<p>El blender\u0131, mutfakta kar\u0131\u015ft\u0131rma ve p\u00fcre haz\u0131rlama i\u015flemlerini kolayla\u015ft\u0131ran pratik bir mutfak cihaz\u0131d\u0131r.Paslanmaz \u00e7elik metal blender aya\u011f\u0131 dayan\u0131kl\u0131 ve g\u00fc\u00e7l\u00fc bir kullan\u0131m sunar.Ergonomik tasar\u0131m sayesinde blender elde rahat \u015fekilde tutulabilir.Emniyet sistemi g\u00fcvenli kullan\u0131m sa\u011flar.Asma halkas\u0131 sayesinde mutfakta yer tasarrufu sa\u011flayabilirsiniz.<\/p>\n","protected":false},"excerpt":{"rendered":"<p>El blender\u0131, mutfakta kar\u0131\u015ft\u0131rma ve p\u00fcre haz\u0131rlama i\u015flemlerini kolayla\u015ft\u0131ran pratik bir mutfak cihaz\u0131d\u0131r.Paslanmaz \u00e7elik metal blender aya\u011f\u0131 dayan\u0131kl\u0131 ve g\u00fc\u00e7l\u00fc bir kullan\u0131m sunar.Ergonomik tasar\u0131m sayesinde blender elde rahat \u015fekilde tutulabilir.Emniyet sistemi g\u00fcvenli kullan\u0131m sa\u011flar.Asma halkas\u0131 sayesinde mutfakta yer tasarrufu sa\u011flayabilirsiniz.<\/p>\n","protected":false},"featured_media":126927,"comment_status":"open","ping_status":"closed","template":"","meta":{"_kad_post_transparent":"","_kad_post_title":"","_kad_post_layout":"","_kad_post_sidebar_id":"","_kad_post_content_style":"","_kad_post_vertical_padding":"","_kad_post_feature":"","_kad_post_feature_position":"","_kad_post_header":false,"_kad_post_footer":false,"_kad_post_classname":""},"product_brand":[],"product_cat":[14959],"product_tag":[],"class_list":{"0":"post-126928","1":"product","2":"type-product","3":"status-publish","4":"has-post-thumbnail","6":"product_cat-blender-blender","8":"first","9":"instock","10":"purchasable","11":"product-type-simple","12":"entry","13":"content-bg","14":"loop-entry"},"_links":{"self":[{"href":"https:\/\/www.hediyepazar.com\/index.php?rest_route=\/wp\/v2\/product\/126928","targetHints":{"allow":["GET"]}}],"collection":[{"href":"https:\/\/www.hediyepazar.com\/index.php?rest_route=\/wp\/v2\/product"}],"about":[{"href":"https:\/\/www.hediyepazar.com\/index.php?rest_route=\/wp\/v2\/types\/product"}],"replies":[{"embeddable":true,"href":"https:\/\/www.hediyepazar.com\/index.php?rest_route=%2Fwp%2Fv2%2Fcomments&post=126928"}],"wp:featuredmedia":[{"embeddable":true,"href":"https:\/\/www.hediyepazar.com\/index.php?rest_route=\/wp\/v2\/media\/126927"}],"wp:attachment":[{"href":"https:\/\/www.hediyepazar.com\/index.php?rest_route=%2Fwp%2Fv2%2Fmedia&parent=126928"}],"wp:term":[{"taxonomy":"product_brand","embeddable":true,"href":"https:\/\/www.hediyepazar.com\/index.php?rest_route=%2Fwp%2Fv2%2Fproduct_brand&post=126928"},{"taxonomy":"product_cat","embeddable":true,"href":"https:\/\/www.hediyepazar.com\/index.php?rest_route=%2Fwp%2Fv2%2Fproduct_cat&post=126928"},{"taxonomy":"product_tag","embeddable":true,"href":"https:\/\/www.hediyepazar.com\/index.php?rest_route=%2Fwp%2Fv2%2Fproduct_tag&post=126928"}],"curies":[{"name":"wp","href":"https:\/\/api.w.org\/{rel}","templated":true}]}}